{"id":8959,"date":"2019-12-12T09:11:00","date_gmt":"2019-12-12T09:11:00","guid":{"rendered":"http:\/\/thermacote.eu\/juridiska-omnamnanden\/"},"modified":"2023-10-17T09:14:03","modified_gmt":"2023-10-17T09:14:03","slug":"juridiska-omnamnanden","status":"publish","type":"page","link":"https:\/\/thermacote.eu\/sv\/juridiska-omnamnanden\/","title":{"rendered":"Juridiska omn\u00e4mnanden"},"content":{"rendered":"\t\t<div data-elementor-type=\"wp-page\" data-elementor-id=\"8959\" class=\"elementor elementor-8959 elementor-100\" data-elementor-settings=\"[]\">\n\t\t\t\t\t\t<div class=\"elementor-inner\">\n\t\t\t\t\t\t\t<div class=\"elementor-section-wrap\">\n\t\t\t\t\t\t\t<section class=\"elementor-section elementor-top-section elementor-element elementor-element-594264c2 elementor-section-height-min-height elementor-section-boxed elementor-section-height-default elementor-section-items-middle\" data-id=\"594264c2\" data-element_type=\"section\" data-settings=\"{&quot;background_background&quot;:&quot;classic&quot;,&quot;shape_divider_bottom&quot;:&quot;tilt&quot;}\">\n\t\t\t\t\t\t\t<div class=\"elementor-background-overlay\"><\/div>\n\t\t\t\t\t\t<div class=\"elementor-shape elementor-shape-bottom\" data-negative=\"false\">\n\t\t\t<svg xmlns=\"http:\/\/www.w3.org\/2000\/svg\" viewBox=\"0 0 1000 100\" preserveAspectRatio=\"none\">\n\t<path class=\"elementor-shape-fill\" d=\"M0,6V0h1000v100L0,6z\"\/>\n<\/svg>\t\t<\/div>\n\t\t\t\t\t<div class=\"elementor-container elementor-column-gap-default\">\n\t\t\t\t\t\t\t<div class=\"elementor-row\">\n\t\t\t\t\t<div class=\"elementor-column elementor-col-100 elementor-top-column elementor-element elementor-element-5f700e0d\" data-id=\"5f700e0d\" data-element_type=\"column\">\n\t\t\t<div class=\"elementor-column-wrap elementor-element-populated\">\n\t\t\t\t\t\t\t<div class=\"elementor-widget-wrap\">\n\t\t\t\t\t\t<div class=\"elementor-element elementor-element-56b32b13 animated-fast elementor-invisible elementor-widget elementor-widget-heading\" data-id=\"56b32b13\" data-element_type=\"widget\" data-settings=\"{&quot;_animation&quot;:&quot;fadeInUp&quot;}\" data-widget_type=\"heading.default\">\n\t\t\t\t<div class=\"elementor-widget-container\">\n\t\t\t<h1 class=\"elementor-heading-title elementor-size-default\">Juridiska omn\u00e4mnanden<\/h1>\t\t<\/div>\n\t\t\t\t<\/div>\n\t\t\t\t\t\t<\/div>\n\t\t\t\t\t<\/div>\n\t\t<\/div>\n\t\t\t\t\t\t\t\t<\/div>\n\t\t\t\t\t<\/div>\n\t\t<\/section>\n\t\t\t\t<section class=\"elementor-section elementor-top-section elementor-element elementor-element-50f0e1ce elementor-section-boxed elementor-section-height-default elementor-section-height-default\" data-id=\"50f0e1ce\" data-element_type=\"section\" data-settings=\"{&quot;background_background&quot;:&quot;classic&quot;,&quot;shape_divider_bottom&quot;:&quot;tilt&quot;}\">\n\t\t\t\t\t<div class=\"elementor-shape elementor-shape-bottom\" data-negative=\"false\">\n\t\t\t<svg xmlns=\"http:\/\/www.w3.org\/2000\/svg\" viewBox=\"0 0 1000 100\" preserveAspectRatio=\"none\">\n\t<path class=\"elementor-shape-fill\" d=\"M0,6V0h1000v100L0,6z\"\/>\n<\/svg>\t\t<\/div>\n\t\t\t\t\t<div class=\"elementor-container elementor-column-gap-default\">\n\t\t\t\t\t\t\t<div class=\"elementor-row\">\n\t\t\t\t\t<div class=\"elementor-column elementor-col-100 elementor-top-column elementor-element elementor-element-1ac8faa4\" data-id=\"1ac8faa4\" data-element_type=\"column\">\n\t\t\t<div class=\"elementor-column-wrap elementor-element-populated\">\n\t\t\t\t\t\t\t<div class=\"elementor-widget-wrap\">\n\t\t\t\t\t\t<section class=\"elementor-section elementor-inner-section elementor-element elementor-element-6de57516 animated-fast elementor-section-boxed elementor-section-height-default elementor-section-height-default elementor-invisible\" data-id=\"6de57516\" data-element_type=\"section\" data-settings=\"{&quot;background_background&quot;:&quot;classic&quot;,&quot;animation&quot;:&quot;fadeInUp&quot;}\">\n\t\t\t\t\t\t<div class=\"elementor-container elementor-column-gap-default\">\n\t\t\t\t\t\t\t<div class=\"elementor-row\">\n\t\t\t\t\t<div class=\"elementor-column elementor-col-100 elementor-inner-column elementor-element elementor-element-4410e7f9\" data-id=\"4410e7f9\" data-element_type=\"column\">\n\t\t\t<div class=\"elementor-column-wrap elementor-element-populated\">\n\t\t\t\t\t\t\t<div class=\"elementor-widget-wrap\">\n\t\t\t\t\t\t<div class=\"elementor-element elementor-element-222db01b elementor-widget elementor-widget-text-editor\" data-id=\"222db01b\" data-element_type=\"widget\" data-widget_type=\"text-editor.default\">\n\t\t\t\t<div class=\"elementor-widget-container\">\n\t\t\t\t\t<div class=\"elementor-text-editor elementor-clearfix\"><article><h2>ThermaCote Frankrike<\/h2><p>La Soci\u00e9t\u00e9 ThermaCote Frankrike est une SAS au Capital de 10 000 \u20ac<\/p><p>RCS Vannes: 78919817300021\/N \u00b0 TVA: FR04789198173<\/p><p>Si\u00e8ge social: 6Bis All\u00e9e du Dolmen \u2013 56000 VANNES \u2013 Frankrike<\/p><p>Kontakt: T\u00e9l: 01 60 86 48 70\/contact@thermacote.eu<\/p><p>Responsabilit\u00e9 \u00e9ditoriale du plats: Pierre ELIN<\/p><\/article><article><h2>H\u00e9bergement OVH<\/h2><p>Le site peinture-isolante.eu Est h\u00e9berg\u00e9 par la Soci\u00e9t\u00e9 OVH:<\/p><p>La Soci\u00e9t\u00e9 OVH est une SAS au Capital de 10 000 000 \u20ac<\/p><p>RCS Roubaix \u2013 Tourcoing 424 761 419 00045<\/p><p>Kod APE 6202A<\/p><p>N \u00b0 TVA: FR 22 424 761 419<\/p><p>Si\u00e8ge social: 2 Rue Kellermann \u2013 59100 Roubaix \u2013 Frankrike.<\/p><\/article><article><h2>Propri\u00e9t\u00e9 intellektuelle<\/h2><p>La Structure g\u00e9n\u00e9rale du site www.thermacote.eu, Ainsi que Les Textes, graphiques, images, Sons et vid\u00e9os La composant, sont la propri\u00e9t\u00e9 de L&#8217; \u00e9diteur ou de ses partenaires.<\/p><p>Toute repr\u00e9sentation et\/ou reproduktion et\/ou exploatering partielle ou totale des contenus et tj\u00e4nster propos\u00e9s par Le site www.thermacote.eu, par quelque Proc\u00e9d\u00e9 que CE soit, sans L&#8217; autorisation pr\u00e9alable et par \u00e9crit de THERMACOTE France et\/ou de ses partenaires Est strictement interdite et serait mottagliga de constituer Une contrefason au Sens des de artik L 335-2 et suivants du Code de la propri\u00e9t\u00e9 intellektuelle.<\/p><p>La Marque \u00abThermaCote\u00ae\u00bb, est une Marques d\u00e9pos\u00e9e par THERMACOTE Inc. et son Partenaire THERMACOTE Frankrike.<\/p><p>Toute repr\u00e9sentation et\/ou reproduktion et\/ou exploatering partielle ou totale de CES Marques, de quelque Nature que CE soit, Est totalement prohib\u00e9e.<\/p><\/article><article><h2>Les cookies<\/h2><p>CE site Internet anv\u00e4nder des cookies.<\/p><p>Les cookies du site Ne contiennent Pas de donn\u00e9es permettant de vous identifierare personnellement.<\/p><p>Nous vous informons que vous pouvez vous motst\u00e5ndare \u00e0 l&#8217;enregistrement de CES \u00abcookies\u00bb en utilisant Une alternativ de konfiguration de votre navigateur.<\/p><\/article><article><h2>Liens vers d&#8217; Autre platser<\/h2><p>Le site www.thermacote.EU Est mottagliga de contenir des pantr\u00e4tter vers d&#8217;autres webbplatser Web, notamment Les Sites des partenaires de thermacote Frankrike. La mise en Place de CES pantr\u00e4tter en fait L&#8217; Objet d&#8217;une namn pr\u00e9alable et expresse. L&#8217; existens de CES pantr\u00e4tter N&#8217; implique Aucun Contr\u00f4le ni aucune godk\u00e4nnande par thermacote Frankrike de Leur contenu.<\/p><p>En cons\u00e9quence, THERMACOTE Frankrike Ne pourra en Aucun CAS \u00eatre tenue ansvarig du contenu des Sites, auxquels Les utilisateurs de www.thermacote.eu auraient acc\u00e8s, par Le Biais de CES Liens. Toute Cr\u00e9ation de lien vers Le site www.thermacote.eu Est soumise \u00e0 L&#8217; autorisation pr\u00e9alable et expresse de THERMACOTE Frankrike.<\/p><p>Cette namn pourra \u00e0 tout moment \u00eatre retir\u00e9e par thermacote Frankrike, sans que Cette Derni\u00e8re Page AIT \u00e0 justifier sa D\u00e9cision de Retrait.<\/p><\/article><article><h2>Fonctionnement du site<\/h2><p>Le site Internet de la Soci\u00e9t\u00e9 THERMACOTE Frankrike Est normalement tillg\u00e4nglig 24h\/24h et 7 jours\/7. En CAS de force majeure, de sv\u00e5righeter informatiques, de sv\u00e5rt\u00e9s li\u00e9es \u00e0 la struktur des R\u00e9seaux de t\u00e9l\u00e9communications ou sv\u00e5righeter tekniker, pour des imp\u00e9rieuses de Maintenance, sans que Cette Liste Ne soit utt\u00f6mmande, l&#8217;acc\u00e8s \u00e0 tout ou partie du site pourra \u00eatre Suspendu ou supprim\u00e9 sur Simple D\u00e9cision de la Soci\u00e9t\u00e9 THERMACOTE Frankrike.<\/p><p>Pour des imp\u00e9rieuses de Maintenance, et\/ou pour toute Autre D\u00e9cision de la Soci\u00e9t\u00e9 thermacote France, l&#8217;acc\u00e8s au site Internet pourra \u00eatre interrompu. Le site Internet Est mottagliga de modifiering et d&#8217; \u00e9volutions Sans anm\u00e4lan d&#8217; aucune Sorte.<\/p><p>L&#8217; utilisateur reconna\u00eet avfallskvarn de La comp\u00e9tens et des moyens n\u00e9cessaires pour acc\u00e9der et utiliser Le Site de thermacote Frankrike. Il reconna\u00eet avoir v\u00e9rifi\u00e9 que la konfiguration Informatique qu &#8217; Il utnyttja Ne kontinenten Aucun virus et qu &#8217; Elle Est en parfait \u00c9tat de fonctionnement.<\/p><p>En Aucun CAS, la Soci\u00e9t\u00e9 thermacote France Ne sera tenue ansvarig des dommages leder, indirigerar ou sp\u00e9ciaux, r\u00e9sultant de L&#8217; utnyttjandedu site www.thermacote.EU ou d&#8217;autres platser Qui Lui sont Li\u00e9s et, notamment, de tout Sans financier, Commercial, Perte de program ou de donn\u00e9es Dans Le Syst\u00e8me D&#8217;information de L&#8217; utilisateur.<\/p><p>THERMACOTE Frankrike vous remercie de Lui faire del d&#8217; \u00e9ventuelles requ\u00eates, utel\u00e4mnanden, erreurs, OU r\u00e4ttelser en adressant un mail au webmaster du webbplats Internet \u00e0 L&#8217;Adresse suivante contact@thermacote.eu<\/p><\/article><\/div>\n\t\t\t\t<\/div>\n\t\t\t\t<\/div>\n\t\t\t\t\t\t<\/div>\n\t\t\t\t\t<\/div>\n\t\t<\/div>\n\t\t\t\t\t\t\t\t<\/div>\n\t\t\t\t\t<\/div>\n\t\t<\/section>\n\t\t\t\t\t\t<\/div>\n\t\t\t\t\t<\/div>\n\t\t<\/div>\n\t\t\t\t\t\t\t\t<\/div>\n\t\t\t\t\t<\/div>\n\t\t<\/section>\n\t\t\t\t\t\t<\/div>\n\t\t\t\t\t\t<\/div>\n\t\t\t\t\t<\/div>\n\t\t","protected":false},"excerpt":{"rendered":"<p>Juridiska omn\u00e4mnanden ThermaCote Frankrike La Soci\u00e9t\u00e9 ThermaCote Frankrike est une SAS au Capital de 10 000 \u20ac RCS Vannes: 78919817300021\/N \u00b0 TVA: FR04789198173 Si\u00e8ge social: 6Bis All\u00e9e du Dolmen \u2013 56000 VANNES \u2013 Frankrike Kontakt: T\u00e9l: 01 60 86 48 70\/contact@thermacote.eu Responsabilit\u00e9 \u00e9ditoriale du plats: Pierre ELIN H\u00e9bergement OVH Le site peinture-isolante.eu Est h\u00e9berg\u00e9 par [&hellip;]<\/p>\n","protected":false},"author":1,"featured_media":0,"parent":0,"menu_order":0,"comment_status":"closed","ping_status":"closed","template":"","meta":[],"yoast_head":"<!-- This site is optimized with the Yoast SEO plugin v15.9.1 - https:\/\/yoast.com\/wordpress\/plugins\/seo\/ -->\n<title>Juridiska omn\u00e4mnanden | ThermaCote Europe<\/title>\n<link rel=\"canonical\" href=\"https:\/\/thermacote.eu\/sv\/juridiska-omnamnanden\/\" \/>\n<meta property=\"og:locale\" content=\"sv_SE\" \/>\n<meta property=\"og:type\" content=\"article\" \/>\n<meta property=\"og:title\" content=\"Juridiska omn\u00e4mnanden | ThermaCote Europe\" \/>\n<meta property=\"og:description\" content=\"Juridiska omn\u00e4mnanden ThermaCote Frankrike La Soci\u00e9t\u00e9 ThermaCote Frankrike est une SAS au Capital de 10 000 \u20ac RCS Vannes: 78919817300021\/N \u00b0 TVA: FR04789198173 Si\u00e8ge social: 6Bis All\u00e9e du Dolmen \u2013 56000 VANNES \u2013 Frankrike Kontakt: T\u00e9l: 01 60 86 48 70\/contact@thermacote.eu Responsabilit\u00e9 \u00e9ditoriale du plats: Pierre ELIN H\u00e9bergement OVH Le site peinture-isolante.eu Est h\u00e9berg\u00e9 par [&hellip;]\" \/>\n<meta property=\"og:url\" content=\"https:\/\/thermacote.eu\/sv\/juridiska-omnamnanden\/\" \/>\n<meta property=\"og:site_name\" content=\"ThermaCote Europe\" \/>\n<meta property=\"article:publisher\" content=\"https:\/\/www.facebook.com\/ThermaCote.Europe\/?ref=br_rs\" \/>\n<meta property=\"article:modified_time\" content=\"2023-10-17T09:14:03+00:00\" \/>\n<meta name=\"twitter:card\" content=\"summary_large_image\" \/>\n<meta name=\"twitter:site\" content=\"@thermacotefr\" \/>\n<meta name=\"twitter:label1\" content=\"Ber\u00e4knad l\u00e4stid\">\n\t<meta name=\"twitter:data1\" content=\"3 minuter\">\n<script type=\"application\/ld+json\" class=\"yoast-schema-graph\">{\"@context\":\"https:\/\/schema.org\",\"@graph\":[{\"@type\":\"Organization\",\"@id\":\"https:\/\/thermacote.eu\/#organization\",\"name\":\"ThermaCote Europe\",\"url\":\"https:\/\/thermacote.eu\/\",\"sameAs\":[\"https:\/\/www.facebook.com\/ThermaCote.Europe\/?ref=br_rs\",\"https:\/\/www.linkedin.com\/company\/thermacote-europe\/\",\"https:\/\/twitter.com\/thermacotefr\"],\"logo\":{\"@type\":\"ImageObject\",\"@id\":\"https:\/\/thermacote.eu\/#logo\",\"inLanguage\":\"sv-SE\",\"url\":\"https:\/\/thermacote.eu\/wp-content\/uploads\/2019\/11\/logo-full.png\",\"width\":1535,\"height\":242,\"caption\":\"ThermaCote Europe\"},\"image\":{\"@id\":\"https:\/\/thermacote.eu\/#logo\"}},{\"@type\":\"WebSite\",\"@id\":\"https:\/\/thermacote.eu\/#website\",\"url\":\"https:\/\/thermacote.eu\/\",\"name\":\"ThermaCote Europe\",\"description\":\"ThermaCote Europe\",\"publisher\":{\"@id\":\"https:\/\/thermacote.eu\/#organization\"},\"potentialAction\":[{\"@type\":\"SearchAction\",\"target\":\"https:\/\/thermacote.eu\/?s={search_term_string}\",\"query-input\":\"required name=search_term_string\"}],\"inLanguage\":\"sv-SE\"},{\"@type\":\"WebPage\",\"@id\":\"https:\/\/thermacote.eu\/sv\/juridiska-omnamnanden\/#webpage\",\"url\":\"https:\/\/thermacote.eu\/sv\/juridiska-omnamnanden\/\",\"name\":\"Juridiska omn\\u00e4mnanden | ThermaCote Europe\",\"isPartOf\":{\"@id\":\"https:\/\/thermacote.eu\/#website\"},\"datePublished\":\"2019-12-12T09:11:00+00:00\",\"dateModified\":\"2023-10-17T09:14:03+00:00\",\"breadcrumb\":{\"@id\":\"https:\/\/thermacote.eu\/sv\/juridiska-omnamnanden\/#breadcrumb\"},\"inLanguage\":\"sv-SE\",\"potentialAction\":[{\"@type\":\"ReadAction\",\"target\":[\"https:\/\/thermacote.eu\/sv\/juridiska-omnamnanden\/\"]}]},{\"@type\":\"BreadcrumbList\",\"@id\":\"https:\/\/thermacote.eu\/sv\/juridiska-omnamnanden\/#breadcrumb\",\"itemListElement\":[{\"@type\":\"ListItem\",\"position\":1,\"item\":{\"@type\":\"WebPage\",\"@id\":\"https:\/\/thermacote.eu\/sv\/\",\"url\":\"https:\/\/thermacote.eu\/sv\/\",\"name\":\"Home\"}},{\"@type\":\"ListItem\",\"position\":2,\"item\":{\"@type\":\"WebPage\",\"@id\":\"https:\/\/thermacote.eu\/sv\/juridiska-omnamnanden\/\",\"url\":\"https:\/\/thermacote.eu\/sv\/juridiska-omnamnanden\/\",\"name\":\"Juridiska omn\\u00e4mnanden\"}}]}]}<\/script>\n<!-- \/ Yoast SEO plugin. -->","meta_box":[],"_links":{"self":[{"href":"https:\/\/thermacote.eu\/sv\/wp-json\/wp\/v2\/pages\/8959"}],"collection":[{"href":"https:\/\/thermacote.eu\/sv\/wp-json\/wp\/v2\/pages"}],"about":[{"href":"https:\/\/thermacote.eu\/sv\/wp-json\/wp\/v2\/types\/page"}],"author":[{"embeddable":true,"href":"https:\/\/thermacote.eu\/sv\/wp-json\/wp\/v2\/users\/1"}],"replies":[{"embeddable":true,"href":"https:\/\/thermacote.eu\/sv\/wp-json\/wp\/v2\/comments?post=8959"}],"version-history":[{"count":0,"href":"https:\/\/thermacote.eu\/sv\/wp-json\/wp\/v2\/pages\/8959\/revisions"}],"wp:attachment":[{"href":"https:\/\/thermacote.eu\/sv\/wp-json\/wp\/v2\/media?parent=8959"}],"curies":[{"name":"wp","href":"https:\/\/api.w.org\/{rel}","templated":true}]}}