{"id":8955,"date":"2019-12-12T09:11:00","date_gmt":"2019-12-12T09:11:00","guid":{"rendered":"http:\/\/thermacote.eu\/wzmianki-prawne\/"},"modified":"2023-10-17T09:12:20","modified_gmt":"2023-10-17T09:12:20","slug":"wzmianki-prawne","status":"publish","type":"page","link":"https:\/\/thermacote.eu\/pl\/wzmianki-prawne\/","title":{"rendered":"Wzmianki prawne"},"content":{"rendered":"\t\t<div data-elementor-type=\"wp-page\" data-elementor-id=\"8955\" class=\"elementor elementor-8955 elementor-100\" data-elementor-settings=\"[]\">\n\t\t\t\t\t\t<div class=\"elementor-inner\">\n\t\t\t\t\t\t\t<div class=\"elementor-section-wrap\">\n\t\t\t\t\t\t\t<section class=\"elementor-section elementor-top-section elementor-element elementor-element-594264c2 elementor-section-height-min-height elementor-section-boxed elementor-section-height-default elementor-section-items-middle\" data-id=\"594264c2\" data-element_type=\"section\" data-settings=\"{&quot;background_background&quot;:&quot;classic&quot;,&quot;shape_divider_bottom&quot;:&quot;tilt&quot;}\">\n\t\t\t\t\t\t\t<div class=\"elementor-background-overlay\"><\/div>\n\t\t\t\t\t\t<div class=\"elementor-shape elementor-shape-bottom\" data-negative=\"false\">\n\t\t\t<svg xmlns=\"http:\/\/www.w3.org\/2000\/svg\" viewBox=\"0 0 1000 100\" preserveAspectRatio=\"none\">\n\t<path class=\"elementor-shape-fill\" d=\"M0,6V0h1000v100L0,6z\"\/>\n<\/svg>\t\t<\/div>\n\t\t\t\t\t<div class=\"elementor-container elementor-column-gap-default\">\n\t\t\t\t\t\t\t<div class=\"elementor-row\">\n\t\t\t\t\t<div class=\"elementor-column elementor-col-100 elementor-top-column elementor-element elementor-element-5f700e0d\" data-id=\"5f700e0d\" data-element_type=\"column\">\n\t\t\t<div class=\"elementor-column-wrap elementor-element-populated\">\n\t\t\t\t\t\t\t<div class=\"elementor-widget-wrap\">\n\t\t\t\t\t\t<div class=\"elementor-element elementor-element-56b32b13 animated-fast elementor-invisible elementor-widget elementor-widget-heading\" data-id=\"56b32b13\" data-element_type=\"widget\" data-settings=\"{&quot;_animation&quot;:&quot;fadeInUp&quot;}\" data-widget_type=\"heading.default\">\n\t\t\t\t<div class=\"elementor-widget-container\">\n\t\t\t<h1 class=\"elementor-heading-title elementor-size-default\">Wzmianki prawne<\/h1>\t\t<\/div>\n\t\t\t\t<\/div>\n\t\t\t\t\t\t<\/div>\n\t\t\t\t\t<\/div>\n\t\t<\/div>\n\t\t\t\t\t\t\t\t<\/div>\n\t\t\t\t\t<\/div>\n\t\t<\/section>\n\t\t\t\t<section class=\"elementor-section elementor-top-section elementor-element elementor-element-50f0e1ce elementor-section-boxed elementor-section-height-default elementor-section-height-default\" data-id=\"50f0e1ce\" data-element_type=\"section\" data-settings=\"{&quot;background_background&quot;:&quot;classic&quot;,&quot;shape_divider_bottom&quot;:&quot;tilt&quot;}\">\n\t\t\t\t\t<div class=\"elementor-shape elementor-shape-bottom\" data-negative=\"false\">\n\t\t\t<svg xmlns=\"http:\/\/www.w3.org\/2000\/svg\" viewBox=\"0 0 1000 100\" preserveAspectRatio=\"none\">\n\t<path class=\"elementor-shape-fill\" d=\"M0,6V0h1000v100L0,6z\"\/>\n<\/svg>\t\t<\/div>\n\t\t\t\t\t<div class=\"elementor-container elementor-column-gap-default\">\n\t\t\t\t\t\t\t<div class=\"elementor-row\">\n\t\t\t\t\t<div class=\"elementor-column elementor-col-100 elementor-top-column elementor-element elementor-element-1ac8faa4\" data-id=\"1ac8faa4\" data-element_type=\"column\">\n\t\t\t<div class=\"elementor-column-wrap elementor-element-populated\">\n\t\t\t\t\t\t\t<div class=\"elementor-widget-wrap\">\n\t\t\t\t\t\t<section class=\"elementor-section elementor-inner-section elementor-element elementor-element-6de57516 animated-fast elementor-section-boxed elementor-section-height-default elementor-section-height-default elementor-invisible\" data-id=\"6de57516\" data-element_type=\"section\" data-settings=\"{&quot;background_background&quot;:&quot;classic&quot;,&quot;animation&quot;:&quot;fadeInUp&quot;}\">\n\t\t\t\t\t\t<div class=\"elementor-container elementor-column-gap-default\">\n\t\t\t\t\t\t\t<div class=\"elementor-row\">\n\t\t\t\t\t<div class=\"elementor-column elementor-col-100 elementor-inner-column elementor-element elementor-element-4410e7f9\" data-id=\"4410e7f9\" data-element_type=\"column\">\n\t\t\t<div class=\"elementor-column-wrap elementor-element-populated\">\n\t\t\t\t\t\t\t<div class=\"elementor-widget-wrap\">\n\t\t\t\t\t\t<div class=\"elementor-element elementor-element-222db01b elementor-widget elementor-widget-text-editor\" data-id=\"222db01b\" data-element_type=\"widget\" data-widget_type=\"text-editor.default\">\n\t\t\t\t<div class=\"elementor-widget-container\">\n\t\t\t\t\t<div class=\"elementor-text-editor elementor-clearfix\"><article><h2>ThermaCote Francja<\/h2><p>La Soci\u00e9t\u00e9 ThermaCote France Est une SAS au Capital de 10 000 \u20ac<\/p><p>RCS Vannes: 78919817300021 w\/N \u00b0 TVA: FR04789198173<\/p><p>Si\u00e8ge Social: 6Bis All\u00e9e du Dolmen \u2013 56000 VANNES \u2013 Francja<\/p><p>Kontakt: T\u00e9l: 01 60 86 48 70\/contact@thermacote.eu<\/p><p>Responsabilit\u00e9 \u00e9ditoriale du Strona: Pierre ELIN<\/p><\/article><article><h2>H\u00e9bergement OVH<\/h2><p>Le site peinture-isolante.eu Est h\u00e9berg\u00e9 par La Soci\u00e9t\u00e9 OVH:<\/p><p>La Soci\u00e9t\u00e9 OVH Est une SAS au Capital de 10 000 000 \u20ac<\/p><p>RCS Roubaix \u2013 Tourcoing 424 761 419 00045<\/p><p>Kod APE 6202A<\/p><p>N \u00b0 TVA: FR 22 424 761 419<\/p><p>Si\u00e8ge Social: 2 Rue Kellermann \u2013 59100 Roubaix \u2013 Francja.<\/p><\/article><article><h2>Propri\u00e9t\u00e9 intellectuelle<\/h2><p>La struktura g\u00e9n\u00e9rale du site www.thermacote.eu, Ainsi que Les textes, graphiques, obrazy, Sons et vid\u00e9os La composant, sont La Propri\u00e9t\u00e9 de l&#8217;\u00e9diteur OU de SES Partenaires.<\/p><p>Toute repr\u00e9sentation et\/OU powielanie et\/OU eksploatacja wypadkowe OU Totale des rywalizus et Services wnioskodawca par Le site www.thermacote.eu, par Quelque Part Proc\u00e9d\u00e9 que ce soit, sans l&#8217;autoryzacja Pr\u00e9alable et par \u00e9crit de thermacote Francja et\/OU de SES chmurce Est strictement interdite et serait podatne de constituer une contrefason au sens des artyku\u0142y l 335-2 et suivants du Code de La Propri\u00e9t\u00e9 intellectuelle.<\/p><p>La Marque \u00abthermacote\u00ae\u00bb, Est une Marques \u00e1adany par thermacote Inc. et Son partenaire thermacote Francja.<\/p><p>Toute repr\u00e9sentation et\/OU powielanie et\/OU eksploatacja wypadkowe OU Totale de CES Marques, de Quelque Part Nature que ce soit, Est totalement prohib\u00e9e.<\/p><\/article><article><h2>Ciasteczka Les<\/h2><p>Serwis internetowy ce wykorzystuje pliki cookies.<\/p><p>Les cookies du site ne contiennent Pas de donn\u00e9es permettant de Vous identyfikator personnellement.<\/p><p>Nous Vous informons que Vous pouvez Vous przeciwnik \u00e0 l&#8217;Enregistrement de CES \u00abcookies\u00bb EN utilisant une opcja de Configuration de votre navigateur.<\/p><\/article><article><h2>Strony Liens vers d&#8217;autre<\/h2><p>Le umiejscowienie www.thermacote.eu Est podatny de rywir des zastawy vers d&#8217;autres tereny tkanina, notamment Les tereny des chmurce de thermacote Francja. La mise en Place de CES zastawy a fait L&#8217;objet d&#8217;une autoryzacja Pr\u00e9alable et expresse. L&#8217;egzystencja de CES zastawy n&#8217;implique Aucun Contr\u00f4le ni aucune aprobat\u0105 par thermacote Francja de Leur contenu.<\/p><p>EN cons\u00e9quence, thermacote France ne pourra EN Aucun CAS \u00eatre cieniutki odpowiedzialny du contenu des sites, auxquels Les Utilisateurs de www.thermacote.eu auraient acc\u00e8s, par Le biais de CES Liens. Toute cr\u00e9ation de Lien vers Le site www.thermacote.eu Est soumise \u00e0 l&#8217;autoryzacja Pr\u00e9alable et Massif de thermacote Francja.<\/p><p>Cette autoryzacja pourra \u00e0 tout moment \u00eatre retir\u00e9e par thermacote Francja, sans que Cette derni\u00e8re AIT \u00e0 usprawiedliwiaj\u0105cym sa d\u00e9cision de Retrait.<\/p><\/article><article><h2>Fonctionnement du Strona<\/h2><p>Le site Internet de La Soci\u00e9t\u00e9 THERMACOTE Francja Est normalement dost\u0119pne 24h\/24h et 7 Jours\/7. EN CAS de Force wy\u017csza, de difficult\u00e9s Informatiques, de difficult\u00e9s li\u00e9es \u00e0 la Structure des R\u00e9seaux de t\u00e9l\u00e9communications OU difficult\u00e9s techniki, pour des racj\u0119 de alimentach, sans que Cette liste ne soit wyczerpuj\u0105ce, l&#8217;acc\u00e8s \u00e0 tout OU partie du site pourra \u00eatre suspendu OU supprim\u00e9 sur Simple d\u00e9cision de La Soci\u00e9t\u00e9 THERMACOTE Francja.<\/p><p>Pour des racj\u0119 de Maintenance, et\/OU pour Toute Autre d\u00e9cision de La Soci\u00e9t\u00e9 thermacote Francja, l&#8217;acc\u00e8s Au Site Internet pourra \u00eatre interrompu. Le site Internet Est podatny de modyfikacja et d&#8217;\u00e9volutions Sans zawiadomienie d&#8217;aucune Sorte.<\/p><p>L&#8217;utilisateur reconna\u00eet usuwaj\u0105cego de La comp\u00e9ktu et des moyens n\u00e9cessaires pour acc\u00e9der et Utiliser Le site de thermacote France. Il reconna\u00eet Avoir v\u00e9rifi\u00e9 que la Configuration Informatique qu&#8217;il wykorzysta\u0107 ne contient Aucun Virus et qu&#8217;elle Est EN Parfait \u00c9tat de fonctionnement.<\/p><p>EN Aucun CAS, La Soci\u00e9t\u00e9 thermacote France ne sera cieniutki odpowiedzialna des dommages kieruje, inkieruje OU sp\u00e9ciaux, r\u00e9sultant de l&#8217;utylizacja du site www.thermacote.eu OU d&#8217;autres sites Qui lui sont li\u00e9s et, notamment, de tout pr\u00e9judice Financier, handlowych, perte de programy OU de donn\u00e9es dans le syst\u00e8me D&#8217;information de l&#8217;utilisateur.<\/p><p>THERMACOTE France Vous remercie de lui faire cz\u0119\u015b\u0107 d&#8217;\u00e9ventuelles requ\u00eates, zaniechania, erreurs, OU korekty EN adressant un mail au webmaster du site Internet \u00e0 L&#8217;Adresse suivante contact@thermacote.eu<\/p><\/article><\/div>\n\t\t\t\t<\/div>\n\t\t\t\t<\/div>\n\t\t\t\t\t\t<\/div>\n\t\t\t\t\t<\/div>\n\t\t<\/div>\n\t\t\t\t\t\t\t\t<\/div>\n\t\t\t\t\t<\/div>\n\t\t<\/section>\n\t\t\t\t\t\t<\/div>\n\t\t\t\t\t<\/div>\n\t\t<\/div>\n\t\t\t\t\t\t\t\t<\/div>\n\t\t\t\t\t<\/div>\n\t\t<\/section>\n\t\t\t\t\t\t<\/div>\n\t\t\t\t\t\t<\/div>\n\t\t\t\t\t<\/div>\n\t\t","protected":false},"excerpt":{"rendered":"<p>Wzmianki prawne ThermaCote Francja La Soci\u00e9t\u00e9 ThermaCote France Est une SAS au Capital de 10 000 \u20ac RCS Vannes: 78919817300021 w\/N \u00b0 TVA: FR04789198173 Si\u00e8ge Social: 6Bis All\u00e9e du Dolmen \u2013 56000 VANNES \u2013 Francja Kontakt: T\u00e9l: 01 60 86 48 70\/contact@thermacote.eu Responsabilit\u00e9 \u00e9ditoriale du Strona: Pierre ELIN H\u00e9bergement OVH Le site peinture-isolante.eu Est h\u00e9berg\u00e9 [&hellip;]<\/p>\n","protected":false},"author":1,"featured_media":0,"parent":0,"menu_order":0,"comment_status":"closed","ping_status":"closed","template":"","meta":[],"yoast_head":"<!-- This site is optimized with the Yoast SEO plugin v15.9.1 - https:\/\/yoast.com\/wordpress\/plugins\/seo\/ -->\n<title>Wzmianki prawne | ThermaCote Europe<\/title>\n<link rel=\"canonical\" href=\"https:\/\/thermacote.eu\/pl\/wzmianki-prawne\/\" \/>\n<meta property=\"og:locale\" content=\"pl_PL\" \/>\n<meta property=\"og:type\" content=\"article\" \/>\n<meta property=\"og:title\" content=\"Wzmianki prawne | ThermaCote Europe\" \/>\n<meta property=\"og:description\" content=\"Wzmianki prawne ThermaCote Francja La Soci\u00e9t\u00e9 ThermaCote France Est une SAS au Capital de 10 000 \u20ac RCS Vannes: 78919817300021 w\/N \u00b0 TVA: FR04789198173 Si\u00e8ge Social: 6Bis All\u00e9e du Dolmen \u2013 56000 VANNES \u2013 Francja Kontakt: T\u00e9l: 01 60 86 48 70\/contact@thermacote.eu Responsabilit\u00e9 \u00e9ditoriale du Strona: Pierre ELIN H\u00e9bergement OVH Le site peinture-isolante.eu Est h\u00e9berg\u00e9 [&hellip;]\" \/>\n<meta property=\"og:url\" content=\"https:\/\/thermacote.eu\/pl\/wzmianki-prawne\/\" \/>\n<meta property=\"og:site_name\" content=\"ThermaCote Europe\" \/>\n<meta property=\"article:publisher\" content=\"https:\/\/www.facebook.com\/ThermaCote.Europe\/?ref=br_rs\" \/>\n<meta property=\"article:modified_time\" content=\"2023-10-17T09:12:20+00:00\" \/>\n<meta name=\"twitter:card\" content=\"summary_large_image\" \/>\n<meta name=\"twitter:site\" content=\"@thermacotefr\" \/>\n<meta name=\"twitter:label1\" content=\"Est. reading time\">\n\t<meta name=\"twitter:data1\" content=\"3 minuty\">\n<script type=\"application\/ld+json\" class=\"yoast-schema-graph\">{\"@context\":\"https:\/\/schema.org\",\"@graph\":[{\"@type\":\"Organization\",\"@id\":\"https:\/\/thermacote.eu\/#organization\",\"name\":\"ThermaCote Europe\",\"url\":\"https:\/\/thermacote.eu\/\",\"sameAs\":[\"https:\/\/www.facebook.com\/ThermaCote.Europe\/?ref=br_rs\",\"https:\/\/www.linkedin.com\/company\/thermacote-europe\/\",\"https:\/\/twitter.com\/thermacotefr\"],\"logo\":{\"@type\":\"ImageObject\",\"@id\":\"https:\/\/thermacote.eu\/#logo\",\"inLanguage\":\"pl-PL\",\"url\":\"https:\/\/thermacote.eu\/wp-content\/uploads\/2019\/11\/logo-full.png\",\"width\":1535,\"height\":242,\"caption\":\"ThermaCote Europe\"},\"image\":{\"@id\":\"https:\/\/thermacote.eu\/#logo\"}},{\"@type\":\"WebSite\",\"@id\":\"https:\/\/thermacote.eu\/#website\",\"url\":\"https:\/\/thermacote.eu\/\",\"name\":\"ThermaCote Europe\",\"description\":\"ThermaCote Europe\",\"publisher\":{\"@id\":\"https:\/\/thermacote.eu\/#organization\"},\"potentialAction\":[{\"@type\":\"SearchAction\",\"target\":\"https:\/\/thermacote.eu\/?s={search_term_string}\",\"query-input\":\"required name=search_term_string\"}],\"inLanguage\":\"pl-PL\"},{\"@type\":\"WebPage\",\"@id\":\"https:\/\/thermacote.eu\/pl\/wzmianki-prawne\/#webpage\",\"url\":\"https:\/\/thermacote.eu\/pl\/wzmianki-prawne\/\",\"name\":\"Wzmianki prawne | ThermaCote Europe\",\"isPartOf\":{\"@id\":\"https:\/\/thermacote.eu\/#website\"},\"datePublished\":\"2019-12-12T09:11:00+00:00\",\"dateModified\":\"2023-10-17T09:12:20+00:00\",\"breadcrumb\":{\"@id\":\"https:\/\/thermacote.eu\/pl\/wzmianki-prawne\/#breadcrumb\"},\"inLanguage\":\"pl-PL\",\"potentialAction\":[{\"@type\":\"ReadAction\",\"target\":[\"https:\/\/thermacote.eu\/pl\/wzmianki-prawne\/\"]}]},{\"@type\":\"BreadcrumbList\",\"@id\":\"https:\/\/thermacote.eu\/pl\/wzmianki-prawne\/#breadcrumb\",\"itemListElement\":[{\"@type\":\"ListItem\",\"position\":1,\"item\":{\"@type\":\"WebPage\",\"@id\":\"https:\/\/thermacote.eu\/pl\/\",\"url\":\"https:\/\/thermacote.eu\/pl\/\",\"name\":\"Home\"}},{\"@type\":\"ListItem\",\"position\":2,\"item\":{\"@type\":\"WebPage\",\"@id\":\"https:\/\/thermacote.eu\/pl\/wzmianki-prawne\/\",\"url\":\"https:\/\/thermacote.eu\/pl\/wzmianki-prawne\/\",\"name\":\"Wzmianki prawne\"}}]}]}<\/script>\n<!-- \/ Yoast SEO plugin. -->","meta_box":[],"_links":{"self":[{"href":"https:\/\/thermacote.eu\/pl\/wp-json\/wp\/v2\/pages\/8955"}],"collection":[{"href":"https:\/\/thermacote.eu\/pl\/wp-json\/wp\/v2\/pages"}],"about":[{"href":"https:\/\/thermacote.eu\/pl\/wp-json\/wp\/v2\/types\/page"}],"author":[{"embeddable":true,"href":"https:\/\/thermacote.eu\/pl\/wp-json\/wp\/v2\/users\/1"}],"replies":[{"embeddable":true,"href":"https:\/\/thermacote.eu\/pl\/wp-json\/wp\/v2\/comments?post=8955"}],"version-history":[{"count":0,"href":"https:\/\/thermacote.eu\/pl\/wp-json\/wp\/v2\/pages\/8955\/revisions"}],"wp:attachment":[{"href":"https:\/\/thermacote.eu\/pl\/wp-json\/wp\/v2\/media?parent=8955"}],"curies":[{"name":"wp","href":"https:\/\/api.w.org\/{rel}","templated":true}]}}