{"id":8949,"date":"2019-12-12T09:10:59","date_gmt":"2019-12-12T09:10:59","guid":{"rendered":"http:\/\/thermacote.eu\/wettelijke-vermeldingen\/"},"modified":"2023-10-17T09:07:30","modified_gmt":"2023-10-17T09:07:30","slug":"wettelijke-vermeldingen","status":"publish","type":"page","link":"https:\/\/thermacote.eu\/nl\/wettelijke-vermeldingen\/","title":{"rendered":"Wettelijke vermeldingen"},"content":{"rendered":"\t\t<div data-elementor-type=\"wp-page\" data-elementor-id=\"8949\" class=\"elementor elementor-8949 elementor-100\" data-elementor-settings=\"[]\">\n\t\t\t\t\t\t<div class=\"elementor-inner\">\n\t\t\t\t\t\t\t<div class=\"elementor-section-wrap\">\n\t\t\t\t\t\t\t<section class=\"elementor-section elementor-top-section elementor-element elementor-element-594264c2 elementor-section-height-min-height elementor-section-boxed elementor-section-height-default elementor-section-items-middle\" data-id=\"594264c2\" data-element_type=\"section\" data-settings=\"{&quot;background_background&quot;:&quot;classic&quot;,&quot;shape_divider_bottom&quot;:&quot;tilt&quot;}\">\n\t\t\t\t\t\t\t<div class=\"elementor-background-overlay\"><\/div>\n\t\t\t\t\t\t<div class=\"elementor-shape elementor-shape-bottom\" data-negative=\"false\">\n\t\t\t<svg xmlns=\"http:\/\/www.w3.org\/2000\/svg\" viewBox=\"0 0 1000 100\" preserveAspectRatio=\"none\">\n\t<path class=\"elementor-shape-fill\" d=\"M0,6V0h1000v100L0,6z\"\/>\n<\/svg>\t\t<\/div>\n\t\t\t\t\t<div class=\"elementor-container elementor-column-gap-default\">\n\t\t\t\t\t\t\t<div class=\"elementor-row\">\n\t\t\t\t\t<div class=\"elementor-column elementor-col-100 elementor-top-column elementor-element elementor-element-5f700e0d\" data-id=\"5f700e0d\" data-element_type=\"column\">\n\t\t\t<div class=\"elementor-column-wrap elementor-element-populated\">\n\t\t\t\t\t\t\t<div class=\"elementor-widget-wrap\">\n\t\t\t\t\t\t<div class=\"elementor-element elementor-element-56b32b13 animated-fast elementor-invisible elementor-widget elementor-widget-heading\" data-id=\"56b32b13\" data-element_type=\"widget\" data-settings=\"{&quot;_animation&quot;:&quot;fadeInUp&quot;}\" data-widget_type=\"heading.default\">\n\t\t\t\t<div class=\"elementor-widget-container\">\n\t\t\t<h1 class=\"elementor-heading-title elementor-size-default\">Wettelijke vermeldingen<\/h1>\t\t<\/div>\n\t\t\t\t<\/div>\n\t\t\t\t\t\t<\/div>\n\t\t\t\t\t<\/div>\n\t\t<\/div>\n\t\t\t\t\t\t\t\t<\/div>\n\t\t\t\t\t<\/div>\n\t\t<\/section>\n\t\t\t\t<section class=\"elementor-section elementor-top-section elementor-element elementor-element-50f0e1ce elementor-section-boxed elementor-section-height-default elementor-section-height-default\" data-id=\"50f0e1ce\" data-element_type=\"section\" data-settings=\"{&quot;background_background&quot;:&quot;classic&quot;,&quot;shape_divider_bottom&quot;:&quot;tilt&quot;}\">\n\t\t\t\t\t<div class=\"elementor-shape elementor-shape-bottom\" data-negative=\"false\">\n\t\t\t<svg xmlns=\"http:\/\/www.w3.org\/2000\/svg\" viewBox=\"0 0 1000 100\" preserveAspectRatio=\"none\">\n\t<path class=\"elementor-shape-fill\" d=\"M0,6V0h1000v100L0,6z\"\/>\n<\/svg>\t\t<\/div>\n\t\t\t\t\t<div class=\"elementor-container elementor-column-gap-default\">\n\t\t\t\t\t\t\t<div class=\"elementor-row\">\n\t\t\t\t\t<div class=\"elementor-column elementor-col-100 elementor-top-column elementor-element elementor-element-1ac8faa4\" data-id=\"1ac8faa4\" data-element_type=\"column\">\n\t\t\t<div class=\"elementor-column-wrap elementor-element-populated\">\n\t\t\t\t\t\t\t<div class=\"elementor-widget-wrap\">\n\t\t\t\t\t\t<section class=\"elementor-section elementor-inner-section elementor-element elementor-element-6de57516 animated-fast elementor-section-boxed elementor-section-height-default elementor-section-height-default elementor-invisible\" data-id=\"6de57516\" data-element_type=\"section\" data-settings=\"{&quot;background_background&quot;:&quot;classic&quot;,&quot;animation&quot;:&quot;fadeInUp&quot;}\">\n\t\t\t\t\t\t<div class=\"elementor-container elementor-column-gap-default\">\n\t\t\t\t\t\t\t<div class=\"elementor-row\">\n\t\t\t\t\t<div class=\"elementor-column elementor-col-100 elementor-inner-column elementor-element elementor-element-4410e7f9\" data-id=\"4410e7f9\" data-element_type=\"column\">\n\t\t\t<div class=\"elementor-column-wrap elementor-element-populated\">\n\t\t\t\t\t\t\t<div class=\"elementor-widget-wrap\">\n\t\t\t\t\t\t<div class=\"elementor-element elementor-element-222db01b elementor-widget elementor-widget-text-editor\" data-id=\"222db01b\" data-element_type=\"widget\" data-widget_type=\"text-editor.default\">\n\t\t\t\t<div class=\"elementor-widget-container\">\n\t\t\t\t\t<div class=\"elementor-text-editor elementor-clearfix\"><article><h2>ThermaCote Frankrijk<\/h2><p>La Soci\u00e9t\u00e9 ThermaCote Frankrijk est une SAS au hoofdstad de 10 000 \u20ac<\/p><p>RCS Vannes: 78919817300021\/N \u00b0 TVA: FR04789198173<\/p><p>Si\u00e8ge Social: 6Bis All\u00e9e du Dolmen \u2013 56000 VANNES \u2013 Frankrijk<\/p><p>Contact: T\u00e9l: 01 60 86 48 70\/contact@thermacote.eu<\/p><p>Responsabilit\u00e9 \u00e9ditoriale du site: Pierre ELIN<\/p><\/article><article><h2>H\u00e9bergement OVH<\/h2><p>Le site peinture-isolante.eu est h\u00e9berg\u00e9 par la Soci\u00e9t\u00e9 OVH:<\/p><p>La Soci\u00e9t\u00e9 OVH est une SAS au hoofdstad de 10 000 000 \u20ac<\/p><p>RCS Roubaix \u2013 Tourcoing 424 761 419 00045<\/p><p>Code APE 6202A<\/p><p>N \u00b0 TVA: FR 22 424 761 419<\/p><p>Si\u00e8ge Social: 2 Rue Kellermann \u2013 59100 Roubaix \u2013 Frankrijk.<\/p><\/article><article><h2>Propri\u00e9t\u00e9 intellectuelle<\/h2><p>La structure G\u00e9n\u00e9rale du site www.thermacote.eu, ainsi que les textes, graphiques, images, Sons et vid\u00e9os La composant, sont la Propri\u00e9t\u00e9 de l&#8217;\u00e9diteur ou de ses Partenaires.<\/p><p>Toute repr\u00e9sentation et\/ou reproductie et\/ou exploitation partielle ou totale des contenus et diensten voor te leggen par le site www.thermacote.EU, par quelque proc\u00e9d\u00e9 que ce soit, sans l&#8217;autorisatie van et par \u00e9crit de thermacote France et\/ou de ses Partenaires est strictement Interdite et serait vatbaar de constituer une partielle au sens des artikelen l 335-2 et suistoffen du code de la Propri\u00e9t\u00e9 intellectuelle.<\/p><p>La Marque \u00abThermaCote\u00ae\u00bb, est une Marques d\u00e9pos\u00e9e par THERMACOTE Inc. et son Partenaire THERMACOTE France.<\/p><p>Toute repr\u00e9sentation et\/ou reproductie et\/ou exploitatie partielle ou totale de CES Marques, de quelque nature que ce soit, est totalement verbods b\u00e9e.<\/p><\/article><article><h2>Les cookies<\/h2><p>CE site internetgebruik des cookies.<\/p><p>Les cookies du site ne contiennent pas de donn\u00e9es permettant de vous Identifier personnellement.<\/p><p>Nous vous informons que vous pouvez vous opposer \u00e0 l&#8217;enregistrement de CES \u00abcookies\u00bb en utilisant une Option de configuratie de votre navigateur.<\/p><\/article><article><h2>Sites van liens vers D&#8217;autre<\/h2><p>Le site www.thermacote.eu est vatbaar voor de contenir des liens vers d&#8217;autres sites Web, notamment les sites des Partenaires de THERMACOTE France. La mise en Place de CES liens a fait l&#8217;objet d&#8217;une autorisatie van et expresse. L&#8217;existentie de CES liens n&#8217;implicque aucun contr\u00f4le ni Judo goedkeuring par thermacote Frankrijk de Leur contenu.<\/p><p>En cons\u00e9quence, thermacote France ne pourra en aucun CAS \u00eatre tenue responsible du contenu des sites, auxquels Les gebruikers de www.thermacote.EU auraient acc\u00e8s, par le biaisband de CES liens. Toute Cr\u00e9ation de Lien vers le site www.thermacote.EU est soumise \u00e0 l&#8217;autorisatie van et expresse de thermacote France.<\/p><p>Cette autorisatie pourra \u00e0 tout moment \u00eatre retir\u00e9e par thermacote Frankrijk, sans que cette derni\u00e8re AIT \u00e0 rechtvaardigende sa d\u00e9cision de retrait.<\/p><\/article><article><h2>Fonctionnement du site<\/h2><p>Le site Internet de la Soci\u00e9t\u00e9 THERMACOTE Frankrijk est normalement toegankelijk 24h\/24h et 7 jours\/7. En CAS de Force majeure, de moeilt\u00e9s Informatiques, de moeilt\u00e9s li\u00e9es \u00e0 la structure des r\u00e9seaux de T\u00e9l\u00e9communications ou moeili. technieken, pour des bestaans de Maintenance, sans que cette Liste ne soit uitputtend, l&#8217;acc\u00e8s \u00e0 tout ou partie du site pourra \u00eatre suspendu ou supprim\u00e9 sur Simple d\u00e9cision de la Soci\u00e9t\u00e9 THERMACOTE Frankrijk.<\/p><p>Pour des bestaans de Maintenance, et\/ou pour toute autre d\u00e9cision de la Soci\u00e9t\u00e9 thermacote France, l&#8217;acc\u00e8s au site Internet pourra \u00eatre interrompu. Le site Internet est vatbaar de modificatie et d&#8217;\u00e9volutions sans kennisgeving d&#8217;aucune Sorte.<\/p><p>L&#8217;utilisateur reconna\u00eet disposer de la Comp\u00e9tence et des moyens n\u00e9cessaires pour acc\u00e9der et utiliser Le site de THERMACOTE Frankrijk. Il reconna\u00eet avoir v\u00e9rifi\u00e9 que la Configuration Informatique qu&#8217;il gebruik ne Contient aucun virus et qu&#8217;elle est en parfait \u00e9tat de fonctionnement.<\/p><p>En aucun CAS, La Soci\u00e9t\u00e9 THERMACOTE France ne sera tenue responsible des dommages stuurt, instuurt ou sp\u00e9ciaux, r\u00e9sultant de l&#8217;benutting du site www.thermacote.eu ou d&#8217;autres sites qui lui sont li\u00e9s et, notamment, de tout pr\u00e9judice financier, Commercial, perte de Programma&#8217;s ou de donn\u00e9es dans le Syst\u00e8me d&#8217;information de l&#8217;utilisateur.<\/p><p>THERMACOTE France vous remercie de lui faire deel d&#8217;\u00e9ventuelles requ\u00eates, omissies, Erreurs, ou correcties en adressant un mail au webmaster du site internet \u00e0 L&#8217;Adresse suivante contact@thermacote.eu<\/p><\/article><\/div>\n\t\t\t\t<\/div>\n\t\t\t\t<\/div>\n\t\t\t\t\t\t<\/div>\n\t\t\t\t\t<\/div>\n\t\t<\/div>\n\t\t\t\t\t\t\t\t<\/div>\n\t\t\t\t\t<\/div>\n\t\t<\/section>\n\t\t\t\t\t\t<\/div>\n\t\t\t\t\t<\/div>\n\t\t<\/div>\n\t\t\t\t\t\t\t\t<\/div>\n\t\t\t\t\t<\/div>\n\t\t<\/section>\n\t\t\t\t\t\t<\/div>\n\t\t\t\t\t\t<\/div>\n\t\t\t\t\t<\/div>\n\t\t","protected":false},"excerpt":{"rendered":"<p>Wettelijke vermeldingen ThermaCote Frankrijk La Soci\u00e9t\u00e9 ThermaCote Frankrijk est une SAS au hoofdstad de 10 000 \u20ac RCS Vannes: 78919817300021\/N \u00b0 TVA: FR04789198173 Si\u00e8ge Social: 6Bis All\u00e9e du Dolmen \u2013 56000 VANNES \u2013 Frankrijk Contact: T\u00e9l: 01 60 86 48 70\/contact@thermacote.eu Responsabilit\u00e9 \u00e9ditoriale du site: Pierre ELIN H\u00e9bergement OVH Le site peinture-isolante.eu est h\u00e9berg\u00e9 par [&hellip;]<\/p>\n","protected":false},"author":1,"featured_media":0,"parent":0,"menu_order":0,"comment_status":"closed","ping_status":"closed","template":"","meta":[],"yoast_head":"<!-- This site is optimized with the Yoast SEO plugin v15.9.1 - https:\/\/yoast.com\/wordpress\/plugins\/seo\/ -->\n<title>Wettelijke vermeldingen | ThermaCote Europe<\/title>\n<link rel=\"canonical\" href=\"https:\/\/thermacote.eu\/nl\/wettelijke-vermeldingen\/\" \/>\n<meta property=\"og:locale\" content=\"nl_NL\" \/>\n<meta property=\"og:type\" content=\"article\" \/>\n<meta property=\"og:title\" content=\"Wettelijke vermeldingen | ThermaCote Europe\" \/>\n<meta property=\"og:description\" content=\"Wettelijke vermeldingen ThermaCote Frankrijk La Soci\u00e9t\u00e9 ThermaCote Frankrijk est une SAS au hoofdstad de 10 000 \u20ac RCS Vannes: 78919817300021\/N \u00b0 TVA: FR04789198173 Si\u00e8ge Social: 6Bis All\u00e9e du Dolmen \u2013 56000 VANNES \u2013 Frankrijk Contact: T\u00e9l: 01 60 86 48 70\/contact@thermacote.eu Responsabilit\u00e9 \u00e9ditoriale du site: Pierre ELIN H\u00e9bergement OVH Le site peinture-isolante.eu est h\u00e9berg\u00e9 par [&hellip;]\" \/>\n<meta property=\"og:url\" content=\"https:\/\/thermacote.eu\/nl\/wettelijke-vermeldingen\/\" \/>\n<meta property=\"og:site_name\" content=\"ThermaCote Europe\" \/>\n<meta property=\"article:publisher\" content=\"https:\/\/www.facebook.com\/ThermaCote.Europe\/?ref=br_rs\" \/>\n<meta property=\"article:modified_time\" content=\"2023-10-17T09:07:30+00:00\" \/>\n<meta name=\"twitter:card\" content=\"summary_large_image\" \/>\n<meta name=\"twitter:site\" content=\"@thermacotefr\" \/>\n<meta name=\"twitter:label1\" content=\"Geschatte leestijd\">\n\t<meta name=\"twitter:data1\" content=\"3 minuten\">\n<script type=\"application\/ld+json\" class=\"yoast-schema-graph\">{\"@context\":\"https:\/\/schema.org\",\"@graph\":[{\"@type\":\"Organization\",\"@id\":\"https:\/\/thermacote.eu\/#organization\",\"name\":\"ThermaCote Europe\",\"url\":\"https:\/\/thermacote.eu\/\",\"sameAs\":[\"https:\/\/www.facebook.com\/ThermaCote.Europe\/?ref=br_rs\",\"https:\/\/www.linkedin.com\/company\/thermacote-europe\/\",\"https:\/\/twitter.com\/thermacotefr\"],\"logo\":{\"@type\":\"ImageObject\",\"@id\":\"https:\/\/thermacote.eu\/#logo\",\"inLanguage\":\"nl\",\"url\":\"https:\/\/thermacote.eu\/wp-content\/uploads\/2019\/11\/logo-full.png\",\"width\":1535,\"height\":242,\"caption\":\"ThermaCote Europe\"},\"image\":{\"@id\":\"https:\/\/thermacote.eu\/#logo\"}},{\"@type\":\"WebSite\",\"@id\":\"https:\/\/thermacote.eu\/#website\",\"url\":\"https:\/\/thermacote.eu\/\",\"name\":\"ThermaCote Europe\",\"description\":\"ThermaCote Europe\",\"publisher\":{\"@id\":\"https:\/\/thermacote.eu\/#organization\"},\"potentialAction\":[{\"@type\":\"SearchAction\",\"target\":\"https:\/\/thermacote.eu\/?s={search_term_string}\",\"query-input\":\"required name=search_term_string\"}],\"inLanguage\":\"nl\"},{\"@type\":\"WebPage\",\"@id\":\"https:\/\/thermacote.eu\/nl\/wettelijke-vermeldingen\/#webpage\",\"url\":\"https:\/\/thermacote.eu\/nl\/wettelijke-vermeldingen\/\",\"name\":\"Wettelijke vermeldingen | ThermaCote Europe\",\"isPartOf\":{\"@id\":\"https:\/\/thermacote.eu\/#website\"},\"datePublished\":\"2019-12-12T09:10:59+00:00\",\"dateModified\":\"2023-10-17T09:07:30+00:00\",\"breadcrumb\":{\"@id\":\"https:\/\/thermacote.eu\/nl\/wettelijke-vermeldingen\/#breadcrumb\"},\"inLanguage\":\"nl\",\"potentialAction\":[{\"@type\":\"ReadAction\",\"target\":[\"https:\/\/thermacote.eu\/nl\/wettelijke-vermeldingen\/\"]}]},{\"@type\":\"BreadcrumbList\",\"@id\":\"https:\/\/thermacote.eu\/nl\/wettelijke-vermeldingen\/#breadcrumb\",\"itemListElement\":[{\"@type\":\"ListItem\",\"position\":1,\"item\":{\"@type\":\"WebPage\",\"@id\":\"https:\/\/thermacote.eu\/nl\/\",\"url\":\"https:\/\/thermacote.eu\/nl\/\",\"name\":\"Home\"}},{\"@type\":\"ListItem\",\"position\":2,\"item\":{\"@type\":\"WebPage\",\"@id\":\"https:\/\/thermacote.eu\/nl\/wettelijke-vermeldingen\/\",\"url\":\"https:\/\/thermacote.eu\/nl\/wettelijke-vermeldingen\/\",\"name\":\"Wettelijke vermeldingen\"}}]}]}<\/script>\n<!-- \/ Yoast SEO plugin. -->","meta_box":[],"_links":{"self":[{"href":"https:\/\/thermacote.eu\/nl\/wp-json\/wp\/v2\/pages\/8949"}],"collection":[{"href":"https:\/\/thermacote.eu\/nl\/wp-json\/wp\/v2\/pages"}],"about":[{"href":"https:\/\/thermacote.eu\/nl\/wp-json\/wp\/v2\/types\/page"}],"author":[{"embeddable":true,"href":"https:\/\/thermacote.eu\/nl\/wp-json\/wp\/v2\/users\/1"}],"replies":[{"embeddable":true,"href":"https:\/\/thermacote.eu\/nl\/wp-json\/wp\/v2\/comments?post=8949"}],"version-history":[{"count":0,"href":"https:\/\/thermacote.eu\/nl\/wp-json\/wp\/v2\/pages\/8949\/revisions"}],"wp:attachment":[{"href":"https:\/\/thermacote.eu\/nl\/wp-json\/wp\/v2\/media?parent=8949"}],"curies":[{"name":"wp","href":"https:\/\/api.w.org\/{rel}","templated":true}]}}