{"id":8505,"date":"2019-12-11T11:53:05","date_gmt":"2019-12-11T11:53:05","guid":{"rendered":"http:\/\/thermacote.eu\/mentions-legales\/"},"modified":"2023-10-17T09:03:23","modified_gmt":"2023-10-17T09:03:23","slug":"mentions-legales","status":"publish","type":"page","link":"https:\/\/thermacote.eu\/fr\/mentions-legales\/","title":{"rendered":"Mentions l\u00e9gales"},"content":{"rendered":"\t\t<div data-elementor-type=\"wp-page\" data-elementor-id=\"8505\" class=\"elementor elementor-8505 elementor-100\" data-elementor-settings=\"[]\">\n\t\t\t\t\t\t<div class=\"elementor-inner\">\n\t\t\t\t\t\t\t<div class=\"elementor-section-wrap\">\n\t\t\t\t\t\t\t<section class=\"elementor-section elementor-top-section elementor-element elementor-element-594264c2 elementor-section-height-min-height elementor-section-boxed elementor-section-height-default elementor-section-items-middle\" data-id=\"594264c2\" data-element_type=\"section\" data-settings=\"{&quot;background_background&quot;:&quot;classic&quot;,&quot;shape_divider_bottom&quot;:&quot;tilt&quot;}\">\n\t\t\t\t\t\t\t<div class=\"elementor-background-overlay\"><\/div>\n\t\t\t\t\t\t<div class=\"elementor-shape elementor-shape-bottom\" data-negative=\"false\">\n\t\t\t<svg xmlns=\"http:\/\/www.w3.org\/2000\/svg\" viewBox=\"0 0 1000 100\" preserveAspectRatio=\"none\">\n\t<path class=\"elementor-shape-fill\" d=\"M0,6V0h1000v100L0,6z\"\/>\n<\/svg>\t\t<\/div>\n\t\t\t\t\t<div class=\"elementor-container elementor-column-gap-default\">\n\t\t\t\t\t\t\t<div class=\"elementor-row\">\n\t\t\t\t\t<div class=\"elementor-column elementor-col-100 elementor-top-column elementor-element elementor-element-5f700e0d\" data-id=\"5f700e0d\" data-element_type=\"column\">\n\t\t\t<div class=\"elementor-column-wrap elementor-element-populated\">\n\t\t\t\t\t\t\t<div class=\"elementor-widget-wrap\">\n\t\t\t\t\t\t<div class=\"elementor-element elementor-element-56b32b13 animated-fast elementor-invisible elementor-widget elementor-widget-heading\" data-id=\"56b32b13\" data-element_type=\"widget\" data-settings=\"{&quot;_animation&quot;:&quot;fadeInUp&quot;}\" data-widget_type=\"heading.default\">\n\t\t\t\t<div class=\"elementor-widget-container\">\n\t\t\t<h1 class=\"elementor-heading-title elementor-size-default\">Mentions juridiques<\/h1>\t\t<\/div>\n\t\t\t\t<\/div>\n\t\t\t\t\t\t<\/div>\n\t\t\t\t\t<\/div>\n\t\t<\/div>\n\t\t\t\t\t\t\t\t<\/div>\n\t\t\t\t\t<\/div>\n\t\t<\/section>\n\t\t\t\t<section class=\"elementor-section elementor-top-section elementor-element elementor-element-50f0e1ce elementor-section-boxed elementor-section-height-default elementor-section-height-default\" data-id=\"50f0e1ce\" data-element_type=\"section\" data-settings=\"{&quot;background_background&quot;:&quot;classic&quot;,&quot;shape_divider_bottom&quot;:&quot;tilt&quot;}\">\n\t\t\t\t\t<div class=\"elementor-shape elementor-shape-bottom\" data-negative=\"false\">\n\t\t\t<svg xmlns=\"http:\/\/www.w3.org\/2000\/svg\" viewBox=\"0 0 1000 100\" preserveAspectRatio=\"none\">\n\t<path class=\"elementor-shape-fill\" d=\"M0,6V0h1000v100L0,6z\"\/>\n<\/svg>\t\t<\/div>\n\t\t\t\t\t<div class=\"elementor-container elementor-column-gap-default\">\n\t\t\t\t\t\t\t<div class=\"elementor-row\">\n\t\t\t\t\t<div class=\"elementor-column elementor-col-100 elementor-top-column elementor-element elementor-element-1ac8faa4\" data-id=\"1ac8faa4\" data-element_type=\"column\">\n\t\t\t<div class=\"elementor-column-wrap elementor-element-populated\">\n\t\t\t\t\t\t\t<div class=\"elementor-widget-wrap\">\n\t\t\t\t\t\t<section class=\"elementor-section elementor-inner-section elementor-element elementor-element-6de57516 animated-fast elementor-section-boxed elementor-section-height-default elementor-section-height-default elementor-invisible\" data-id=\"6de57516\" data-element_type=\"section\" data-settings=\"{&quot;background_background&quot;:&quot;classic&quot;,&quot;animation&quot;:&quot;fadeInUp&quot;}\">\n\t\t\t\t\t\t<div class=\"elementor-container elementor-column-gap-default\">\n\t\t\t\t\t\t\t<div class=\"elementor-row\">\n\t\t\t\t\t<div class=\"elementor-column elementor-col-100 elementor-inner-column elementor-element elementor-element-4410e7f9\" data-id=\"4410e7f9\" data-element_type=\"column\">\n\t\t\t<div class=\"elementor-column-wrap elementor-element-populated\">\n\t\t\t\t\t\t\t<div class=\"elementor-widget-wrap\">\n\t\t\t\t\t\t<div class=\"elementor-element elementor-element-222db01b elementor-widget elementor-widget-text-editor\" data-id=\"222db01b\" data-element_type=\"widget\" data-widget_type=\"text-editor.default\">\n\t\t\t\t<div class=\"elementor-widget-container\">\n\t\t\t\t\t<div class=\"elementor-text-editor elementor-clearfix\"><article><h2>ThermaCote France<\/h2><p>La soci\u00e9t\u00e9 ThermaCote France est une SAS au capital de 10 000 euros<\/p><p>RCS Vannes : 78919817300021 \/ N\u00b0 TVA: FR04789198173<\/p><p>Si\u00e8ge Social : 6Bis All\u00e9e Du Dolmen &#8211; 56000 VANNES &#8211; FRANCE<\/p><p>Contact : T\u00e9l. : 01 60 86 48 70 \/ contact@thermacote.eu<\/p><p>Responsabilit\u00e9 \u00e9ditoriale du site : Pierre ELIN<\/p><\/article><article><h2>H\u00e9bergement OVH<\/h2><p>Le site peinture-isolante.eu est h\u00e9berg\u00e9 par la soci\u00e9t\u00e9 OVH :<\/p><p>La soci\u00e9t\u00e9 OVH est une SAS au capital de 10 000 000 euros<\/p><p>RCS Roubaix &#8211; Tourcoing 424 761 419 00045<\/p><p>Code APE 6202A<\/p><p>TVA FR 22 424 761 419<\/p><p>Si\u00e8ge social : 2 rue Kellermann 59100 Roubaix &#8211; France.<\/p><\/article><article><h2>Propri\u00e9t\u00e9 intellectuelle<\/h2><p>La structure g\u00e9n\u00e9rale du site www.thermacote.eu, ainsi que les textes, graphiques, images, sons et vid\u00e9os la composant, sont la propri\u00e9t\u00e9 de l&rsquo;\u00e9diteur ou de ses partenaires.<\/p><p>Toute repr\u00e9sentation et\/ou reproduction et\/ou exploitation partielle ou totale des contenus et services propos\u00e9s par le site www.thermacote.eu, par quelque chose proc\u00e9d\u00e9 que soit, sans l&rsquo;autorisation pr\u00e9alable et par \u00e9crit de THERmacote France et\/ou de ses partenaires est interdit et \u00eatre susceptible de constituer une contrefa\u00e7on au sens des articles L 335-2 et les suivants du Code de la propri\u00e9t\u00e9 intellectuelle.<\/p><p>La marque \u00ab ThermaCote\u00ae \u00bb , est une marques d\u00e9pos\u00e9e par THERMACOTE Inc. et son partenaire THERMACOTE France.<\/p><p>Toute repr\u00e9sentation et\/ou reproduction et\/ou exploitation partielle ou totale de ces marques, de quelque nature que ce soit, est totalement prohib\u00e9e.<\/p><\/article><article><h2>Les cookies<\/h2><p>Ce site Internet utiliser des cookies.<\/p><p>Les cookies du site ne contiennent pas de donn\u00e9es permettant de vous identifier personnellement.<\/p><p>Nous vous informons que vous pouvez vous opposer \u00e0 l&rsquo;enregistrement de ces \u00ab cookies \u00bb en utilisant une option de configuration de votre navigateur.<\/p><\/article><article><h2>Liens vers d&rsquo;autres sites<\/h2><p>Le site www.thermacote.eu est susceptible de contenir des privil\u00e8ges vers d&rsquo;autres sites web, notamment les sites des partenaires de THERmacote France. La mise en place de ces privil\u00e8ges fait l&rsquo;objet d&rsquo;une autorisation pr\u00e9alable et expresse. L&rsquo;existence de ces privil\u00e8ges n&rsquo;implique aucun contr\u00f4le ni aucune approbation par THERMACOTE France de leur contenu.<\/p><p>En cons\u00e9quence, THERmaCOTE France ne pourra en aucun cas \u00eatre tenue responsable du contenu des sites, les utilisateurs de www.thermacote.eu acc\u00e8s, par le biais de ces privil\u00e8ges. Toute cr\u00e9ation de privil\u00e8ge vers le site www.thermacote.eu est soumise \u00e0 l&rsquo;autorisation pr\u00e9alable et expresse de THERMACOTE France.<\/p><p>Cette autorisation pourra \u00e0 tout moment \u00eatre retir\u00e9 par THERMACOTE France, sans que ce dernier a eeu \u00e0 justifier sa d\u00e9cision de retrait.<\/p><\/article><article><h2>Fonctionnement du site<\/h2><p>Le site internet de la soci\u00e9t\u00e9 THERMACOTE France est normalement accessible 24h\/24h et 7 jours\/7. En cas de force majeure, de difficult\u00e9s informatiques, de difficult\u00e9s \u00e0 la structure des r\u00e9seaux de t\u00e9l\u00e9communications ou techniques difficult\u00e9s, pour des raisons de maintenance, sans que cette liste ne soit exhaustive, l&rsquo;acc\u00e8s \u00e0 tout ou partie du site pourra \u00eatre suspendu ou supprim\u00e9 sur simple d\u00e9cision de la soci\u00e9t\u00e9 THERmaCOTE France.<\/p><p>Pour des raisons de maintenance, et\/ou pour toute autre d\u00e9cision de la soci\u00e9t\u00e9 THERmaCOTE France, l&rsquo;acc\u00e8s au site internet pourra \u00eatre interrompu. Le site internet est susceptible de modification et d&rsquo;\u00e9volutions sans notification d&rsquo;aucune.<\/p><p>L&rsquo;utilisateur utilisateur disposer de la comp\u00e9tence et des moyens n\u00e9cessaires pour l&rsquo;acc\u00e8s et l&rsquo;utilisation le site de THERmacote France. Il reconna\u00eet avoir v\u00e9rifi\u00e9 que la configuration informatique qu&rsquo;il utilise ne contient aucun virus et qu&rsquo;elle est en parfait \u00e9tat de fonctionnement.<\/p><p>En aucun cas, la soci\u00e9t\u00e9 THERMACOTE France ne sera tenue responsable des dommages directs, indirects ou sp\u00e9ciaux, r\u00e9sultant de l&rsquo;utilisation du site www.thermacote.eu ou d&rsquo;autres sites qui lui sont li\u00e9s et, notamment, de tout pr\u00e9judice financier, commercial, perte de programmes ou de donn\u00e9es dans le syst\u00e8me d&rsquo;information de l&rsquo;utilisateur.<\/p><p>THERMACOTE France vous remerciez de lui faire partie d&rsquo;\u00e9ventuelles requ\u00eates, omissions, erreurs, ou corrections en adressant un mail au webmaster du site internet \u00e0 l&rsquo;adresse suivante contact@thermacote.eu<\/p><\/article><\/div>\n\t\t\t\t<\/div>\n\t\t\t\t<\/div>\n\t\t\t\t\t\t<\/div>\n\t\t\t\t\t<\/div>\n\t\t<\/div>\n\t\t\t\t\t\t\t\t<\/div>\n\t\t\t\t\t<\/div>\n\t\t<\/section>\n\t\t\t\t\t\t<\/div>\n\t\t\t\t\t<\/div>\n\t\t<\/div>\n\t\t\t\t\t\t\t\t<\/div>\n\t\t\t\t\t<\/div>\n\t\t<\/section>\n\t\t\t\t\t\t<\/div>\n\t\t\t\t\t\t<\/div>\n\t\t\t\t\t<\/div>\n\t\t","protected":false},"excerpt":{"rendered":"<p>Mentions juridiques ThermaCote France La soci\u00e9t\u00e9 ThermaCote France est une SAS au capital de 10 000 euros RCS Vannes : 78919817300021 \/ N\u00b0 TVA: FR04789198173 Si\u00e8ge Social : 6Bis All\u00e9e Du Dolmen &#8211; 56000 VANNES &#8211; FRANCE Contact : T\u00e9l. : 01 60 86 48 70 \/ contact@thermacote.eu Responsabilit\u00e9 \u00e9ditoriale du site : Pierre ELIN [&hellip;]<\/p>\n","protected":false},"author":1,"featured_media":0,"parent":0,"menu_order":0,"comment_status":"closed","ping_status":"closed","template":"","meta":[],"yoast_head":"<!-- This site is optimized with the Yoast SEO plugin v15.9.1 - https:\/\/yoast.com\/wordpress\/plugins\/seo\/ -->\n<title>Mentions l\u00e9gales | ThermaCote Europe<\/title>\n<link rel=\"canonical\" href=\"https:\/\/thermacote.eu\/fr\/mentions-legales\/\" \/>\n<meta property=\"og:locale\" content=\"fr_FR\" \/>\n<meta property=\"og:type\" content=\"article\" \/>\n<meta property=\"og:title\" content=\"Mentions l\u00e9gales | ThermaCote Europe\" \/>\n<meta property=\"og:description\" content=\"Mentions juridiques ThermaCote France La soci\u00e9t\u00e9 ThermaCote France est une SAS au capital de 10 000 euros RCS Vannes : 78919817300021 \/ N\u00b0 TVA: FR04789198173 Si\u00e8ge Social : 6Bis All\u00e9e Du Dolmen &#8211; 56000 VANNES &#8211; FRANCE Contact : T\u00e9l. : 01 60 86 48 70 \/ contact@thermacote.eu Responsabilit\u00e9 \u00e9ditoriale du site : Pierre ELIN [&hellip;]\" \/>\n<meta property=\"og:url\" content=\"https:\/\/thermacote.eu\/fr\/mentions-legales\/\" \/>\n<meta property=\"og:site_name\" content=\"ThermaCote Europe\" \/>\n<meta property=\"article:publisher\" content=\"https:\/\/www.facebook.com\/ThermaCote.Europe\/?ref=br_rs\" \/>\n<meta property=\"article:modified_time\" content=\"2023-10-17T09:03:23+00:00\" \/>\n<meta name=\"twitter:card\" content=\"summary_large_image\" \/>\n<meta name=\"twitter:site\" content=\"@thermacotefr\" \/>\n<meta name=\"twitter:label1\" content=\"Dur\u00e9e de lecture est.\">\n\t<meta name=\"twitter:data1\" content=\"3 minutes\">\n<script type=\"application\/ld+json\" class=\"yoast-schema-graph\">{\"@context\":\"https:\/\/schema.org\",\"@graph\":[{\"@type\":\"Organization\",\"@id\":\"https:\/\/thermacote.eu\/#organization\",\"name\":\"ThermaCote Europe\",\"url\":\"https:\/\/thermacote.eu\/\",\"sameAs\":[\"https:\/\/www.facebook.com\/ThermaCote.Europe\/?ref=br_rs\",\"https:\/\/www.linkedin.com\/company\/thermacote-europe\/\",\"https:\/\/twitter.com\/thermacotefr\"],\"logo\":{\"@type\":\"ImageObject\",\"@id\":\"https:\/\/thermacote.eu\/#logo\",\"inLanguage\":\"fr-FR\",\"url\":\"https:\/\/thermacote.eu\/wp-content\/uploads\/2019\/11\/logo-full.png\",\"width\":1535,\"height\":242,\"caption\":\"ThermaCote Europe\"},\"image\":{\"@id\":\"https:\/\/thermacote.eu\/#logo\"}},{\"@type\":\"WebSite\",\"@id\":\"https:\/\/thermacote.eu\/#website\",\"url\":\"https:\/\/thermacote.eu\/\",\"name\":\"ThermaCote Europe\",\"description\":\"ThermaCote Europe\",\"publisher\":{\"@id\":\"https:\/\/thermacote.eu\/#organization\"},\"potentialAction\":[{\"@type\":\"SearchAction\",\"target\":\"https:\/\/thermacote.eu\/?s={search_term_string}\",\"query-input\":\"required name=search_term_string\"}],\"inLanguage\":\"fr-FR\"},{\"@type\":\"WebPage\",\"@id\":\"https:\/\/thermacote.eu\/fr\/mentions-legales\/#webpage\",\"url\":\"https:\/\/thermacote.eu\/fr\/mentions-legales\/\",\"name\":\"Mentions l\\u00e9gales | ThermaCote Europe\",\"isPartOf\":{\"@id\":\"https:\/\/thermacote.eu\/#website\"},\"datePublished\":\"2019-12-11T11:53:05+00:00\",\"dateModified\":\"2023-10-17T09:03:23+00:00\",\"breadcrumb\":{\"@id\":\"https:\/\/thermacote.eu\/fr\/mentions-legales\/#breadcrumb\"},\"inLanguage\":\"fr-FR\",\"potentialAction\":[{\"@type\":\"ReadAction\",\"target\":[\"https:\/\/thermacote.eu\/fr\/mentions-legales\/\"]}]},{\"@type\":\"BreadcrumbList\",\"@id\":\"https:\/\/thermacote.eu\/fr\/mentions-legales\/#breadcrumb\",\"itemListElement\":[{\"@type\":\"ListItem\",\"position\":1,\"item\":{\"@type\":\"WebPage\",\"@id\":\"https:\/\/thermacote.eu\/fr\/\",\"url\":\"https:\/\/thermacote.eu\/fr\/\",\"name\":\"Home\"}},{\"@type\":\"ListItem\",\"position\":2,\"item\":{\"@type\":\"WebPage\",\"@id\":\"https:\/\/thermacote.eu\/fr\/mentions-legales\/\",\"url\":\"https:\/\/thermacote.eu\/fr\/mentions-legales\/\",\"name\":\"Mentions l\\u00e9gales\"}}]}]}<\/script>\n<!-- \/ Yoast SEO plugin. -->","meta_box":[],"_links":{"self":[{"href":"https:\/\/thermacote.eu\/fr\/wp-json\/wp\/v2\/pages\/8505"}],"collection":[{"href":"https:\/\/thermacote.eu\/fr\/wp-json\/wp\/v2\/pages"}],"about":[{"href":"https:\/\/thermacote.eu\/fr\/wp-json\/wp\/v2\/types\/page"}],"author":[{"embeddable":true,"href":"https:\/\/thermacote.eu\/fr\/wp-json\/wp\/v2\/users\/1"}],"replies":[{"embeddable":true,"href":"https:\/\/thermacote.eu\/fr\/wp-json\/wp\/v2\/comments?post=8505"}],"version-history":[{"count":0,"href":"https:\/\/thermacote.eu\/fr\/wp-json\/wp\/v2\/pages\/8505\/revisions"}],"wp:attachment":[{"href":"https:\/\/thermacote.eu\/fr\/wp-json\/wp\/v2\/media?parent=8505"}],"curies":[{"name":"wp","href":"https:\/\/api.w.org\/{rel}","templated":true}]}}