{"id":9987,"date":"2019-12-12T09:53:07","date_gmt":"2019-12-12T09:53:07","guid":{"rendered":"http:\/\/thermacote.eu\/f-a-q\/"},"modified":"2020-01-03T08:00:05","modified_gmt":"2020-01-03T08:00:05","slug":"f-a-q","status":"publish","type":"page","link":"https:\/\/thermacote.eu\/fi\/f-a-q\/","title":{"rendered":"F. A. Q"},"content":{"rendered":"\t\t<div data-elementor-type=\"wp-page\" data-elementor-id=\"9987\" class=\"elementor elementor-9987 elementor-96\" data-elementor-settings=\"[]\">\n\t\t\t\t\t\t<div class=\"elementor-inner\">\n\t\t\t\t\t\t\t<div class=\"elementor-section-wrap\">\n\t\t\t\t\t\t\t<section class=\"elementor-section elementor-top-section elementor-element elementor-element-de0d1bd elementor-section-height-min-height elementor-section-boxed elementor-section-height-default elementor-section-items-middle\" data-id=\"de0d1bd\" data-element_type=\"section\" data-settings=\"{&quot;background_background&quot;:&quot;classic&quot;,&quot;shape_divider_bottom&quot;:&quot;tilt&quot;}\">\n\t\t\t\t\t\t\t<div class=\"elementor-background-overlay\"><\/div>\n\t\t\t\t\t\t<div class=\"elementor-shape elementor-shape-bottom\" data-negative=\"false\">\n\t\t\t<svg xmlns=\"http:\/\/www.w3.org\/2000\/svg\" viewBox=\"0 0 1000 100\" preserveAspectRatio=\"none\">\n\t<path class=\"elementor-shape-fill\" d=\"M0,6V0h1000v100L0,6z\"\/>\n<\/svg>\t\t<\/div>\n\t\t\t\t\t<div class=\"elementor-container elementor-column-gap-default\">\n\t\t\t\t\t\t\t<div class=\"elementor-row\">\n\t\t\t\t\t<div class=\"elementor-column elementor-col-100 elementor-top-column elementor-element elementor-element-4405c89e\" data-id=\"4405c89e\" data-element_type=\"column\">\n\t\t\t<div class=\"elementor-column-wrap elementor-element-populated\">\n\t\t\t\t\t\t\t<div class=\"elementor-widget-wrap\">\n\t\t\t\t\t\t<div class=\"elementor-element elementor-element-26f6b3cf animated-fast elementor-invisible elementor-widget elementor-widget-heading\" data-id=\"26f6b3cf\" data-element_type=\"widget\" data-settings=\"{&quot;_animation&quot;:&quot;fadeInUp&quot;}\" data-widget_type=\"heading.default\">\n\t\t\t\t<div class=\"elementor-widget-container\">\n\t\t\t<h1 class=\"elementor-heading-title elementor-size-default\">F. A. Q<\/h1>\t\t<\/div>\n\t\t\t\t<\/div>\n\t\t\t\t\t\t<\/div>\n\t\t\t\t\t<\/div>\n\t\t<\/div>\n\t\t\t\t\t\t\t\t<\/div>\n\t\t\t\t\t<\/div>\n\t\t<\/section>\n\t\t\t\t<section class=\"elementor-section elementor-top-section elementor-element elementor-element-28174e6 animated-fast elementor-section-boxed elementor-section-height-default elementor-section-height-default elementor-invisible\" data-id=\"28174e6\" data-element_type=\"section\" data-settings=\"{&quot;background_background&quot;:&quot;classic&quot;,&quot;shape_divider_bottom&quot;:&quot;tilt&quot;,&quot;animation&quot;:&quot;fadeInUp&quot;}\">\n\t\t\t\t\t<div class=\"elementor-shape elementor-shape-bottom\" data-negative=\"false\">\n\t\t\t<svg xmlns=\"http:\/\/www.w3.org\/2000\/svg\" viewBox=\"0 0 1000 100\" preserveAspectRatio=\"none\">\n\t<path class=\"elementor-shape-fill\" d=\"M0,6V0h1000v100L0,6z\"\/>\n<\/svg>\t\t<\/div>\n\t\t\t\t\t<div class=\"elementor-container elementor-column-gap-default\">\n\t\t\t\t\t\t\t<div class=\"elementor-row\">\n\t\t\t\t\t<div class=\"elementor-column elementor-col-100 elementor-top-column elementor-element elementor-element-9eeb72d\" data-id=\"9eeb72d\" data-element_type=\"column\" data-settings=\"{&quot;background_background&quot;:&quot;classic&quot;}\">\n\t\t\t<div class=\"elementor-column-wrap elementor-element-populated\">\n\t\t\t\t\t\t\t<div class=\"elementor-widget-wrap\">\n\t\t\t\t\t\t<div class=\"elementor-element elementor-element-2af67b3 elementor-widget elementor-widget-accordion\" data-id=\"2af67b3\" data-element_type=\"widget\" data-widget_type=\"accordion.default\">\n\t\t\t\t<div class=\"elementor-widget-container\">\n\t\t\t\t\t<div class=\"elementor-accordion\" role=\"tablist\">\n\t\t\t\t\t\t\t<div class=\"elementor-accordion-item\">\n\t\t\t\t\t<div id=\"elementor-tab-title-4501\" class=\"elementor-tab-title\" data-tab=\"1\" role=\"tab\" aria-controls=\"elementor-tab-content-4501\" aria-expanded=\"false\">\n\t\t\t\t\t\t\t\t\t\t\t\t\t<span class=\"elementor-accordion-icon elementor-accordion-icon-left\" aria-hidden=\"true\">\n\t\t\t\t\t\t\t\t\t\t\t\t\t\t\t<span class=\"elementor-accordion-icon-closed\"><i class=\"fas fa-caret-right\"><\/i><\/span>\n\t\t\t\t\t\t\t\t<span class=\"elementor-accordion-icon-opened\"><i class=\"fas fa-caret-down\"><\/i><\/span>\n\t\t\t\t\t\t\t\t\t\t\t\t\t\t<\/span>\n\t\t\t\t\t\t\t\t\t\t\t\t<a class=\"elementor-accordion-title\" href=\"\">Mihin tukea voin soveltaa ThermaCote-maalia?<\/a>\n\t\t\t\t\t<\/div>\n\t\t\t\t\t<div id=\"elementor-tab-content-4501\" class=\"elementor-tab-content elementor-clearfix\" data-tab=\"1\" role=\"tabpanel\" aria-labelledby=\"elementor-tab-title-4501\"><p>Itse asiassa mihin tahansa tukeen: kipsi, betoni, tiili, kipsilevy, puu, lasi, verhous, liuskekivi, laatta, kaikki metallit jne. ThermaCote roikkuu suoraan l\u00e4hes kaikilla pinnoilla, oltava puhtaita ja kuivia.<\/p>\n<\/div>\n\t\t\t\t<\/div>\n\t\t\t\t\t\t\t<div class=\"elementor-accordion-item\">\n\t\t\t\t\t<div id=\"elementor-tab-title-4502\" class=\"elementor-tab-title\" data-tab=\"2\" role=\"tab\" aria-controls=\"elementor-tab-content-4502\" aria-expanded=\"false\">\n\t\t\t\t\t\t\t\t\t\t\t\t\t<span class=\"elementor-accordion-icon elementor-accordion-icon-left\" aria-hidden=\"true\">\n\t\t\t\t\t\t\t\t\t\t\t\t\t\t\t<span class=\"elementor-accordion-icon-closed\"><i class=\"fas fa-caret-right\"><\/i><\/span>\n\t\t\t\t\t\t\t\t<span class=\"elementor-accordion-icon-opened\"><i class=\"fas fa-caret-down\"><\/i><\/span>\n\t\t\t\t\t\t\t\t\t\t\t\t\t\t<\/span>\n\t\t\t\t\t\t\t\t\t\t\t\t<a class=\"elementor-accordion-title\" href=\"\">Voinko k\u00e4ytt\u00e4\u00e4 ThermaCotea ruostuneisiin pintoihin?<\/a>\n\t\t\t\t\t<\/div>\n\t\t\t\t\t<div id=\"elementor-tab-content-4502\" class=\"elementor-tab-content elementor-clearfix\" data-tab=\"2\" role=\"tabpanel\" aria-labelledby=\"elementor-tab-title-4502\"><p>Kyll\u00e4, ThermaCote sis\u00e4lt\u00e4\u00e4 formulaatiossa ruosteenestoaineita, jotka voivat est\u00e4\u00e4 tuen heikkenemisen.<\/p>\n<p>Kuitenkin on v\u00e4ltt\u00e4m\u00e4t\u00f6nt\u00e4 harjata ja puhdistaa tuki etuk\u00e4teen, jotta saastuttaisiin mahdollisimman paljon ep\u00e4puhtauksia stop-ruoste-tuote.<\/p>\n<\/div>\n\t\t\t\t<\/div>\n\t\t\t\t\t\t\t<div class=\"elementor-accordion-item\">\n\t\t\t\t\t<div id=\"elementor-tab-title-4503\" class=\"elementor-tab-title\" data-tab=\"3\" role=\"tab\" aria-controls=\"elementor-tab-content-4503\" aria-expanded=\"false\">\n\t\t\t\t\t\t\t\t\t\t\t\t\t<span class=\"elementor-accordion-icon elementor-accordion-icon-left\" aria-hidden=\"true\">\n\t\t\t\t\t\t\t\t\t\t\t\t\t\t\t<span class=\"elementor-accordion-icon-closed\"><i class=\"fas fa-caret-right\"><\/i><\/span>\n\t\t\t\t\t\t\t\t<span class=\"elementor-accordion-icon-opened\"><i class=\"fas fa-caret-down\"><\/i><\/span>\n\t\t\t\t\t\t\t\t\t\t\t\t\t\t<\/span>\n\t\t\t\t\t\t\t\t\t\t\t\t<a class=\"elementor-accordion-title\" href=\"\">Voinko k\u00e4ytt\u00e4\u00e4 ThermaCotea pohjamaalina tai pohjamaalina?<\/a>\n\t\t\t\t\t<\/div>\n\t\t\t\t\t<div id=\"elementor-tab-content-4503\" class=\"elementor-tab-content elementor-clearfix\" data-tab=\"3\" role=\"tabpanel\" aria-labelledby=\"elementor-tab-title-4503\"><p>KYLL\u00c4 ThermaCotea voidaan k\u00e4ytt\u00e4\u00e4 joko alikerroksena ja peitt\u00e4\u00e4 sitten toinen viimeistelymaali tai viimeistelymaali suoraan.<\/p>\n<p>Maalipinta on poikkeuksellinen ja sein\u00e4t voidaan puhdistaa vedell\u00e4.<\/p>\n<\/div>\n\t\t\t\t<\/div>\n\t\t\t\t\t\t\t<div class=\"elementor-accordion-item\">\n\t\t\t\t\t<div id=\"elementor-tab-title-4504\" class=\"elementor-tab-title\" data-tab=\"4\" role=\"tab\" aria-controls=\"elementor-tab-content-4504\" aria-expanded=\"false\">\n\t\t\t\t\t\t\t\t\t\t\t\t\t<span class=\"elementor-accordion-icon elementor-accordion-icon-left\" aria-hidden=\"true\">\n\t\t\t\t\t\t\t\t\t\t\t\t\t\t\t<span class=\"elementor-accordion-icon-closed\"><i class=\"fas fa-caret-right\"><\/i><\/span>\n\t\t\t\t\t\t\t\t<span class=\"elementor-accordion-icon-opened\"><i class=\"fas fa-caret-down\"><\/i><\/span>\n\t\t\t\t\t\t\t\t\t\t\t\t\t\t<\/span>\n\t\t\t\t\t\t\t\t\t\t\t\t<a class=\"elementor-accordion-title\" href=\"\">Mit\u00e4 s\u00e4vyj\u00e4 on saatavilla ThermaCote-laitteella?<\/a>\n\t\t\t\t\t<\/div>\n\t\t\t\t\t<div id=\"elementor-tab-content-4504\" class=\"elementor-tab-content elementor-clearfix\" data-tab=\"4\" role=\"tabpanel\" aria-labelledby=\"elementor-tab-title-4504\"><p>ThermaCote\u00ae-maalin perusvarjostus on valkoinen. Mattavalkoinen ja mahdollistaa t\u00e4ydellisen viimeistelyn. V\u00e4ripaletin laajentamiseksi tarjoamme kuitenkin erilaisia s\u00e4vyj\u00e4, jotka perustuvat eurooppalaisiin pigmentteihin.<\/p>\n<p>N\u00e4m\u00e4 pigmentit sekoitetaan applikaattorin tarkkaan annosteluun sekoittamisen aikana ennen levitt\u00e4mist\u00e4.<\/p>\n<\/div>\n\t\t\t\t<\/div>\n\t\t\t\t\t\t\t<div class=\"elementor-accordion-item\">\n\t\t\t\t\t<div id=\"elementor-tab-title-4505\" class=\"elementor-tab-title\" data-tab=\"5\" role=\"tab\" aria-controls=\"elementor-tab-content-4505\" aria-expanded=\"false\">\n\t\t\t\t\t\t\t\t\t\t\t\t\t<span class=\"elementor-accordion-icon elementor-accordion-icon-left\" aria-hidden=\"true\">\n\t\t\t\t\t\t\t\t\t\t\t\t\t\t\t<span class=\"elementor-accordion-icon-closed\"><i class=\"fas fa-caret-right\"><\/i><\/span>\n\t\t\t\t\t\t\t\t<span class=\"elementor-accordion-icon-opened\"><i class=\"fas fa-caret-down\"><\/i><\/span>\n\t\t\t\t\t\t\t\t\t\t\t\t\t\t<\/span>\n\t\t\t\t\t\t\t\t\t\t\t\t<a class=\"elementor-accordion-title\" href=\"\">Miten voin k\u00e4ytt\u00e4\u00e4 ThermaCote-maalia?<\/a>\n\t\t\t\t\t<\/div>\n\t\t\t\t\t<div id=\"elementor-tab-content-4505\" class=\"elementor-tab-content elementor-clearfix\" data-tab=\"5\" role=\"tabpanel\" aria-labelledby=\"elementor-tab-title-4505\"><p>ThermaCote koskee vain ilmatonta suihkutuslaitetta. ThermaCote vaatii ilman ilmapumpun sovelluksen, joka pystyy yll\u00e4pit\u00e4m\u00e4\u00e4n 8 LPM-suihkusuuttimen.<\/p>\n<\/div>\n\t\t\t\t<\/div>\n\t\t\t\t\t\t\t<div class=\"elementor-accordion-item\">\n\t\t\t\t\t<div id=\"elementor-tab-title-4506\" class=\"elementor-tab-title\" data-tab=\"6\" role=\"tab\" aria-controls=\"elementor-tab-content-4506\" aria-expanded=\"false\">\n\t\t\t\t\t\t\t\t\t\t\t\t\t<span class=\"elementor-accordion-icon elementor-accordion-icon-left\" aria-hidden=\"true\">\n\t\t\t\t\t\t\t\t\t\t\t\t\t\t\t<span class=\"elementor-accordion-icon-closed\"><i class=\"fas fa-caret-right\"><\/i><\/span>\n\t\t\t\t\t\t\t\t<span class=\"elementor-accordion-icon-opened\"><i class=\"fas fa-caret-down\"><\/i><\/span>\n\t\t\t\t\t\t\t\t\t\t\t\t\t\t<\/span>\n\t\t\t\t\t\t\t\t\t\t\t\t<a class=\"elementor-accordion-title\" href=\"\">Mik\u00e4 on ThermaCote-tuotteen takuu, kun sit\u00e4 k\u00e4ytet\u00e4\u00e4n?<\/a>\n\t\t\t\t\t<\/div>\n\t\t\t\t\t<div id=\"elementor-tab-content-4506\" class=\"elementor-tab-content elementor-clearfix\" data-tab=\"6\" role=\"tabpanel\" aria-labelledby=\"elementor-tab-title-4506\"><p>ThermaCote on taattu k\u00e4ytt\u00f6ik\u00e4\u00e4 varten sis\u00e4k\u00e4ytt\u00f6\u00f6n ja 10 vuoden ajan ulkok\u00e4ytt\u00f6\u00f6n.<\/p>\n<p>Tuotteen rakenne, joka on 80% kiinte\u00e4 neste, tekee siit\u00e4 vakaan ja kest\u00e4v\u00e4n esteen sek\u00e4 l\u00e4mp\u00f6suojaustoiminnoissa ett\u00e4 sen esteettisi\u00e4 toimintoja.<\/p>\n<\/div>\n\t\t\t\t<\/div>\n\t\t\t\t\t\t\t<div class=\"elementor-accordion-item\">\n\t\t\t\t\t<div id=\"elementor-tab-title-4507\" class=\"elementor-tab-title\" data-tab=\"7\" role=\"tab\" aria-controls=\"elementor-tab-content-4507\" aria-expanded=\"false\">\n\t\t\t\t\t\t\t\t\t\t\t\t\t<span class=\"elementor-accordion-icon elementor-accordion-icon-left\" aria-hidden=\"true\">\n\t\t\t\t\t\t\t\t\t\t\t\t\t\t\t<span class=\"elementor-accordion-icon-closed\"><i class=\"fas fa-caret-right\"><\/i><\/span>\n\t\t\t\t\t\t\t\t<span class=\"elementor-accordion-icon-opened\"><i class=\"fas fa-caret-down\"><\/i><\/span>\n\t\t\t\t\t\t\t\t\t\t\t\t\t\t<\/span>\n\t\t\t\t\t\t\t\t\t\t\t\t<a class=\"elementor-accordion-title\" href=\"\">K\u00e4ytt\u00e4\u00e4k\u00f6 ThermaCote-maalaa tukea hengitt\u00e4\u00e4?<\/a>\n\t\t\t\t\t<\/div>\n\t\t\t\t\t<div id=\"elementor-tab-content-4507\" class=\"elementor-tab-content elementor-clearfix\" data-tab=\"7\" role=\"tabpanel\" aria-labelledby=\"elementor-tab-title-4507\"><p>KYLL\u00c4 ThermaCote-pinnoite, joka on sek\u00e4 veden ett\u00e4 ilman este, mahdollistaa tuen hengitt\u00e4misen. Keramiikan ominaisuudet tekev\u00e4t ThermaCotesta sek\u00e4 l\u00e4mp\u00f6suojaa ett\u00e4 suojaa kosteudelta ja muotilta.<\/p>\n<\/div>\n\t\t\t\t<\/div>\n\t\t\t\t\t\t\t<div class=\"elementor-accordion-item\">\n\t\t\t\t\t<div id=\"elementor-tab-title-4508\" class=\"elementor-tab-title\" data-tab=\"8\" role=\"tab\" aria-controls=\"elementor-tab-content-4508\" aria-expanded=\"false\">\n\t\t\t\t\t\t\t\t\t\t\t\t\t<span class=\"elementor-accordion-icon elementor-accordion-icon-left\" aria-hidden=\"true\">\n\t\t\t\t\t\t\t\t\t\t\t\t\t\t\t<span class=\"elementor-accordion-icon-closed\"><i class=\"fas fa-caret-right\"><\/i><\/span>\n\t\t\t\t\t\t\t\t<span class=\"elementor-accordion-icon-opened\"><i class=\"fas fa-caret-down\"><\/i><\/span>\n\t\t\t\t\t\t\t\t\t\t\t\t\t\t<\/span>\n\t\t\t\t\t\t\t\t\t\t\t\t<a class=\"elementor-accordion-title\" href=\"\">Onko ThermaCote eristetty l\u00e4mm\u00f6st\u00e4 ja my\u00f6s kylm\u00e4st\u00e4?<\/a>\n\t\t\t\t\t<\/div>\n\t\t\t\t\t<div id=\"elementor-tab-content-4508\" class=\"elementor-tab-content elementor-clearfix\" data-tab=\"8\" role=\"tabpanel\" aria-labelledby=\"elementor-tab-title-4508\"><p>KYLL\u00c4 ThermaCote sis\u00e4lt\u00e4\u00e4 kaikki n\u00e4m\u00e4 ominaisuudet. Sovellettu ulkopuolella se k\u00e4ytt\u00e4ytyy kuin l\u00e4mp\u00f6kuori, joka est\u00e4\u00e4 kylm\u00e4n tai palaa l\u00e4mp\u00f6\u00e4, jota k\u00e4ytet\u00e4\u00e4n sen sis\u00e4lle, vaikuttaa sen heijastumisvoimalla, kuten este, joka est\u00e4\u00e4 l\u00e4mp\u00f6\u00e4, jonka l\u00e4mmitys tuottaa seinille, sama ilmastointia est\u00e4m\u00e4ll\u00e4 kylm\u00e4\u00e4 menem\u00e4st\u00e4 pois.<\/p>\n<p>N\u00e4iden ominaisuuksien seuraukset ovat toisaalta el\u00e4m\u00e4n mukavuuden lis\u00e4ksi my\u00f6s ja se on t\u00e4rkein v\u00e4hent\u00e4minen jopa 40 prosenttiin l\u00e4mmitys tai ilmastointi.<\/p>\n<\/div>\n\t\t\t\t<\/div>\n\t\t\t\t\t<\/div>\n\t\t\t\t<\/div>\n\t\t\t\t<\/div>\n\t\t\t\t\t\t<\/div>\n\t\t\t\t\t<\/div>\n\t\t<\/div>\n\t\t\t\t\t\t\t\t<\/div>\n\t\t\t\t\t<\/div>\n\t\t<\/section>\n\t\t\t\t\t\t<\/div>\n\t\t\t\t\t\t<\/div>\n\t\t\t\t\t<\/div>\n\t\t","protected":false},"excerpt":{"rendered":"<p>F. A. Q Mihin tukea voin soveltaa ThermaCote-maalia? Itse asiassa mihin tahansa tukeen: kipsi, betoni, tiili, kipsilevy, puu, lasi, verhous, liuskekivi, laatta, kaikki metallit jne. ThermaCote roikkuu suoraan l\u00e4hes kaikilla pinnoilla, oltava puhtaita ja kuivia. Voinko k\u00e4ytt\u00e4\u00e4 ThermaCotea ruostuneisiin pintoihin? Kyll\u00e4, ThermaCote sis\u00e4lt\u00e4\u00e4 formulaatiossa ruosteenestoaineita, jotka voivat est\u00e4\u00e4 tuen heikkenemisen. Kuitenkin on v\u00e4ltt\u00e4m\u00e4t\u00f6nt\u00e4 harjata ja [&hellip;]<\/p>\n","protected":false},"author":1,"featured_media":0,"parent":0,"menu_order":0,"comment_status":"closed","ping_status":"closed","template":"","meta":[],"yoast_head":"<!-- This site is optimized with the Yoast SEO plugin v15.9.1 - https:\/\/yoast.com\/wordpress\/plugins\/seo\/ -->\n<title>F. A. Q | ThermaCote Europe<\/title>\n<link rel=\"canonical\" href=\"https:\/\/thermacote.eu\/fi\/f-a-q\/\" \/>\n<meta property=\"og:locale\" content=\"fi_FI\" \/>\n<meta property=\"og:type\" content=\"article\" \/>\n<meta property=\"og:title\" content=\"F. A. Q | ThermaCote Europe\" \/>\n<meta property=\"og:description\" content=\"F. A. Q Mihin tukea voin soveltaa ThermaCote-maalia? Itse asiassa mihin tahansa tukeen: kipsi, betoni, tiili, kipsilevy, puu, lasi, verhous, liuskekivi, laatta, kaikki metallit jne. ThermaCote roikkuu suoraan l\u00e4hes kaikilla pinnoilla, oltava puhtaita ja kuivia. Voinko k\u00e4ytt\u00e4\u00e4 ThermaCotea ruostuneisiin pintoihin? Kyll\u00e4, ThermaCote sis\u00e4lt\u00e4\u00e4 formulaatiossa ruosteenestoaineita, jotka voivat est\u00e4\u00e4 tuen heikkenemisen. Kuitenkin on v\u00e4ltt\u00e4m\u00e4t\u00f6nt\u00e4 harjata ja [&hellip;]\" \/>\n<meta property=\"og:url\" content=\"https:\/\/thermacote.eu\/fi\/f-a-q\/\" \/>\n<meta property=\"og:site_name\" content=\"ThermaCote Europe\" \/>\n<meta property=\"article:publisher\" content=\"https:\/\/www.facebook.com\/ThermaCote.Europe\/?ref=br_rs\" \/>\n<meta property=\"article:modified_time\" content=\"2020-01-03T08:00:05+00:00\" \/>\n<meta name=\"twitter:card\" content=\"summary_large_image\" \/>\n<meta name=\"twitter:site\" content=\"@thermacotefr\" \/>\n<meta name=\"twitter:label1\" content=\"Est. reading time\">\n\t<meta name=\"twitter:data1\" content=\"2 minuuttia\">\n<script type=\"application\/ld+json\" class=\"yoast-schema-graph\">{\"@context\":\"https:\/\/schema.org\",\"@graph\":[{\"@type\":\"Organization\",\"@id\":\"https:\/\/thermacote.eu\/#organization\",\"name\":\"ThermaCote Europe\",\"url\":\"https:\/\/thermacote.eu\/\",\"sameAs\":[\"https:\/\/www.facebook.com\/ThermaCote.Europe\/?ref=br_rs\",\"https:\/\/www.linkedin.com\/company\/thermacote-europe\/\",\"https:\/\/twitter.com\/thermacotefr\"],\"logo\":{\"@type\":\"ImageObject\",\"@id\":\"https:\/\/thermacote.eu\/#logo\",\"inLanguage\":\"fi\",\"url\":\"https:\/\/thermacote.eu\/wp-content\/uploads\/2019\/11\/logo-full.png\",\"width\":1535,\"height\":242,\"caption\":\"ThermaCote Europe\"},\"image\":{\"@id\":\"https:\/\/thermacote.eu\/#logo\"}},{\"@type\":\"WebSite\",\"@id\":\"https:\/\/thermacote.eu\/#website\",\"url\":\"https:\/\/thermacote.eu\/\",\"name\":\"ThermaCote Europe\",\"description\":\"ThermaCote Europe\",\"publisher\":{\"@id\":\"https:\/\/thermacote.eu\/#organization\"},\"potentialAction\":[{\"@type\":\"SearchAction\",\"target\":\"https:\/\/thermacote.eu\/?s={search_term_string}\",\"query-input\":\"required name=search_term_string\"}],\"inLanguage\":\"fi\"},{\"@type\":\"WebPage\",\"@id\":\"https:\/\/thermacote.eu\/fi\/f-a-q\/#webpage\",\"url\":\"https:\/\/thermacote.eu\/fi\/f-a-q\/\",\"name\":\"F. A. Q | ThermaCote Europe\",\"isPartOf\":{\"@id\":\"https:\/\/thermacote.eu\/#website\"},\"datePublished\":\"2019-12-12T09:53:07+00:00\",\"dateModified\":\"2020-01-03T08:00:05+00:00\",\"breadcrumb\":{\"@id\":\"https:\/\/thermacote.eu\/fi\/f-a-q\/#breadcrumb\"},\"inLanguage\":\"fi\",\"potentialAction\":[{\"@type\":\"ReadAction\",\"target\":[\"https:\/\/thermacote.eu\/fi\/f-a-q\/\"]}]},{\"@type\":\"BreadcrumbList\",\"@id\":\"https:\/\/thermacote.eu\/fi\/f-a-q\/#breadcrumb\",\"itemListElement\":[{\"@type\":\"ListItem\",\"position\":1,\"item\":{\"@type\":\"WebPage\",\"@id\":\"https:\/\/thermacote.eu\/fi\/\",\"url\":\"https:\/\/thermacote.eu\/fi\/\",\"name\":\"Home\"}},{\"@type\":\"ListItem\",\"position\":2,\"item\":{\"@type\":\"WebPage\",\"@id\":\"https:\/\/thermacote.eu\/fi\/f-a-q\/\",\"url\":\"https:\/\/thermacote.eu\/fi\/f-a-q\/\",\"name\":\"F. A. Q\"}}]}]}<\/script>\n<!-- \/ Yoast SEO plugin. -->","meta_box":[],"_links":{"self":[{"href":"https:\/\/thermacote.eu\/fi\/wp-json\/wp\/v2\/pages\/9987"}],"collection":[{"href":"https:\/\/thermacote.eu\/fi\/wp-json\/wp\/v2\/pages"}],"about":[{"href":"https:\/\/thermacote.eu\/fi\/wp-json\/wp\/v2\/types\/page"}],"author":[{"embeddable":true,"href":"https:\/\/thermacote.eu\/fi\/wp-json\/wp\/v2\/users\/1"}],"replies":[{"embeddable":true,"href":"https:\/\/thermacote.eu\/fi\/wp-json\/wp\/v2\/comments?post=9987"}],"version-history":[{"count":0,"href":"https:\/\/thermacote.eu\/fi\/wp-json\/wp\/v2\/pages\/9987\/revisions"}],"wp:attachment":[{"href":"https:\/\/thermacote.eu\/fi\/wp-json\/wp\/v2\/media?parent=9987"}],"curies":[{"name":"wp","href":"https:\/\/api.w.org\/{rel}","templated":true}]}}