{"id":8950,"date":"2019-12-12T09:10:59","date_gmt":"2019-12-12T09:10:59","guid":{"rendered":"http:\/\/thermacote.eu\/oikeudelliset-maininnat\/"},"modified":"2023-10-17T09:10:06","modified_gmt":"2023-10-17T09:10:06","slug":"oikeudelliset-maininnat","status":"publish","type":"page","link":"https:\/\/thermacote.eu\/fi\/oikeudelliset-maininnat\/","title":{"rendered":"Oikeudelliset maininnat"},"content":{"rendered":"\t\t<div data-elementor-type=\"wp-page\" data-elementor-id=\"8950\" class=\"elementor elementor-8950 elementor-100\" data-elementor-settings=\"[]\">\n\t\t\t\t\t\t<div class=\"elementor-inner\">\n\t\t\t\t\t\t\t<div class=\"elementor-section-wrap\">\n\t\t\t\t\t\t\t<section class=\"elementor-section elementor-top-section elementor-element elementor-element-594264c2 elementor-section-height-min-height elementor-section-boxed elementor-section-height-default elementor-section-items-middle\" data-id=\"594264c2\" data-element_type=\"section\" data-settings=\"{&quot;background_background&quot;:&quot;classic&quot;,&quot;shape_divider_bottom&quot;:&quot;tilt&quot;}\">\n\t\t\t\t\t\t\t<div class=\"elementor-background-overlay\"><\/div>\n\t\t\t\t\t\t<div class=\"elementor-shape elementor-shape-bottom\" data-negative=\"false\">\n\t\t\t<svg xmlns=\"http:\/\/www.w3.org\/2000\/svg\" viewBox=\"0 0 1000 100\" preserveAspectRatio=\"none\">\n\t<path class=\"elementor-shape-fill\" d=\"M0,6V0h1000v100L0,6z\"\/>\n<\/svg>\t\t<\/div>\n\t\t\t\t\t<div class=\"elementor-container elementor-column-gap-default\">\n\t\t\t\t\t\t\t<div class=\"elementor-row\">\n\t\t\t\t\t<div class=\"elementor-column elementor-col-100 elementor-top-column elementor-element elementor-element-5f700e0d\" data-id=\"5f700e0d\" data-element_type=\"column\">\n\t\t\t<div class=\"elementor-column-wrap elementor-element-populated\">\n\t\t\t\t\t\t\t<div class=\"elementor-widget-wrap\">\n\t\t\t\t\t\t<div class=\"elementor-element elementor-element-56b32b13 animated-fast elementor-invisible elementor-widget elementor-widget-heading\" data-id=\"56b32b13\" data-element_type=\"widget\" data-settings=\"{&quot;_animation&quot;:&quot;fadeInUp&quot;}\" data-widget_type=\"heading.default\">\n\t\t\t\t<div class=\"elementor-widget-container\">\n\t\t\t<h1 class=\"elementor-heading-title elementor-size-default\">Oikeudelliset maininnat<\/h1>\t\t<\/div>\n\t\t\t\t<\/div>\n\t\t\t\t\t\t<\/div>\n\t\t\t\t\t<\/div>\n\t\t<\/div>\n\t\t\t\t\t\t\t\t<\/div>\n\t\t\t\t\t<\/div>\n\t\t<\/section>\n\t\t\t\t<section class=\"elementor-section elementor-top-section elementor-element elementor-element-50f0e1ce elementor-section-boxed elementor-section-height-default elementor-section-height-default\" data-id=\"50f0e1ce\" data-element_type=\"section\" data-settings=\"{&quot;background_background&quot;:&quot;classic&quot;,&quot;shape_divider_bottom&quot;:&quot;tilt&quot;}\">\n\t\t\t\t\t<div class=\"elementor-shape elementor-shape-bottom\" data-negative=\"false\">\n\t\t\t<svg xmlns=\"http:\/\/www.w3.org\/2000\/svg\" viewBox=\"0 0 1000 100\" preserveAspectRatio=\"none\">\n\t<path class=\"elementor-shape-fill\" d=\"M0,6V0h1000v100L0,6z\"\/>\n<\/svg>\t\t<\/div>\n\t\t\t\t\t<div class=\"elementor-container elementor-column-gap-default\">\n\t\t\t\t\t\t\t<div class=\"elementor-row\">\n\t\t\t\t\t<div class=\"elementor-column elementor-col-100 elementor-top-column elementor-element elementor-element-1ac8faa4\" data-id=\"1ac8faa4\" data-element_type=\"column\">\n\t\t\t<div class=\"elementor-column-wrap elementor-element-populated\">\n\t\t\t\t\t\t\t<div class=\"elementor-widget-wrap\">\n\t\t\t\t\t\t<section class=\"elementor-section elementor-inner-section elementor-element elementor-element-6de57516 animated-fast elementor-section-boxed elementor-section-height-default elementor-section-height-default elementor-invisible\" data-id=\"6de57516\" data-element_type=\"section\" data-settings=\"{&quot;background_background&quot;:&quot;classic&quot;,&quot;animation&quot;:&quot;fadeInUp&quot;}\">\n\t\t\t\t\t\t<div class=\"elementor-container elementor-column-gap-default\">\n\t\t\t\t\t\t\t<div class=\"elementor-row\">\n\t\t\t\t\t<div class=\"elementor-column elementor-col-100 elementor-inner-column elementor-element elementor-element-4410e7f9\" data-id=\"4410e7f9\" data-element_type=\"column\">\n\t\t\t<div class=\"elementor-column-wrap elementor-element-populated\">\n\t\t\t\t\t\t\t<div class=\"elementor-widget-wrap\">\n\t\t\t\t\t\t<div class=\"elementor-element elementor-element-222db01b elementor-widget elementor-widget-text-editor\" data-id=\"222db01b\" data-element_type=\"widget\" data-widget_type=\"text-editor.default\">\n\t\t\t\t<div class=\"elementor-widget-container\">\n\t\t\t\t\t<div class=\"elementor-text-editor elementor-clearfix\"><article><h2>ThermaCote Ranska<\/h2><p>La Soci\u00e9t\u00e9 ThermaCote France Est une SAS au Capital de 10 000 \u20ac<\/p><p>RCS Vannes: 78919817300021\/N \u00b0 TVA: FR04789198173<\/p><p>Si\u00e8ge Social: 6Bis All\u00e9e du Dolmen \u2013 56000 VANNES \u2013 Ranska<\/p><p>Yhteys tiedot: T\u00e9l: 01 60 86 48 70\/contact@thermacote.eu<\/p><p>Responsabilit\u00e9 Dynamite du site: Pierre Elin<\/p><\/article><article><h2>H\u00e9bergement OVH<\/h2><p>Le site peinture-isolante.eu Est h\u00e9berg\u00e9 par La Soci\u00e9t\u00e9 OVH:<\/p><p>La Soci\u00e9t\u00e9 OVH Est une SAS au Capital de 10 000 000 \u20ac<\/p><p>RCS Roubaix \u2013 Tourcoing 424 761 419 00045<\/p><p>Koodi APE 6202A<\/p><p>N \u00b0 TVA: FR 22 424 761 419<\/p><p>Si\u00e8ge Social: 2 Rue Kellermann \u2013 59100 Roubaix \u2013 Ranska.<\/p><\/article><article><h2>Propri\u00e9t\u00e9 intelltuelle<\/h2><p>La rakenne g\u00e9n\u00e9rale du Site www.thermacote.eu, Ainsi que Les textes, grafiiques, kuvat, Sons et vid\u00e9os La composant, sont La Propri\u00e9t\u00e9 de l&#8217;\u00e9diteur ou de Ses partenaires.<\/p><p>Toute repr\u00e9sentation et\/ou j\u00e4ljent\u00e4minen et\/ou-hy\u00f6dynt\u00e4minen korvausta ou Totale des contenus et Services-sivustolla www.thermacote.EU, par quelque Part proc\u00e9d\u00e9 que CE soit, sans l&#8217;autorisation pr\u00e9alable et par \u00e9crit de thermacote France et\/ou de Ses partenaires Est strictement interdite et serait altis de constituer une contrefa\u00e7on au Sens artiklat l 335-2 et suivants du Code de la Propri\u00e9t\u00e9 intelltuelle.<\/p><p>La Marque \u00abThermaCote\u00ae\u00bb, EST une Marques d\u00e9pos\u00e9e par THERMACOTE Inc. et Son Partenaire THERMACOTE France.<\/p><p>Toute repr\u00e9sentation et\/ou j\u00e4ljent\u00e4minen et\/ou-hy\u00f6dynt\u00e4minen korvausta ou Totale de CES Marques, de quelque Part Nature que CE soit, EST totalement kielto \u00e9e.<\/p><\/article><article><h2>Les Cookies<\/h2><p>CE site Internet hy\u00f6dynt\u00e4\u00e4 des ev\u00e4s teet.<\/p><p>Les Cookies du site ne contiennent Pas de donn\u00e9es permettant de Vous Identifier personnellement.<\/p><p>Nous Vous informons que Vous pouvez Vous vasta, \u00e0 l&#8217;Enregistrement de CES \u00abCookies\u00bb en hy\u00f6dynt\u00e4\u00e4 une option de Configuration de votre navigateur.<\/p><\/article><article><h2>Liens vers d&#8217;autre-sivustot<\/h2><p>Le Site www.thermacote.EU Est herkk\u00e4 de contenir des pantti vers d&#8217;autres sivustoja Web, &#8221;notamment&#8221; Les sites des partenaires de thermacote Ranska. La mise en Place de CES pantti a fait l&#8217;objet d&#8217;une ja pr\u00e9alable et expresse. L&#8217;olemassaolo de CES pantti n&#8217;implique Aucun contr\u00f4le ni aucune hyv\u00e4ksynt\u00e4ns\u00e4 par thermacote France de Leur contenu.<\/p><p>En cons\u00e9quence, thermacote France ne pourra en Aucun CAS \u00eatre Tenue responsable du contenu des sites, auxquels Les k\u00e4ytt\u00e4\u00e4 ateurs de www.thermacote.EU auraient acc\u00e8s, par Le tyt\u00e4r de CES Liens. Toute Cr\u00e9ation de Lien vers Le Site www.thermacote.eu Est soumise \u00e0 l&#8217;autorisation pr\u00e9alable et expresse-de THERMACOTE France.<\/p><p>Cette ja pourra \u00e0 tout hetki \u00eatre retir\u00e9e par thermacote France, sans que Cette derni\u00e8re AIT \u00e0 vanhurskauttaja SA anticipative de Retrait.<\/p><\/article><article><h2>Fonctionnement du site<\/h2><p>Le site Internet de la Soci\u00e9t\u00e9 THERMACOTE France Est normalement saatavilla 24h\/24h et 7 Jours\/7. En CAS de force majeure, de difficult\u00e9s informatiques, de difficult\u00e9s li\u00e9es \u00e0 la Structure des r\u00e9seaux de ainetta t\u00e9l\u00e9communications ou difficult\u00e9s Techniques, pour des &#8221;Raisons de Maintenance, sans que Cette Liste ne soit tyhjent\u00e4v\u00e4, l&#8217;acc\u00e8s \u00e0 tout ou partie du site pourra \u00eatre suspendu ou supprim\u00e9 sur Simple anticipative de la Soci\u00e9t\u00e9 thermacote France.<\/p><p>Pour des &#8221;Raisons de Maintenance, et\/ou pour Toute Autre anticipative de la Soci\u00e9t\u00e9 thermacote France, l&#8217;acc\u00e8s au site Internet pourra \u00eatre interrompu. Le site Internet Est herkk\u00e4 de muutos et d&#8217;\u00e9volutions Sans ilmoitus d&#8217;aucune Sorte.<\/p><p>L&#8217;hy\u00f6dynt\u00e4v\u00e4t ateur reconna\u00eet luoper de la comp\u00e9tence et des moyens n\u00e9cessaires pour acc\u00e9der et k\u00e4ytt\u00e4\u00e4 Le site de THERMACOTE ranskaa. Il reconna\u00eet avoir v\u00e9rifi\u00e9 que La Configuration Informatique qu&#8217;il k\u00e4ytt\u00e4\u00e4 ne contient Aucun virus et qu&#8217;elle Est en parfait \u00c9tat de fonctionnement.<\/p><p>En Aucun CAS, La Soci\u00e9t\u00e9 THERMACOTE France ne Sera Tenue vastuullinen des dommages ohjaa, inohjaa ou sp\u00e9ciaux, r\u00e9sultant de l&#8217;hy\u00f6dynt\u00e4mist\u00e4 du Site www.thermacote.eu ou d&#8217;autres sivustot Qui lui sont li\u00e9s et, notamment, de tout pr\u00e9judice Financier, kaupallinen, perte de ohjelmat ou de donn\u00e9es Dans Le Syst\u00e8me d&#8217;information de l&#8217;hy\u00f6dynt\u00e4m\u00e4\u00e4n ateur.<\/p><p>THERMACOTE Ranska Vous remercie de lui faire Part d&#8217;\u00e9ventuelles requ\u00eates, laiminly\u00f6ntej\u00e4, erreurs, ou korjaukset en adressant un Mail au Webmaster du site Internet \u00e0 L&#8217;Adresse suivante contact@thermacote.eu<\/p><\/article><\/div>\n\t\t\t\t<\/div>\n\t\t\t\t<\/div>\n\t\t\t\t\t\t<\/div>\n\t\t\t\t\t<\/div>\n\t\t<\/div>\n\t\t\t\t\t\t\t\t<\/div>\n\t\t\t\t\t<\/div>\n\t\t<\/section>\n\t\t\t\t\t\t<\/div>\n\t\t\t\t\t<\/div>\n\t\t<\/div>\n\t\t\t\t\t\t\t\t<\/div>\n\t\t\t\t\t<\/div>\n\t\t<\/section>\n\t\t\t\t\t\t<\/div>\n\t\t\t\t\t\t<\/div>\n\t\t\t\t\t<\/div>\n\t\t","protected":false},"excerpt":{"rendered":"<p>Oikeudelliset maininnat ThermaCote Ranska La Soci\u00e9t\u00e9 ThermaCote France Est une SAS au Capital de 10 000 \u20ac RCS Vannes: 78919817300021\/N \u00b0 TVA: FR04789198173 Si\u00e8ge Social: 6Bis All\u00e9e du Dolmen \u2013 56000 VANNES \u2013 Ranska Yhteys tiedot: T\u00e9l: 01 60 86 48 70\/contact@thermacote.eu Responsabilit\u00e9 Dynamite du site: Pierre Elin H\u00e9bergement OVH Le site peinture-isolante.eu Est h\u00e9berg\u00e9 [&hellip;]<\/p>\n","protected":false},"author":1,"featured_media":0,"parent":0,"menu_order":0,"comment_status":"closed","ping_status":"closed","template":"","meta":[],"yoast_head":"<!-- This site is optimized with the Yoast SEO plugin v15.9.1 - https:\/\/yoast.com\/wordpress\/plugins\/seo\/ -->\n<title>Oikeudelliset maininnat | ThermaCote Europe<\/title>\n<link rel=\"canonical\" href=\"https:\/\/thermacote.eu\/fi\/oikeudelliset-maininnat\/\" \/>\n<meta property=\"og:locale\" content=\"fi_FI\" \/>\n<meta property=\"og:type\" content=\"article\" \/>\n<meta property=\"og:title\" content=\"Oikeudelliset maininnat | ThermaCote Europe\" \/>\n<meta property=\"og:description\" content=\"Oikeudelliset maininnat ThermaCote Ranska La Soci\u00e9t\u00e9 ThermaCote France Est une SAS au Capital de 10 000 \u20ac RCS Vannes: 78919817300021\/N \u00b0 TVA: FR04789198173 Si\u00e8ge Social: 6Bis All\u00e9e du Dolmen \u2013 56000 VANNES \u2013 Ranska Yhteys tiedot: T\u00e9l: 01 60 86 48 70\/contact@thermacote.eu Responsabilit\u00e9 Dynamite du site: Pierre Elin H\u00e9bergement OVH Le site peinture-isolante.eu Est h\u00e9berg\u00e9 [&hellip;]\" \/>\n<meta property=\"og:url\" content=\"https:\/\/thermacote.eu\/fi\/oikeudelliset-maininnat\/\" \/>\n<meta property=\"og:site_name\" content=\"ThermaCote Europe\" \/>\n<meta property=\"article:publisher\" content=\"https:\/\/www.facebook.com\/ThermaCote.Europe\/?ref=br_rs\" \/>\n<meta property=\"article:modified_time\" content=\"2023-10-17T09:10:06+00:00\" \/>\n<meta name=\"twitter:card\" content=\"summary_large_image\" \/>\n<meta name=\"twitter:site\" content=\"@thermacotefr\" \/>\n<meta name=\"twitter:label1\" content=\"Est. reading time\">\n\t<meta name=\"twitter:data1\" content=\"3 minuuttia\">\n<script type=\"application\/ld+json\" class=\"yoast-schema-graph\">{\"@context\":\"https:\/\/schema.org\",\"@graph\":[{\"@type\":\"Organization\",\"@id\":\"https:\/\/thermacote.eu\/#organization\",\"name\":\"ThermaCote Europe\",\"url\":\"https:\/\/thermacote.eu\/\",\"sameAs\":[\"https:\/\/www.facebook.com\/ThermaCote.Europe\/?ref=br_rs\",\"https:\/\/www.linkedin.com\/company\/thermacote-europe\/\",\"https:\/\/twitter.com\/thermacotefr\"],\"logo\":{\"@type\":\"ImageObject\",\"@id\":\"https:\/\/thermacote.eu\/#logo\",\"inLanguage\":\"fi\",\"url\":\"https:\/\/thermacote.eu\/wp-content\/uploads\/2019\/11\/logo-full.png\",\"width\":1535,\"height\":242,\"caption\":\"ThermaCote Europe\"},\"image\":{\"@id\":\"https:\/\/thermacote.eu\/#logo\"}},{\"@type\":\"WebSite\",\"@id\":\"https:\/\/thermacote.eu\/#website\",\"url\":\"https:\/\/thermacote.eu\/\",\"name\":\"ThermaCote Europe\",\"description\":\"ThermaCote Europe\",\"publisher\":{\"@id\":\"https:\/\/thermacote.eu\/#organization\"},\"potentialAction\":[{\"@type\":\"SearchAction\",\"target\":\"https:\/\/thermacote.eu\/?s={search_term_string}\",\"query-input\":\"required name=search_term_string\"}],\"inLanguage\":\"fi\"},{\"@type\":\"WebPage\",\"@id\":\"https:\/\/thermacote.eu\/fi\/oikeudelliset-maininnat\/#webpage\",\"url\":\"https:\/\/thermacote.eu\/fi\/oikeudelliset-maininnat\/\",\"name\":\"Oikeudelliset maininnat | ThermaCote Europe\",\"isPartOf\":{\"@id\":\"https:\/\/thermacote.eu\/#website\"},\"datePublished\":\"2019-12-12T09:10:59+00:00\",\"dateModified\":\"2023-10-17T09:10:06+00:00\",\"breadcrumb\":{\"@id\":\"https:\/\/thermacote.eu\/fi\/oikeudelliset-maininnat\/#breadcrumb\"},\"inLanguage\":\"fi\",\"potentialAction\":[{\"@type\":\"ReadAction\",\"target\":[\"https:\/\/thermacote.eu\/fi\/oikeudelliset-maininnat\/\"]}]},{\"@type\":\"BreadcrumbList\",\"@id\":\"https:\/\/thermacote.eu\/fi\/oikeudelliset-maininnat\/#breadcrumb\",\"itemListElement\":[{\"@type\":\"ListItem\",\"position\":1,\"item\":{\"@type\":\"WebPage\",\"@id\":\"https:\/\/thermacote.eu\/fi\/\",\"url\":\"https:\/\/thermacote.eu\/fi\/\",\"name\":\"Home\"}},{\"@type\":\"ListItem\",\"position\":2,\"item\":{\"@type\":\"WebPage\",\"@id\":\"https:\/\/thermacote.eu\/fi\/oikeudelliset-maininnat\/\",\"url\":\"https:\/\/thermacote.eu\/fi\/oikeudelliset-maininnat\/\",\"name\":\"Oikeudelliset maininnat\"}}]}]}<\/script>\n<!-- \/ Yoast SEO plugin. -->","meta_box":[],"_links":{"self":[{"href":"https:\/\/thermacote.eu\/fi\/wp-json\/wp\/v2\/pages\/8950"}],"collection":[{"href":"https:\/\/thermacote.eu\/fi\/wp-json\/wp\/v2\/pages"}],"about":[{"href":"https:\/\/thermacote.eu\/fi\/wp-json\/wp\/v2\/types\/page"}],"author":[{"embeddable":true,"href":"https:\/\/thermacote.eu\/fi\/wp-json\/wp\/v2\/users\/1"}],"replies":[{"embeddable":true,"href":"https:\/\/thermacote.eu\/fi\/wp-json\/wp\/v2\/comments?post=8950"}],"version-history":[{"count":0,"href":"https:\/\/thermacote.eu\/fi\/wp-json\/wp\/v2\/pages\/8950\/revisions"}],"wp:attachment":[{"href":"https:\/\/thermacote.eu\/fi\/wp-json\/wp\/v2\/media?parent=8950"}],"curies":[{"name":"wp","href":"https:\/\/api.w.org\/{rel}","templated":true}]}}