{"id":8547,"date":"2019-12-12T08:59:54","date_gmt":"2019-12-12T08:59:54","guid":{"rendered":"http:\/\/thermacote.eu\/asiakirjat\/"},"modified":"2020-01-03T08:21:14","modified_gmt":"2020-01-03T08:21:14","slug":"asiakirjat","status":"publish","type":"page","link":"https:\/\/thermacote.eu\/fi\/asiakirjat\/","title":{"rendered":"Dokumentointi"},"content":{"rendered":"\t\t<div data-elementor-type=\"wp-page\" data-elementor-id=\"8547\" class=\"elementor elementor-8547 elementor-92\" data-elementor-settings=\"[]\">\n\t\t\t\t\t\t<div class=\"elementor-inner\">\n\t\t\t\t\t\t\t<div class=\"elementor-section-wrap\">\n\t\t\t\t\t\t\t<section class=\"elementor-section elementor-top-section elementor-element elementor-element-3c64929e elementor-section-height-min-height elementor-section-boxed elementor-section-height-default elementor-section-items-middle\" data-id=\"3c64929e\" data-element_type=\"section\" data-settings=\"{&quot;background_background&quot;:&quot;classic&quot;,&quot;shape_divider_bottom&quot;:&quot;tilt&quot;}\">\n\t\t\t\t\t\t\t<div class=\"elementor-background-overlay\"><\/div>\n\t\t\t\t\t\t<div class=\"elementor-shape elementor-shape-bottom\" data-negative=\"false\">\n\t\t\t<svg xmlns=\"http:\/\/www.w3.org\/2000\/svg\" viewBox=\"0 0 1000 100\" preserveAspectRatio=\"none\">\n\t<path class=\"elementor-shape-fill\" d=\"M0,6V0h1000v100L0,6z\"\/>\n<\/svg>\t\t<\/div>\n\t\t\t\t\t<div class=\"elementor-container elementor-column-gap-default\">\n\t\t\t\t\t\t\t<div class=\"elementor-row\">\n\t\t\t\t\t<div class=\"elementor-column elementor-col-100 elementor-top-column elementor-element elementor-element-e976a16\" data-id=\"e976a16\" data-element_type=\"column\">\n\t\t\t<div class=\"elementor-column-wrap elementor-element-populated\">\n\t\t\t\t\t\t\t<div class=\"elementor-widget-wrap\">\n\t\t\t\t\t\t<div class=\"elementor-element elementor-element-38204bef animated-fast elementor-invisible elementor-widget elementor-widget-heading\" data-id=\"38204bef\" data-element_type=\"widget\" data-settings=\"{&quot;_animation&quot;:&quot;fadeInUp&quot;}\" data-widget_type=\"heading.default\">\n\t\t\t\t<div class=\"elementor-widget-container\">\n\t\t\t<h1 class=\"elementor-heading-title elementor-size-default\">Dokumentointi<\/h1>\t\t<\/div>\n\t\t\t\t<\/div>\n\t\t\t\t<div class=\"elementor-element elementor-element-389b4d2d animated-fast elementor-invisible elementor-widget elementor-widget-text-editor\" data-id=\"389b4d2d\" data-element_type=\"widget\" data-settings=\"{&quot;_animation&quot;:&quot;fadeInUp&quot;}\" data-widget_type=\"text-editor.default\">\n\t\t\t\t<div class=\"elementor-widget-container\">\n\t\t\t\t\t<div class=\"elementor-text-editor elementor-clearfix\"><div class=\"content\" data-v-491d7588=\"\">\n<p data-v-491d7588=\"\">Kaikki Thermacote-ja IT-tuotteisiin liittyv\u00e4t asia kirjat<\/p>\n<\/div>\n<\/div>\n\t\t\t\t<\/div>\n\t\t\t\t<\/div>\n\t\t\t\t\t\t<\/div>\n\t\t\t\t\t<\/div>\n\t\t<\/div>\n\t\t\t\t\t\t\t\t<\/div>\n\t\t\t\t\t<\/div>\n\t\t<\/section>\n\t\t\t\t<section class=\"elementor-section elementor-top-section elementor-element elementor-element-3711b1c elementor-section-boxed elementor-section-height-default elementor-section-height-default\" data-id=\"3711b1c\" data-element_type=\"section\" data-settings=\"{&quot;background_background&quot;:&quot;classic&quot;,&quot;shape_divider_bottom&quot;:&quot;tilt&quot;}\">\n\t\t\t\t\t<div class=\"elementor-shape elementor-shape-bottom\" data-negative=\"false\">\n\t\t\t<svg xmlns=\"http:\/\/www.w3.org\/2000\/svg\" viewBox=\"0 0 1000 100\" preserveAspectRatio=\"none\">\n\t<path class=\"elementor-shape-fill\" d=\"M0,6V0h1000v100L0,6z\"\/>\n<\/svg>\t\t<\/div>\n\t\t\t\t\t<div class=\"elementor-container elementor-column-gap-default\">\n\t\t\t\t\t\t\t<div class=\"elementor-row\">\n\t\t\t\t\t<div class=\"elementor-column elementor-col-100 elementor-top-column elementor-element elementor-element-1ef3d2c9\" data-id=\"1ef3d2c9\" data-element_type=\"column\">\n\t\t\t<div class=\"elementor-column-wrap elementor-element-populated\">\n\t\t\t\t\t\t\t<div class=\"elementor-widget-wrap\">\n\t\t\t\t\t\t<section class=\"elementor-section elementor-inner-section elementor-element elementor-element-5a2b4fdc animated-fast elementor-section-boxed elementor-section-height-default elementor-section-height-default elementor-invisible\" data-id=\"5a2b4fdc\" data-element_type=\"section\" data-settings=\"{&quot;background_background&quot;:&quot;classic&quot;,&quot;animation&quot;:&quot;fadeInUp&quot;}\">\n\t\t\t\t\t\t<div class=\"elementor-container elementor-column-gap-default\">\n\t\t\t\t\t\t\t<div class=\"elementor-row\">\n\t\t\t\t\t<div class=\"elementor-column elementor-col-100 elementor-inner-column elementor-element elementor-element-1f20e377\" data-id=\"1f20e377\" data-element_type=\"column\">\n\t\t\t<div class=\"elementor-column-wrap elementor-element-populated\">\n\t\t\t\t\t\t\t<div class=\"elementor-widget-wrap\">\n\t\t\t\t\t\t<div class=\"elementor-element elementor-element-80c148a elementor-widget elementor-widget-toolset-view\" data-id=\"80c148a\" data-element_type=\"widget\" data-widget_type=\"toolset-view.default\">\n\t\t\t\t<div class=\"elementor-widget-container\">\n\t\t\t\n\n\n<div id=\"region-container\">\n<div id=\"wpv-view-layout-8193\" class=\"js-wpv-view-layout js-wpv-layout-responsive js-wpv-view-layout-8193\" data-viewnumber=\"8193\" data-pagination=\"{&quot;id&quot;:8193,&quot;query&quot;:&quot;normal&quot;,&quot;type&quot;:&quot;disabled&quot;,&quot;effect&quot;:&quot;fade&quot;,&quot;duration&quot;:500,&quot;speed&quot;:5,&quot;pause_on_hover&quot;:&quot;disabled&quot;,&quot;stop_rollover&quot;:&quot;false&quot;,&quot;cache_pages&quot;:&quot;enabled&quot;,&quot;preload_images&quot;:&quot;enabled&quot;,&quot;preload_pages&quot;:&quot;enabled&quot;,&quot;preload_reach&quot;:1,&quot;spinner&quot;:&quot;builtin&quot;,&quot;spinner_image&quot;:&quot;https:\/\/thermacote.eu\/wp-content\/plugins\/wp-views\/embedded\/res\/img\/ajax-loader.gif&quot;,&quot;callback_next&quot;:&quot;&quot;,&quot;manage_history&quot;:&quot;enabled&quot;,&quot;has_controls_in_form&quot;:&quot;disabled&quot;,&quot;infinite_tolerance&quot;:&quot;0&quot;,&quot;max_pages&quot;:0,&quot;page&quot;:1,&quot;base_permalink&quot;:&quot;\/fi\/wp-json\/wp\/v2\/pages\/8547?wpv_view_count=8193&wpv_paged=WPV_PAGE_NUM&quot;,&quot;loop&quot;:{&quot;type&quot;:&quot;&quot;,&quot;name&quot;:&quot;&quot;,&quot;data&quot;:[],&quot;id&quot;:0}}\" data-permalink=\"\/fi\/wp-json\/wp\/v2\/pages\/8547?wpv_view_count=8193\">\n\n\t\n\t\n\t<vs-collapse ref=\"collapse\" accordion type=\"margin\">\n\t\t\n     \t\t<vs-collapse-item icon-pack=\"fas\" icon-arrow=\"fa-arrow-down\">\n      \t\t\t <h3 class=\"documentation-name\" slot=\"header\">\nThermaCote domestic Brochure in Finnish\n<\/h3>\n<div class=\"documentation-content-container\">\n  <img src=\"http:\/\/thermacote.eu\/wp-content\/uploads\/2019\/12\/thermacote-plaquette-preview_1542883118525-1.jpg\" title=\"thermacote-plaquette-preview_1542883118525 (1)\" class=\"attachment-full\" \/>\n  <div class=\"content\">\n    ThermaCote\u00ae l\u00e4mm\u00f6neristyspinnoitus on talon suoja mik\u00e4 s\u00e4\u00e4t\u00e4\u00e4 rakenteiden l\u00e4mp\u00f6tilaa ja pit\u00e4\u00e4 sen kuivana, jolloin se tekee siit\u00e4 viel\u00e4 puhtaamman ja terveellisemm\u00e4n paikan asua. ThermaCote\u00ae suojaa talon ulkokuorta mikrohalkeamilta. ThermaCote\u00ae muodostaa ilma-ja vesitiiviin pinnan, mik\u00e4 tehostaa rakennuksen l\u00e4mp\u00f6erist\u00e4vyytt\u00e4 sek\u00e4 est\u00e4\u00e4 l\u00e4mp\u00f6siltojen synty\u00e4. T\u00e4m\u00e4 varmistaa asukkailleen terveellisen asumisen mihin vuoden aikaan tahansa.\n  <\/div>\n  <a class=\"button\" href=\"http:\/\/thermacote.eu\/wp-content\/uploads\/2019\/12\/THERMACOTE_domestic_brochure_FINNISH_Web-31-07-2018_1545148314171.pdf\" type=\"download\" target=\"_blank\" rel=\"noopener noreferrer\">Download<\/a>\n<\/div>\n\n      \t\t<\/vs-collapse-item>\n        \n     \t\t<vs-collapse-item icon-pack=\"fas\" icon-arrow=\"fa-arrow-down\">\n      \t\t\t <h3 class=\"documentation-name\" slot=\"header\">\nThermaCote brochure in Finnish\n<\/h3>\n<div class=\"documentation-content-container\">\n  <img src=\"http:\/\/thermacote.eu\/wp-content\/uploads\/2019\/12\/thermacote-brochure-preview_1542883118507-1.jpg\" title=\"thermacote-brochure-preview_1542883118507\" class=\"attachment-full\" \/>\n  <div class=\"content\">\n    \n  <\/div>\n  <a class=\"button\" href=\"http:\/\/thermacote.eu\/wp-content\/uploads\/2019\/12\/ThermaCote_Brochure_FI-17-07-18-web_1545148188865.pdf\" type=\"download\" target=\"_blank\" rel=\"noopener noreferrer\">Download<\/a>\n<\/div>\n\n      \t\t<\/vs-collapse-item>\n        \n\t<\/vs-collapse>\n\t\n\t\n  \n\t\n<\/div>\n<\/div>\t\t<\/div>\n\t\t\t\t<\/div>\n\t\t\t\t\t\t<\/div>\n\t\t\t\t\t<\/div>\n\t\t<\/div>\n\t\t\t\t\t\t\t\t<\/div>\n\t\t\t\t\t<\/div>\n\t\t<\/section>\n\t\t\t\t\t\t<\/div>\n\t\t\t\t\t<\/div>\n\t\t<\/div>\n\t\t\t\t\t\t\t\t<\/div>\n\t\t\t\t\t<\/div>\n\t\t<\/section>\n\t\t\t\t\t\t<\/div>\n\t\t\t\t\t\t<\/div>\n\t\t\t\t\t<\/div>\n\t\t","protected":false},"excerpt":{"rendered":"<p>Dokumentointi Kaikki Thermacote-ja IT-tuotteisiin liittyv\u00e4t asia kirjat ThermaCote Repair Tape leaflet ThermaCote Roof Repair Tape Download ThermaCote presentation ThermaCote global presentation Download ThermaCote industrial applications and examples Download ThermaCote industrial applications and examples ThermaCote industrial applications and examples Download ThermaCote improves insulation, controls moisture and beautifies your roof in only one operation! ThermaCote, the insulating [&hellip;]<\/p>\n","protected":false},"author":1,"featured_media":0,"parent":0,"menu_order":0,"comment_status":"closed","ping_status":"closed","template":"","meta":[],"yoast_head":"<!-- This site is optimized with the Yoast SEO plugin v15.9.1 - https:\/\/yoast.com\/wordpress\/plugins\/seo\/ -->\n<title>Dokumentointi | ThermaCote Europe<\/title>\n<link rel=\"canonical\" href=\"https:\/\/thermacote.eu\/fi\/asiakirjat\/\" \/>\n<meta property=\"og:locale\" content=\"fi_FI\" \/>\n<meta property=\"og:type\" content=\"article\" \/>\n<meta property=\"og:title\" content=\"Dokumentointi | ThermaCote Europe\" \/>\n<meta property=\"og:description\" content=\"Dokumentointi Kaikki Thermacote-ja IT-tuotteisiin liittyv\u00e4t asia kirjat ThermaCote Repair Tape leaflet ThermaCote Roof Repair Tape Download ThermaCote presentation ThermaCote global presentation Download ThermaCote industrial applications and examples Download ThermaCote industrial applications and examples ThermaCote industrial applications and examples Download ThermaCote improves insulation, controls moisture and beautifies your roof in only one operation! ThermaCote, the insulating [&hellip;]\" \/>\n<meta property=\"og:url\" content=\"https:\/\/thermacote.eu\/fi\/asiakirjat\/\" \/>\n<meta property=\"og:site_name\" content=\"ThermaCote Europe\" \/>\n<meta property=\"article:publisher\" content=\"https:\/\/www.facebook.com\/ThermaCote.Europe\/?ref=br_rs\" \/>\n<meta property=\"article:modified_time\" content=\"2020-01-03T08:21:14+00:00\" \/>\n<meta property=\"og:image\" content=\"http:\/\/thermacote.eu\/wp-content\/uploads\/2019\/12\/repair_tape_1552745313780.png\" \/>\n<meta name=\"twitter:card\" content=\"summary_large_image\" \/>\n<meta name=\"twitter:site\" content=\"@thermacotefr\" \/>\n<meta name=\"twitter:label1\" content=\"Est. reading time\">\n\t<meta name=\"twitter:data1\" content=\"1 minuutti\">\n<script type=\"application\/ld+json\" class=\"yoast-schema-graph\">{\"@context\":\"https:\/\/schema.org\",\"@graph\":[{\"@type\":\"Organization\",\"@id\":\"https:\/\/thermacote.eu\/#organization\",\"name\":\"ThermaCote Europe\",\"url\":\"https:\/\/thermacote.eu\/\",\"sameAs\":[\"https:\/\/www.facebook.com\/ThermaCote.Europe\/?ref=br_rs\",\"https:\/\/www.linkedin.com\/company\/thermacote-europe\/\",\"https:\/\/twitter.com\/thermacotefr\"],\"logo\":{\"@type\":\"ImageObject\",\"@id\":\"https:\/\/thermacote.eu\/#logo\",\"inLanguage\":\"fi\",\"url\":\"https:\/\/thermacote.eu\/wp-content\/uploads\/2019\/11\/logo-full.png\",\"width\":1535,\"height\":242,\"caption\":\"ThermaCote Europe\"},\"image\":{\"@id\":\"https:\/\/thermacote.eu\/#logo\"}},{\"@type\":\"WebSite\",\"@id\":\"https:\/\/thermacote.eu\/#website\",\"url\":\"https:\/\/thermacote.eu\/\",\"name\":\"ThermaCote Europe\",\"description\":\"ThermaCote Europe\",\"publisher\":{\"@id\":\"https:\/\/thermacote.eu\/#organization\"},\"potentialAction\":[{\"@type\":\"SearchAction\",\"target\":\"https:\/\/thermacote.eu\/?s={search_term_string}\",\"query-input\":\"required name=search_term_string\"}],\"inLanguage\":\"fi\"},{\"@type\":\"ImageObject\",\"@id\":\"https:\/\/thermacote.eu\/fi\/asiakirjat\/#primaryimage\",\"inLanguage\":\"fi\",\"url\":\"http:\/\/thermacote.eu\/wp-content\/uploads\/2019\/12\/repair_tape_1552745313780.png\"},{\"@type\":\"WebPage\",\"@id\":\"https:\/\/thermacote.eu\/fi\/asiakirjat\/#webpage\",\"url\":\"https:\/\/thermacote.eu\/fi\/asiakirjat\/\",\"name\":\"Dokumentointi | ThermaCote Europe\",\"isPartOf\":{\"@id\":\"https:\/\/thermacote.eu\/#website\"},\"primaryImageOfPage\":{\"@id\":\"https:\/\/thermacote.eu\/fi\/asiakirjat\/#primaryimage\"},\"datePublished\":\"2019-12-12T08:59:54+00:00\",\"dateModified\":\"2020-01-03T08:21:14+00:00\",\"breadcrumb\":{\"@id\":\"https:\/\/thermacote.eu\/fi\/asiakirjat\/#breadcrumb\"},\"inLanguage\":\"fi\",\"potentialAction\":[{\"@type\":\"ReadAction\",\"target\":[\"https:\/\/thermacote.eu\/fi\/asiakirjat\/\"]}]},{\"@type\":\"BreadcrumbList\",\"@id\":\"https:\/\/thermacote.eu\/fi\/asiakirjat\/#breadcrumb\",\"itemListElement\":[{\"@type\":\"ListItem\",\"position\":1,\"item\":{\"@type\":\"WebPage\",\"@id\":\"https:\/\/thermacote.eu\/fi\/\",\"url\":\"https:\/\/thermacote.eu\/fi\/\",\"name\":\"Home\"}},{\"@type\":\"ListItem\",\"position\":2,\"item\":{\"@type\":\"WebPage\",\"@id\":\"https:\/\/thermacote.eu\/fi\/asiakirjat\/\",\"url\":\"https:\/\/thermacote.eu\/fi\/asiakirjat\/\",\"name\":\"Dokumentointi\"}}]}]}<\/script>\n<!-- \/ Yoast SEO plugin. -->","meta_box":[],"_links":{"self":[{"href":"https:\/\/thermacote.eu\/fi\/wp-json\/wp\/v2\/pages\/8547"}],"collection":[{"href":"https:\/\/thermacote.eu\/fi\/wp-json\/wp\/v2\/pages"}],"about":[{"href":"https:\/\/thermacote.eu\/fi\/wp-json\/wp\/v2\/types\/page"}],"author":[{"embeddable":true,"href":"https:\/\/thermacote.eu\/fi\/wp-json\/wp\/v2\/users\/1"}],"replies":[{"embeddable":true,"href":"https:\/\/thermacote.eu\/fi\/wp-json\/wp\/v2\/comments?post=8547"}],"version-history":[{"count":0,"href":"https:\/\/thermacote.eu\/fi\/wp-json\/wp\/v2\/pages\/8547\/revisions"}],"wp:attachment":[{"href":"https:\/\/thermacote.eu\/fi\/wp-json\/wp\/v2\/media?parent=8547"}],"curies":[{"name":"wp","href":"https:\/\/api.w.org\/{rel}","templated":true}]}}