{"id":8951,"date":"2019-12-12T09:10:59","date_gmt":"2019-12-12T09:10:59","guid":{"rendered":"http:\/\/thermacote.eu\/rechtliche-erwaehnungen\/"},"modified":"2023-10-17T09:11:07","modified_gmt":"2023-10-17T09:11:07","slug":"rechtliche-erwaehnungen","status":"publish","type":"page","link":"https:\/\/thermacote.eu\/de\/rechtliche-erwaehnungen\/","title":{"rendered":"Rechtliche Erw\u00e4hnungen"},"content":{"rendered":"\t\t<div data-elementor-type=\"wp-page\" data-elementor-id=\"8951\" class=\"elementor elementor-8951 elementor-100\" data-elementor-settings=\"[]\">\n\t\t\t\t\t\t<div class=\"elementor-inner\">\n\t\t\t\t\t\t\t<div class=\"elementor-section-wrap\">\n\t\t\t\t\t\t\t<section class=\"elementor-section elementor-top-section elementor-element elementor-element-594264c2 elementor-section-height-min-height elementor-section-boxed elementor-section-height-default elementor-section-items-middle\" data-id=\"594264c2\" data-element_type=\"section\" data-settings=\"{&quot;background_background&quot;:&quot;classic&quot;,&quot;shape_divider_bottom&quot;:&quot;tilt&quot;}\">\n\t\t\t\t\t\t\t<div class=\"elementor-background-overlay\"><\/div>\n\t\t\t\t\t\t<div class=\"elementor-shape elementor-shape-bottom\" data-negative=\"false\">\n\t\t\t<svg xmlns=\"http:\/\/www.w3.org\/2000\/svg\" viewBox=\"0 0 1000 100\" preserveAspectRatio=\"none\">\n\t<path class=\"elementor-shape-fill\" d=\"M0,6V0h1000v100L0,6z\"\/>\n<\/svg>\t\t<\/div>\n\t\t\t\t\t<div class=\"elementor-container elementor-column-gap-default\">\n\t\t\t\t\t\t\t<div class=\"elementor-row\">\n\t\t\t\t\t<div class=\"elementor-column elementor-col-100 elementor-top-column elementor-element elementor-element-5f700e0d\" data-id=\"5f700e0d\" data-element_type=\"column\">\n\t\t\t<div class=\"elementor-column-wrap elementor-element-populated\">\n\t\t\t\t\t\t\t<div class=\"elementor-widget-wrap\">\n\t\t\t\t\t\t<div class=\"elementor-element elementor-element-56b32b13 animated-fast elementor-invisible elementor-widget elementor-widget-heading\" data-id=\"56b32b13\" data-element_type=\"widget\" data-settings=\"{&quot;_animation&quot;:&quot;fadeInUp&quot;}\" data-widget_type=\"heading.default\">\n\t\t\t\t<div class=\"elementor-widget-container\">\n\t\t\t<h1 class=\"elementor-heading-title elementor-size-default\">Rechtliche Erw\u00e4hnungen<\/h1>\t\t<\/div>\n\t\t\t\t<\/div>\n\t\t\t\t\t\t<\/div>\n\t\t\t\t\t<\/div>\n\t\t<\/div>\n\t\t\t\t\t\t\t\t<\/div>\n\t\t\t\t\t<\/div>\n\t\t<\/section>\n\t\t\t\t<section class=\"elementor-section elementor-top-section elementor-element elementor-element-50f0e1ce elementor-section-boxed elementor-section-height-default elementor-section-height-default\" data-id=\"50f0e1ce\" data-element_type=\"section\" data-settings=\"{&quot;background_background&quot;:&quot;classic&quot;,&quot;shape_divider_bottom&quot;:&quot;tilt&quot;}\">\n\t\t\t\t\t<div class=\"elementor-shape elementor-shape-bottom\" data-negative=\"false\">\n\t\t\t<svg xmlns=\"http:\/\/www.w3.org\/2000\/svg\" viewBox=\"0 0 1000 100\" preserveAspectRatio=\"none\">\n\t<path class=\"elementor-shape-fill\" d=\"M0,6V0h1000v100L0,6z\"\/>\n<\/svg>\t\t<\/div>\n\t\t\t\t\t<div class=\"elementor-container elementor-column-gap-default\">\n\t\t\t\t\t\t\t<div class=\"elementor-row\">\n\t\t\t\t\t<div class=\"elementor-column elementor-col-100 elementor-top-column elementor-element elementor-element-1ac8faa4\" data-id=\"1ac8faa4\" data-element_type=\"column\">\n\t\t\t<div class=\"elementor-column-wrap elementor-element-populated\">\n\t\t\t\t\t\t\t<div class=\"elementor-widget-wrap\">\n\t\t\t\t\t\t<section class=\"elementor-section elementor-inner-section elementor-element elementor-element-6de57516 animated-fast elementor-section-boxed elementor-section-height-default elementor-section-height-default elementor-invisible\" data-id=\"6de57516\" data-element_type=\"section\" data-settings=\"{&quot;background_background&quot;:&quot;classic&quot;,&quot;animation&quot;:&quot;fadeInUp&quot;}\">\n\t\t\t\t\t\t<div class=\"elementor-container elementor-column-gap-default\">\n\t\t\t\t\t\t\t<div class=\"elementor-row\">\n\t\t\t\t\t<div class=\"elementor-column elementor-col-100 elementor-inner-column elementor-element elementor-element-4410e7f9\" data-id=\"4410e7f9\" data-element_type=\"column\">\n\t\t\t<div class=\"elementor-column-wrap elementor-element-populated\">\n\t\t\t\t\t\t\t<div class=\"elementor-widget-wrap\">\n\t\t\t\t\t\t<div class=\"elementor-element elementor-element-222db01b elementor-widget elementor-widget-text-editor\" data-id=\"222db01b\" data-element_type=\"widget\" data-widget_type=\"text-editor.default\">\n\t\t\t\t<div class=\"elementor-widget-container\">\n\t\t\t\t\t<div class=\"elementor-text-editor elementor-clearfix\"><article><h2>ThermaCote Frankreich<\/h2><p>La soci\u00e9t\u00e9 ThermaCote France est une SAS au capital de 10 000\u20ac<\/p><p>RCS Vannes : 78919817300021 \/ N\u00b0 TVA: FR04789198173<\/p><p>Sozialunternehmen : 6Bis All\u00e9e Du Dolmen \u2013 56000 VANNES \u2013 FRANKREICH<\/p><p>Kontakt : T\u00e9l: 01 60 86 48 70 \/ contact@thermacote.eu<\/p><p>Responsabilit\u00e9 \u00e9ditoriale du site : Pierre ELIN<\/p><\/article><article><h2>H\u00e9bergement OVH<\/h2><p>Le site peinture-isolante.eu est h\u00e9berg\u00e9 par la soci\u00e9t\u00e9 OVH :<\/p><p>La soci\u00e9t\u00e9 OVH est une SAS au capital de 10 000 000 \u20ac<\/p><p>RCS Roubaix \u2013 Tourcoing 424 761 419 00045<\/p><p>Code APE 6202A<\/p><p>Nr. TVA : FR 22 424 761 419<\/p><p>Si\u00e9ge social : 2 rue Kellermann \u2013 59100 Roubaix \u2013 Frankreich.<\/p><\/article><article><h2>Propri\u00e9t\u00e9 intellectuelle<\/h2><p>La structure g\u00e9n\u00e9rale du site www.thermacote.eu, ainsi que les textes, graphiques, images, sons et vid\u00e9os la composant, sont la propri\u00e9t\u00e9 de l&#8217;\u00e9diteur ou de ses partenaires.<\/p><p>Toute repr\u00e9sentation et\/ou reproduction et\/ou exploitation partielle ou totale des contenus et services propos\u00e9s par le site www.thermacote.eu, par quelque proc\u00e9d\u00e9 que ce soit, sans l&#8217;autorisation pr\u00e9alable et par \u00e9crit de THERMACOTE France et\/ou de ses partenaires est strictement interdite et serait susceptible de constituer une contrefaon on au sens des articles L 335-2 et suivants du Code de la propri\u00e9t\u00e9 intellectuelle.<\/p><p>La marque &#8222;ThermaCote\u00ae &#8222;, est une marques d\u00e9pos\u00e9e par THERMACOTE Inc. et son partenaire THERMACOTE France.<\/p><p>Toute repr\u00e9sentation et\/ou reproduction et\/ou exploitation partielle ou totale de ces marques, de quelque nature que ce soit, est totalement prohib\u00e9e.<\/p><\/article><article><h2>Les Cookies<\/h2><p>Ce-Website Internet verwenden des Cookies.<\/p><p>Les cookies du site ne contiennent pas de donn\u00e9es permettant de vous identifier personnellement.<\/p><p>Nous vous informons que vous pouvez vous opposer \u00e9 l&#8217;enregistrement de ces &#8222;cookies&#8220; en utilisant une option de configuration de votre navigateur.<\/p><\/article><article><h2>Liens vers d&#8217;autre<\/h2><p>Le site www.thermacote.eu est susceptible de contenir des liens vers d&#8217;autres sites web, notamment les sites des partenaires de THERMACOTE France. La mise en place de ces liens a fait l&#8217;objet d&#8217;une autorisation pr\u00e9alable et expresse. L&#8217;existence de ces liens n&#8217;implique aucun contr\u00e9le ni aucune approbation par THERMACOTE France de leur contenu.<\/p><p>En cons\u00e9quence, THERMACOTE France ne pourra en aucun cas \u00e9tre tenue responsible du contenu des sites, auxquels les utilisateurs de www.thermacote.eu auraient acc\u00e9s, par le biais de ces liens. Toute cr\u00e9ation de lien vers le site www.thermacote.eu est soumise \u00e9 l&#8217;autorisation pr\u00e9alable et expresse de THERMACOTE France.<\/p><p>Cette autorisation pourra \u00e9 tout moment \u00e9tre retir\u00e9e par THERMACOTE France, sans que cette derni\u00e9re ait \u00e9 justifier sa d\u00e9cision de retrait.<\/p><\/article><article><h2>Fonctionnement du site<\/h2><p>Le site internet de la soci\u00e9t\u00e9 THERMACOTE France est normalement accessible 24h\/24h et 7 jours\/7. En cas de er h\u00f6here Gewalt, de difficult\u00e9s informatiques, de difficult\u00e9s li\u00e9es \u00e9 la structure des r\u00e9seaux de t\u00e9l\u00e9communications ou difficult\u00e9s techniques, pour des raisons de maintenance, sans que cette liste ne soit exhaustive, l&#8217;acces \u00e9 tout ou partie du site pourra \u00e9tre suspendu ou supprim\u00e9 sur simple d\u00e9cision de la soci\u00e9t\u00e9 THERMACOTE France.<\/p><p>Pour des raisons de maintenance, et\/ou pour toute autre d\u00e9cision de la soci\u00e9t\u00e9 THERMACOTE France, l&#8217;acc es au site internet pourra \u00e9tre interrompu. Le site internet est susceptible de modification et d&#8217;\u00e9volutions sans notification d&#8217;aucune sorte.<\/p><p>L&#8217;utilisateur reconna\u00e9t disposer de la comp\u00e9tence et des moyens n\u00e9cessaires pour acc\u00e9der et utiliser le site de THERMACOTE France. Il reconna\u00e9t avoir v\u00e9rifi\u00e9 que la configuration informatique qu&#8217;il utilise ne contient aucun virus et qu&#8217;elle est en parfait \u00e9tat de fonctionnement.<\/p><p>En aucun cas, la soci\u00e9t\u00e9 THERMACOTE France ne sera tenue responsible des dommages directs, indirects ou sp\u00e9ciaux, r\u00e9sultant de l&#8217;utilisation du site www.thermacote.eu ou d&#8217;autres sites qui lui sont li\u00e9s et, notamment, de tout pr\u00e9judice financier, commercial, perte de programmes ou de donn\u00e9es dans le syst\u00e9me d&#8217;information de l&#8217;utilisateur.<\/p><p>THERMACOTE France vous remercie de lui faire part d&#8217;\u00e9ventuelles requ\u00e9tes, auslassungen, erreurs, ou corrections en adressant un mail au webmaster du site contact@thermacote.eu internet<\/p><\/article><\/div>\n\t\t\t\t<\/div>\n\t\t\t\t<\/div>\n\t\t\t\t\t\t<\/div>\n\t\t\t\t\t<\/div>\n\t\t<\/div>\n\t\t\t\t\t\t\t\t<\/div>\n\t\t\t\t\t<\/div>\n\t\t<\/section>\n\t\t\t\t\t\t<\/div>\n\t\t\t\t\t<\/div>\n\t\t<\/div>\n\t\t\t\t\t\t\t\t<\/div>\n\t\t\t\t\t<\/div>\n\t\t<\/section>\n\t\t\t\t\t\t<\/div>\n\t\t\t\t\t\t<\/div>\n\t\t\t\t\t<\/div>\n\t\t","protected":false},"excerpt":{"rendered":"<p>Rechtliche Erw\u00e4hnungen ThermaCote Frankreich La soci\u00e9t\u00e9 ThermaCote France est une SAS au capital de 10 000\u20ac RCS Vannes : 78919817300021 \/ N\u00b0 TVA: FR04789198173 Sozialunternehmen : 6Bis All\u00e9e Du Dolmen \u2013 56000 VANNES \u2013 FRANKREICH Kontakt : T\u00e9l: 01 60 86 48 70 \/ contact@thermacote.eu Responsabilit\u00e9 \u00e9ditoriale du site : Pierre ELIN H\u00e9bergement OVH Le [&hellip;]<\/p>\n","protected":false},"author":1,"featured_media":0,"parent":0,"menu_order":0,"comment_status":"closed","ping_status":"closed","template":"","meta":[],"yoast_head":"<!-- This site is optimized with the Yoast SEO plugin v15.9.1 - https:\/\/yoast.com\/wordpress\/plugins\/seo\/ -->\n<title>Rechtliche Erw\u00e4hnungen | ThermaCote Europe<\/title>\n<link rel=\"canonical\" href=\"https:\/\/thermacote.eu\/de\/rechtliche-erwaehnungen\/\" \/>\n<meta property=\"og:locale\" content=\"de_DE\" \/>\n<meta property=\"og:type\" content=\"article\" \/>\n<meta property=\"og:title\" content=\"Rechtliche Erw\u00e4hnungen | ThermaCote Europe\" \/>\n<meta property=\"og:description\" content=\"Rechtliche Erw\u00e4hnungen ThermaCote Frankreich La soci\u00e9t\u00e9 ThermaCote France est une SAS au capital de 10 000\u20ac RCS Vannes : 78919817300021 \/ N\u00b0 TVA: FR04789198173 Sozialunternehmen : 6Bis All\u00e9e Du Dolmen \u2013 56000 VANNES \u2013 FRANKREICH Kontakt : T\u00e9l: 01 60 86 48 70 \/ contact@thermacote.eu Responsabilit\u00e9 \u00e9ditoriale du site : Pierre ELIN H\u00e9bergement OVH Le [&hellip;]\" \/>\n<meta property=\"og:url\" content=\"https:\/\/thermacote.eu\/de\/rechtliche-erwaehnungen\/\" \/>\n<meta property=\"og:site_name\" content=\"ThermaCote Europe\" \/>\n<meta property=\"article:publisher\" content=\"https:\/\/www.facebook.com\/ThermaCote.Europe\/?ref=br_rs\" \/>\n<meta property=\"article:modified_time\" content=\"2023-10-17T09:11:07+00:00\" \/>\n<meta name=\"twitter:card\" content=\"summary_large_image\" \/>\n<meta name=\"twitter:site\" content=\"@thermacotefr\" \/>\n<meta name=\"twitter:label1\" content=\"Gesch\u00e4tzte Lesezeit\">\n\t<meta name=\"twitter:data1\" content=\"3\u00a0Minuten\">\n<script type=\"application\/ld+json\" class=\"yoast-schema-graph\">{\"@context\":\"https:\/\/schema.org\",\"@graph\":[{\"@type\":\"Organization\",\"@id\":\"https:\/\/thermacote.eu\/#organization\",\"name\":\"ThermaCote Europe\",\"url\":\"https:\/\/thermacote.eu\/\",\"sameAs\":[\"https:\/\/www.facebook.com\/ThermaCote.Europe\/?ref=br_rs\",\"https:\/\/www.linkedin.com\/company\/thermacote-europe\/\",\"https:\/\/twitter.com\/thermacotefr\"],\"logo\":{\"@type\":\"ImageObject\",\"@id\":\"https:\/\/thermacote.eu\/#logo\",\"inLanguage\":\"de\",\"url\":\"https:\/\/thermacote.eu\/wp-content\/uploads\/2019\/11\/logo-full.png\",\"width\":1535,\"height\":242,\"caption\":\"ThermaCote Europe\"},\"image\":{\"@id\":\"https:\/\/thermacote.eu\/#logo\"}},{\"@type\":\"WebSite\",\"@id\":\"https:\/\/thermacote.eu\/#website\",\"url\":\"https:\/\/thermacote.eu\/\",\"name\":\"ThermaCote Europe\",\"description\":\"ThermaCote Europe\",\"publisher\":{\"@id\":\"https:\/\/thermacote.eu\/#organization\"},\"potentialAction\":[{\"@type\":\"SearchAction\",\"target\":\"https:\/\/thermacote.eu\/?s={search_term_string}\",\"query-input\":\"required name=search_term_string\"}],\"inLanguage\":\"de\"},{\"@type\":\"WebPage\",\"@id\":\"https:\/\/thermacote.eu\/de\/rechtliche-erwaehnungen\/#webpage\",\"url\":\"https:\/\/thermacote.eu\/de\/rechtliche-erwaehnungen\/\",\"name\":\"Rechtliche Erw\\u00e4hnungen | ThermaCote Europe\",\"isPartOf\":{\"@id\":\"https:\/\/thermacote.eu\/#website\"},\"datePublished\":\"2019-12-12T09:10:59+00:00\",\"dateModified\":\"2023-10-17T09:11:07+00:00\",\"breadcrumb\":{\"@id\":\"https:\/\/thermacote.eu\/de\/rechtliche-erwaehnungen\/#breadcrumb\"},\"inLanguage\":\"de\",\"potentialAction\":[{\"@type\":\"ReadAction\",\"target\":[\"https:\/\/thermacote.eu\/de\/rechtliche-erwaehnungen\/\"]}]},{\"@type\":\"BreadcrumbList\",\"@id\":\"https:\/\/thermacote.eu\/de\/rechtliche-erwaehnungen\/#breadcrumb\",\"itemListElement\":[{\"@type\":\"ListItem\",\"position\":1,\"item\":{\"@type\":\"WebPage\",\"@id\":\"https:\/\/thermacote.eu\/de\/\",\"url\":\"https:\/\/thermacote.eu\/de\/\",\"name\":\"Home\"}},{\"@type\":\"ListItem\",\"position\":2,\"item\":{\"@type\":\"WebPage\",\"@id\":\"https:\/\/thermacote.eu\/de\/rechtliche-erwaehnungen\/\",\"url\":\"https:\/\/thermacote.eu\/de\/rechtliche-erwaehnungen\/\",\"name\":\"Rechtliche Erw\\u00e4hnungen\"}}]}]}<\/script>\n<!-- \/ Yoast SEO plugin. -->","meta_box":[],"_links":{"self":[{"href":"https:\/\/thermacote.eu\/de\/wp-json\/wp\/v2\/pages\/8951"}],"collection":[{"href":"https:\/\/thermacote.eu\/de\/wp-json\/wp\/v2\/pages"}],"about":[{"href":"https:\/\/thermacote.eu\/de\/wp-json\/wp\/v2\/types\/page"}],"author":[{"embeddable":true,"href":"https:\/\/thermacote.eu\/de\/wp-json\/wp\/v2\/users\/1"}],"replies":[{"embeddable":true,"href":"https:\/\/thermacote.eu\/de\/wp-json\/wp\/v2\/comments?post=8951"}],"version-history":[{"count":0,"href":"https:\/\/thermacote.eu\/de\/wp-json\/wp\/v2\/pages\/8951\/revisions"}],"wp:attachment":[{"href":"https:\/\/thermacote.eu\/de\/wp-json\/wp\/v2\/media?parent=8951"}],"curies":[{"name":"wp","href":"https:\/\/api.w.org\/{rel}","templated":true}]}}