{"id":8806,"date":"2019-12-12T09:09:52","date_gmt":"2019-12-12T09:09:52","guid":{"rendered":"http:\/\/thermacote.eu\/bahrain\/"},"modified":"2019-12-12T09:09:54","modified_gmt":"2019-12-12T09:09:54","slug":"bahrain","status":"publish","type":"page","link":"https:\/\/thermacote.eu\/de\/applikatoren-karte\/bahrain\/","title":{"rendered":"Bahrain"},"content":{"rendered":"\t\t<div data-elementor-type=\"wp-page\" data-elementor-id=\"8806\" class=\"elementor elementor-8806 elementor-7391\" data-elementor-settings=\"[]\">\n\t\t\t\t\t\t<div class=\"elementor-inner\">\n\t\t\t\t\t\t\t<div class=\"elementor-section-wrap\">\n\t\t\t\t\t\t\t<section class=\"elementor-section elementor-top-section elementor-element elementor-element-62822a42 elementor-section-height-min-height elementor-section-boxed elementor-section-height-default elementor-section-items-middle\" data-id=\"62822a42\" data-element_type=\"section\" data-settings=\"{&quot;background_background&quot;:&quot;classic&quot;,&quot;shape_divider_bottom&quot;:&quot;tilt&quot;}\">\n\t\t\t\t\t\t\t<div class=\"elementor-background-overlay\"><\/div>\n\t\t\t\t\t\t<div class=\"elementor-shape elementor-shape-bottom\" data-negative=\"false\">\n\t\t\t<svg xmlns=\"http:\/\/www.w3.org\/2000\/svg\" viewBox=\"0 0 1000 100\" preserveAspectRatio=\"none\">\n\t<path class=\"elementor-shape-fill\" d=\"M0,6V0h1000v100L0,6z\"\/>\n<\/svg>\t\t<\/div>\n\t\t\t\t\t<div class=\"elementor-container elementor-column-gap-default\">\n\t\t\t\t\t\t\t<div class=\"elementor-row\">\n\t\t\t\t\t<div class=\"elementor-column elementor-col-100 elementor-top-column elementor-element elementor-element-5d1d7c77\" data-id=\"5d1d7c77\" data-element_type=\"column\">\n\t\t\t<div class=\"elementor-column-wrap elementor-element-populated\">\n\t\t\t\t\t\t\t<div class=\"elementor-widget-wrap\">\n\t\t\t\t\t\t<div class=\"elementor-element elementor-element-9257db4 elementor-widget elementor-widget-text-editor\" data-id=\"9257db4\" data-element_type=\"widget\" data-widget_type=\"text-editor.default\">\n\t\t\t\t<div class=\"elementor-widget-container\">\n\t\t\t\t\t<div class=\"elementor-text-editor elementor-clearfix\"><p>Distributoren und Applikatoren Karte<\/p>\n<\/div>\n\t\t\t\t<\/div>\n\t\t\t\t<\/div>\n\t\t\t\t<div class=\"elementor-element elementor-element-774fae animated-fast elementor-invisible elementor-widget elementor-widget-heading\" data-id=\"774fae\" data-element_type=\"widget\" data-settings=\"{&quot;_animation&quot;:&quot;fadeInUp&quot;}\" data-widget_type=\"heading.default\">\n\t\t\t\t<div class=\"elementor-widget-container\">\n\t\t\t<h1 class=\"elementor-heading-title elementor-size-default\">Bahrain<\/h1>\t\t<\/div>\n\t\t\t\t<\/div>\n\t\t\t\t\t\t<\/div>\n\t\t\t\t\t<\/div>\n\t\t<\/div>\n\t\t\t\t\t\t\t\t<\/div>\n\t\t\t\t\t<\/div>\n\t\t<\/section>\n\t\t\t\t<section class=\"elementor-section elementor-top-section elementor-element elementor-element-2912e2d elementor-section-boxed elementor-section-height-default elementor-section-height-default\" data-id=\"2912e2d\" data-element_type=\"section\" data-settings=\"{&quot;background_background&quot;:&quot;classic&quot;,&quot;shape_divider_bottom&quot;:&quot;tilt&quot;}\">\n\t\t\t\t\t<div class=\"elementor-shape elementor-shape-bottom\" data-negative=\"false\">\n\t\t\t<svg xmlns=\"http:\/\/www.w3.org\/2000\/svg\" viewBox=\"0 0 1000 100\" preserveAspectRatio=\"none\">\n\t<path class=\"elementor-shape-fill\" d=\"M0,6V0h1000v100L0,6z\"\/>\n<\/svg>\t\t<\/div>\n\t\t\t\t\t<div class=\"elementor-container elementor-column-gap-default\">\n\t\t\t\t\t\t\t<div class=\"elementor-row\">\n\t\t\t\t\t<div class=\"elementor-column elementor-col-100 elementor-top-column elementor-element elementor-element-727f1ab9 elementor-hidden-tablet elementor-hidden-phone\" data-id=\"727f1ab9\" data-element_type=\"column\" data-settings=\"{&quot;background_background&quot;:&quot;classic&quot;}\">\n\t\t\t<div class=\"elementor-column-wrap elementor-element-populated\">\n\t\t\t\t\t\t\t<div class=\"elementor-widget-wrap\">\n\t\t\t\t\t\t<div class=\"elementor-element elementor-element-858f7c5 elementor-widget elementor-widget-shortcode\" data-id=\"858f7c5\" data-element_type=\"widget\" data-widget_type=\"shortcode.default\">\n\t\t\t\t<div class=\"elementor-widget-container\">\n\t\t\t\t\t<div class=\"elementor-shortcode\"><div id=\"mapsvg-7389\" class=\"mapsvg\"><\/div> <\/div>\n\t\t\t\t<\/div>\n\t\t\t\t<\/div>\n\t\t\t\t\t\t<\/div>\n\t\t\t\t\t<\/div>\n\t\t<\/div>\n\t\t\t\t\t\t\t\t<\/div>\n\t\t\t\t\t<\/div>\n\t\t<\/section>\n\t\t\t\t<section class=\"elementor-section elementor-top-section elementor-element elementor-element-3905edaf elementor-section-boxed elementor-section-height-default elementor-section-height-default\" data-id=\"3905edaf\" data-element_type=\"section\" data-settings=\"{&quot;background_background&quot;:&quot;classic&quot;,&quot;shape_divider_top&quot;:&quot;tilt&quot;,&quot;shape_divider_bottom&quot;:&quot;tilt&quot;}\">\n\t\t\t\t\t<div class=\"elementor-shape elementor-shape-top\" data-negative=\"false\">\n\t\t\t<svg xmlns=\"http:\/\/www.w3.org\/2000\/svg\" viewBox=\"0 0 1000 100\" preserveAspectRatio=\"none\">\n\t<path class=\"elementor-shape-fill\" d=\"M0,6V0h1000v100L0,6z\"\/>\n<\/svg>\t\t<\/div>\n\t\t\t\t<div class=\"elementor-shape elementor-shape-bottom\" data-negative=\"false\">\n\t\t\t<svg xmlns=\"http:\/\/www.w3.org\/2000\/svg\" viewBox=\"0 0 1000 100\" preserveAspectRatio=\"none\">\n\t<path class=\"elementor-shape-fill\" d=\"M0,6V0h1000v100L0,6z\"\/>\n<\/svg>\t\t<\/div>\n\t\t\t\t\t<div class=\"elementor-container elementor-column-gap-default\">\n\t\t\t\t\t\t\t<div class=\"elementor-row\">\n\t\t\t\t\t<div class=\"elementor-column elementor-col-100 elementor-top-column elementor-element elementor-element-45c4f92c\" data-id=\"45c4f92c\" data-element_type=\"column\" data-settings=\"{&quot;background_background&quot;:&quot;classic&quot;}\">\n\t\t\t<div class=\"elementor-column-wrap elementor-element-populated\">\n\t\t\t\t\t\t\t<div class=\"elementor-widget-wrap\">\n\t\t\t\t\t\t<div class=\"elementor-element elementor-element-40466ee6 elementor-widget elementor-widget-heading\" data-id=\"40466ee6\" data-element_type=\"widget\" data-widget_type=\"heading.default\">\n\t\t\t\t<div class=\"elementor-widget-container\">\n\t\t\t<h2 class=\"elementor-heading-title elementor-size-default\">verteiler<\/h2>\t\t<\/div>\n\t\t\t\t<\/div>\n\t\t\t\t<div class=\"elementor-element elementor-element-5fc386fb elementor-widget elementor-widget-toolset-view\" data-id=\"5fc386fb\" data-element_type=\"widget\" data-widget_type=\"toolset-view.default\">\n\t\t\t\t<div class=\"elementor-widget-container\">\n\t\t\t\n\n\n<div id=\"wpv-view-layout-7402-CPID8806\" class=\"js-wpv-view-layout js-wpv-layout-responsive js-wpv-view-layout-7402-CPID8806\" data-viewnumber=\"7402-CPID8806\" data-pagination=\"{&quot;id&quot;:7402,&quot;query&quot;:&quot;normal&quot;,&quot;type&quot;:&quot;disabled&quot;,&quot;effect&quot;:&quot;fade&quot;,&quot;duration&quot;:500,&quot;speed&quot;:5,&quot;pause_on_hover&quot;:&quot;disabled&quot;,&quot;stop_rollover&quot;:&quot;false&quot;,&quot;cache_pages&quot;:&quot;enabled&quot;,&quot;preload_images&quot;:&quot;enabled&quot;,&quot;preload_pages&quot;:&quot;enabled&quot;,&quot;preload_reach&quot;:1,&quot;spinner&quot;:&quot;builtin&quot;,&quot;spinner_image&quot;:&quot;https:\/\/thermacote.eu\/wp-content\/plugins\/wp-views\/embedded\/res\/img\/ajax-loader.gif&quot;,&quot;callback_next&quot;:&quot;&quot;,&quot;manage_history&quot;:&quot;enabled&quot;,&quot;has_controls_in_form&quot;:&quot;disabled&quot;,&quot;infinite_tolerance&quot;:&quot;0&quot;,&quot;max_pages&quot;:1,&quot;page&quot;:1,&quot;base_permalink&quot;:&quot;\/de\/wp-json\/wp\/v2\/pages\/8806?wpv_view_count=7402-CPID8806&wpv_paged=WPV_PAGE_NUM&quot;,&quot;loop&quot;:{&quot;type&quot;:&quot;&quot;,&quot;name&quot;:&quot;&quot;,&quot;data&quot;:[],&quot;id&quot;:0}}\" data-permalink=\"\/de\/wp-json\/wp\/v2\/pages\/8806?wpv_view_count=7402-CPID8806\">\n\n\t\n\t\n\t\t<strong style=\"font-size: 1.8rem;\">No distributor could be found<\/strong>\n\t\n<\/div>\n\t\t<\/div>\n\t\t\t\t<\/div>\n\t\t\t\t<div class=\"elementor-element elementor-element-9e25095 elementor-widget elementor-widget-heading\" data-id=\"9e25095\" data-element_type=\"widget\" data-widget_type=\"heading.default\">\n\t\t\t\t<div class=\"elementor-widget-container\">\n\t\t\t<h2 class=\"elementor-heading-title elementor-size-default\">Applikatoren<\/h2>\t\t<\/div>\n\t\t\t\t<\/div>\n\t\t\t\t<div class=\"elementor-element elementor-element-25afd1e7 elementor-widget elementor-widget-toolset-view\" data-id=\"25afd1e7\" data-element_type=\"widget\" data-widget_type=\"toolset-view.default\">\n\t\t\t\t<div class=\"elementor-widget-container\">\n\t\t\t\n\n\n<div id=\"region-container\">\n<div id=\"wpv-view-layout-7395\" class=\"js-wpv-view-layout js-wpv-layout-responsive js-wpv-view-layout-7395\" data-viewnumber=\"7395\" data-pagination=\"{&quot;id&quot;:7395,&quot;query&quot;:&quot;normal&quot;,&quot;type&quot;:&quot;disabled&quot;,&quot;effect&quot;:&quot;fade&quot;,&quot;duration&quot;:500,&quot;speed&quot;:5,&quot;pause_on_hover&quot;:&quot;disabled&quot;,&quot;stop_rollover&quot;:&quot;false&quot;,&quot;cache_pages&quot;:&quot;enabled&quot;,&quot;preload_images&quot;:&quot;enabled&quot;,&quot;preload_pages&quot;:&quot;enabled&quot;,&quot;preload_reach&quot;:1,&quot;spinner&quot;:&quot;builtin&quot;,&quot;spinner_image&quot;:&quot;https:\/\/thermacote.eu\/wp-content\/plugins\/wp-views\/embedded\/res\/img\/ajax-loader.gif&quot;,&quot;callback_next&quot;:&quot;&quot;,&quot;manage_history&quot;:&quot;enabled&quot;,&quot;has_controls_in_form&quot;:&quot;disabled&quot;,&quot;infinite_tolerance&quot;:&quot;0&quot;,&quot;max_pages&quot;:0,&quot;page&quot;:1,&quot;base_permalink&quot;:&quot;\/de\/wp-json\/wp\/v2\/pages\/8806?wpv_view_count=7395&wpv_paged=WPV_PAGE_NUM&quot;,&quot;loop&quot;:{&quot;type&quot;:&quot;&quot;,&quot;name&quot;:&quot;&quot;,&quot;data&quot;:[],&quot;id&quot;:0}}\" data-permalink=\"\/de\/wp-json\/wp\/v2\/pages\/8806?wpv_view_count=7395\">\n\n\t\n\t\n\t<vs-collapse ref=\"collapse\" accordion type=\"margin\">\n\t\t\n     \t\t<vs-collapse-item  ref=\"BH-13\" icon-pack=\"fas\" icon-arrow=\"fa-arrow-down\">\n      \t\t\t <h3 class=\"region-name BH-13\"slot=\"header\">\n\tAl \u2018\u0100\u015fimah\n<\/h3>\n\n\n\n<div id=\"wpv-view-layout-7345-CATTR8fd0e788ec7266720fc824b74cee30cb\" class=\"js-wpv-view-layout js-wpv-layout-responsive js-wpv-view-layout-7345-CATTR8fd0e788ec7266720fc824b74cee30cb\" data-viewnumber=\"7345-CATTR8fd0e788ec7266720fc824b74cee30cb\" data-pagination=\"{&quot;id&quot;:7345,&quot;query&quot;:&quot;normal&quot;,&quot;type&quot;:&quot;disabled&quot;,&quot;effect&quot;:&quot;fade&quot;,&quot;duration&quot;:500,&quot;speed&quot;:5,&quot;pause_on_hover&quot;:&quot;disabled&quot;,&quot;stop_rollover&quot;:&quot;false&quot;,&quot;cache_pages&quot;:&quot;enabled&quot;,&quot;preload_images&quot;:&quot;enabled&quot;,&quot;preload_pages&quot;:&quot;enabled&quot;,&quot;preload_reach&quot;:1,&quot;spinner&quot;:&quot;builtin&quot;,&quot;spinner_image&quot;:&quot;https:\/\/thermacote.eu\/wp-content\/plugins\/wp-views\/embedded\/res\/img\/ajax-loader.gif&quot;,&quot;callback_next&quot;:&quot;&quot;,&quot;manage_history&quot;:&quot;enabled&quot;,&quot;has_controls_in_form&quot;:&quot;disabled&quot;,&quot;infinite_tolerance&quot;:&quot;0&quot;,&quot;max_pages&quot;:0,&quot;page&quot;:1,&quot;base_permalink&quot;:&quot;\/de\/wp-json\/wp\/v2\/pages\/8806?wpv_view_count=7345-CATTR8fd0e788ec7266720fc824b74cee30cb&wpv_paged=WPV_PAGE_NUM&quot;,&quot;loop&quot;:{&quot;type&quot;:&quot;&quot;,&quot;name&quot;:&quot;&quot;,&quot;data&quot;:&#091;&#093;,&quot;id&quot;:0}}\" data-permalink=\"\/de\/wp-json\/wp\/v2\/pages\/8806?wpv_view_count=7345-CATTR8fd0e788ec7266720fc824b74cee30cb\">\n\n\t\n\t\n\t\t<strong style=\"font-size:1.8rem\">No applicator could be found in this regions, contact directly the country distributor for more informations.<\/strong>\n\t\n<\/div>\n\n\n      \t\t<\/vs-collapse-item>\n        \n     \t\t<vs-collapse-item  ref=\"BH-14\" icon-pack=\"fas\" icon-arrow=\"fa-arrow-down\">\n      \t\t\t <h3 class=\"region-name BH-14\"slot=\"header\">\n\tAl Jan\u016bb\u012byah\n<\/h3>\n\n\n\n<div id=\"wpv-view-layout-7345-CATTR7c643f6fca3d21d8e77ce124a1bf31b6\" class=\"js-wpv-view-layout js-wpv-layout-responsive js-wpv-view-layout-7345-CATTR7c643f6fca3d21d8e77ce124a1bf31b6\" data-viewnumber=\"7345-CATTR7c643f6fca3d21d8e77ce124a1bf31b6\" data-pagination=\"{&quot;id&quot;:7345,&quot;query&quot;:&quot;normal&quot;,&quot;type&quot;:&quot;disabled&quot;,&quot;effect&quot;:&quot;fade&quot;,&quot;duration&quot;:500,&quot;speed&quot;:5,&quot;pause_on_hover&quot;:&quot;disabled&quot;,&quot;stop_rollover&quot;:&quot;false&quot;,&quot;cache_pages&quot;:&quot;enabled&quot;,&quot;preload_images&quot;:&quot;enabled&quot;,&quot;preload_pages&quot;:&quot;enabled&quot;,&quot;preload_reach&quot;:1,&quot;spinner&quot;:&quot;builtin&quot;,&quot;spinner_image&quot;:&quot;https:\/\/thermacote.eu\/wp-content\/plugins\/wp-views\/embedded\/res\/img\/ajax-loader.gif&quot;,&quot;callback_next&quot;:&quot;&quot;,&quot;manage_history&quot;:&quot;enabled&quot;,&quot;has_controls_in_form&quot;:&quot;disabled&quot;,&quot;infinite_tolerance&quot;:&quot;0&quot;,&quot;max_pages&quot;:0,&quot;page&quot;:1,&quot;base_permalink&quot;:&quot;\/de\/wp-json\/wp\/v2\/pages\/8806?wpv_view_count=7345-CATTR7c643f6fca3d21d8e77ce124a1bf31b6&wpv_paged=WPV_PAGE_NUM&quot;,&quot;loop&quot;:{&quot;type&quot;:&quot;&quot;,&quot;name&quot;:&quot;&quot;,&quot;data&quot;:&#091;&#093;,&quot;id&quot;:0}}\" data-permalink=\"\/de\/wp-json\/wp\/v2\/pages\/8806?wpv_view_count=7345-CATTR7c643f6fca3d21d8e77ce124a1bf31b6\">\n\n\t\n\t\n\t\t<strong style=\"font-size:1.8rem\">No applicator could be found in this regions, contact directly the country distributor for more informations.<\/strong>\n\t\n<\/div>\n\n\n      \t\t<\/vs-collapse-item>\n        \n     \t\t<vs-collapse-item  ref=\"BH-15\" icon-pack=\"fas\" icon-arrow=\"fa-arrow-down\">\n      \t\t\t <h3 class=\"region-name BH-15\"slot=\"header\">\n\tAl Mu\u1e29arraq\n<\/h3>\n\n\n\n<div id=\"wpv-view-layout-7345-CATTRac6b3b54fb5af4d83a8336f87ed9507c\" class=\"js-wpv-view-layout js-wpv-layout-responsive js-wpv-view-layout-7345-CATTRac6b3b54fb5af4d83a8336f87ed9507c\" data-viewnumber=\"7345-CATTRac6b3b54fb5af4d83a8336f87ed9507c\" data-pagination=\"{&quot;id&quot;:7345,&quot;query&quot;:&quot;normal&quot;,&quot;type&quot;:&quot;disabled&quot;,&quot;effect&quot;:&quot;fade&quot;,&quot;duration&quot;:500,&quot;speed&quot;:5,&quot;pause_on_hover&quot;:&quot;disabled&quot;,&quot;stop_rollover&quot;:&quot;false&quot;,&quot;cache_pages&quot;:&quot;enabled&quot;,&quot;preload_images&quot;:&quot;enabled&quot;,&quot;preload_pages&quot;:&quot;enabled&quot;,&quot;preload_reach&quot;:1,&quot;spinner&quot;:&quot;builtin&quot;,&quot;spinner_image&quot;:&quot;https:\/\/thermacote.eu\/wp-content\/plugins\/wp-views\/embedded\/res\/img\/ajax-loader.gif&quot;,&quot;callback_next&quot;:&quot;&quot;,&quot;manage_history&quot;:&quot;enabled&quot;,&quot;has_controls_in_form&quot;:&quot;disabled&quot;,&quot;infinite_tolerance&quot;:&quot;0&quot;,&quot;max_pages&quot;:0,&quot;page&quot;:1,&quot;base_permalink&quot;:&quot;\/de\/wp-json\/wp\/v2\/pages\/8806?wpv_view_count=7345-CATTRac6b3b54fb5af4d83a8336f87ed9507c&wpv_paged=WPV_PAGE_NUM&quot;,&quot;loop&quot;:{&quot;type&quot;:&quot;&quot;,&quot;name&quot;:&quot;&quot;,&quot;data&quot;:&#091;&#093;,&quot;id&quot;:0}}\" data-permalink=\"\/de\/wp-json\/wp\/v2\/pages\/8806?wpv_view_count=7345-CATTRac6b3b54fb5af4d83a8336f87ed9507c\">\n\n\t\n\t\n\t\t<strong style=\"font-size:1.8rem\">No applicator could be found in this regions, contact directly the country distributor for more informations.<\/strong>\n\t\n<\/div>\n\n\n      \t\t<\/vs-collapse-item>\n        \n     \t\t<vs-collapse-item  ref=\"BH-16\" icon-pack=\"fas\" icon-arrow=\"fa-arrow-down\">\n      \t\t\t <h3 class=\"region-name BH-16\"slot=\"header\">\n\tAl Wus\u0163\u00e1\n<\/h3>\n\n\n\n<div id=\"wpv-view-layout-7345-CATTRc42077a84e0219537b2a0a8d015ce603\" class=\"js-wpv-view-layout js-wpv-layout-responsive js-wpv-view-layout-7345-CATTRc42077a84e0219537b2a0a8d015ce603\" data-viewnumber=\"7345-CATTRc42077a84e0219537b2a0a8d015ce603\" data-pagination=\"{&quot;id&quot;:7345,&quot;query&quot;:&quot;normal&quot;,&quot;type&quot;:&quot;disabled&quot;,&quot;effect&quot;:&quot;fade&quot;,&quot;duration&quot;:500,&quot;speed&quot;:5,&quot;pause_on_hover&quot;:&quot;disabled&quot;,&quot;stop_rollover&quot;:&quot;false&quot;,&quot;cache_pages&quot;:&quot;enabled&quot;,&quot;preload_images&quot;:&quot;enabled&quot;,&quot;preload_pages&quot;:&quot;enabled&quot;,&quot;preload_reach&quot;:1,&quot;spinner&quot;:&quot;builtin&quot;,&quot;spinner_image&quot;:&quot;https:\/\/thermacote.eu\/wp-content\/plugins\/wp-views\/embedded\/res\/img\/ajax-loader.gif&quot;,&quot;callback_next&quot;:&quot;&quot;,&quot;manage_history&quot;:&quot;enabled&quot;,&quot;has_controls_in_form&quot;:&quot;disabled&quot;,&quot;infinite_tolerance&quot;:&quot;0&quot;,&quot;max_pages&quot;:0,&quot;page&quot;:1,&quot;base_permalink&quot;:&quot;\/de\/wp-json\/wp\/v2\/pages\/8806?wpv_view_count=7345-CATTRc42077a84e0219537b2a0a8d015ce603&wpv_paged=WPV_PAGE_NUM&quot;,&quot;loop&quot;:{&quot;type&quot;:&quot;&quot;,&quot;name&quot;:&quot;&quot;,&quot;data&quot;:&#091;&#093;,&quot;id&quot;:0}}\" data-permalink=\"\/de\/wp-json\/wp\/v2\/pages\/8806?wpv_view_count=7345-CATTRc42077a84e0219537b2a0a8d015ce603\">\n\n\t\n\t\n\t\t<strong style=\"font-size:1.8rem\">No applicator could be found in this regions, contact directly the country distributor for more informations.<\/strong>\n\t\n<\/div>\n\n\n      \t\t<\/vs-collapse-item>\n        \n     \t\t<vs-collapse-item  ref=\"BH-17\" icon-pack=\"fas\" icon-arrow=\"fa-arrow-down\">\n      \t\t\t <h3 class=\"region-name BH-17\"slot=\"header\">\n\tAsh Sham\u0101l\u012byah\n<\/h3>\n\n\n\n<div id=\"wpv-view-layout-7345-CATTRc1dbad4f6cf645fbdc2dd0db2dcfca8e\" class=\"js-wpv-view-layout js-wpv-layout-responsive js-wpv-view-layout-7345-CATTRc1dbad4f6cf645fbdc2dd0db2dcfca8e\" data-viewnumber=\"7345-CATTRc1dbad4f6cf645fbdc2dd0db2dcfca8e\" data-pagination=\"{&quot;id&quot;:7345,&quot;query&quot;:&quot;normal&quot;,&quot;type&quot;:&quot;disabled&quot;,&quot;effect&quot;:&quot;fade&quot;,&quot;duration&quot;:500,&quot;speed&quot;:5,&quot;pause_on_hover&quot;:&quot;disabled&quot;,&quot;stop_rollover&quot;:&quot;false&quot;,&quot;cache_pages&quot;:&quot;enabled&quot;,&quot;preload_images&quot;:&quot;enabled&quot;,&quot;preload_pages&quot;:&quot;enabled&quot;,&quot;preload_reach&quot;:1,&quot;spinner&quot;:&quot;builtin&quot;,&quot;spinner_image&quot;:&quot;https:\/\/thermacote.eu\/wp-content\/plugins\/wp-views\/embedded\/res\/img\/ajax-loader.gif&quot;,&quot;callback_next&quot;:&quot;&quot;,&quot;manage_history&quot;:&quot;enabled&quot;,&quot;has_controls_in_form&quot;:&quot;disabled&quot;,&quot;infinite_tolerance&quot;:&quot;0&quot;,&quot;max_pages&quot;:0,&quot;page&quot;:1,&quot;base_permalink&quot;:&quot;\/de\/wp-json\/wp\/v2\/pages\/8806?wpv_view_count=7345-CATTRc1dbad4f6cf645fbdc2dd0db2dcfca8e&wpv_paged=WPV_PAGE_NUM&quot;,&quot;loop&quot;:{&quot;type&quot;:&quot;&quot;,&quot;name&quot;:&quot;&quot;,&quot;data&quot;:&#091;&#093;,&quot;id&quot;:0}}\" data-permalink=\"\/de\/wp-json\/wp\/v2\/pages\/8806?wpv_view_count=7345-CATTRc1dbad4f6cf645fbdc2dd0db2dcfca8e\">\n\n\t\n\t\n\t\t<strong style=\"font-size:1.8rem\">No applicator could be found in this regions, contact directly the country distributor for more informations.<\/strong>\n\t\n<\/div>\n\n\n      \t\t<\/vs-collapse-item>\n        \n\t<\/vs-collapse>\n\t\n\t\n\t\n<\/div>\n<\/div>\t\t<\/div>\n\t\t\t\t<\/div>\n\t\t\t\t\t\t<\/div>\n\t\t\t\t\t<\/div>\n\t\t<\/div>\n\t\t\t\t\t\t\t\t<\/div>\n\t\t\t\t\t<\/div>\n\t\t<\/section>\n\t\t\t\t\t\t<\/div>\n\t\t\t\t\t\t<\/div>\n\t\t\t\t\t<\/div>\n\t\t","protected":false},"excerpt":{"rendered":"<p>Distributoren und Applikatoren Karte Bahrain verteiler Nanosol Group Construction, Industrial, Specialty Learn more Applikatoren Ash Sham\u0101l\u012byah No applicator could be found in this regions, contact directly the country distributor for more informations. Al Wus\u0163\u00e1 No applicator could be found in this regions, contact directly the country distributor for more informations. Al Mu\u1e29arraq No applicator could [&hellip;]<\/p>\n","protected":false},"author":1,"featured_media":0,"parent":9961,"menu_order":0,"comment_status":"closed","ping_status":"closed","template":"","meta":[],"yoast_head":"<!-- This site is optimized with the Yoast SEO plugin v15.9.1 - https:\/\/yoast.com\/wordpress\/plugins\/seo\/ -->\n<title>Bahrain | ThermaCote Europe<\/title>\n<link rel=\"canonical\" href=\"https:\/\/thermacote.eu\/de\/applikatoren-karte\/bahrain\/\" \/>\n<meta property=\"og:locale\" content=\"de_DE\" \/>\n<meta property=\"og:type\" content=\"article\" \/>\n<meta property=\"og:title\" content=\"Bahrain | ThermaCote Europe\" \/>\n<meta property=\"og:description\" content=\"Distributoren und Applikatoren Karte Bahrain verteiler Nanosol Group Construction, Industrial, Specialty Learn more Applikatoren Ash Sham\u0101l\u012byah No applicator could be found in this regions, contact directly the country distributor for more informations. Al Wus\u0163\u00e1 No applicator could be found in this regions, contact directly the country distributor for more informations. Al Mu\u1e29arraq No applicator could [&hellip;]\" \/>\n<meta property=\"og:url\" content=\"https:\/\/thermacote.eu\/de\/applikatoren-karte\/bahrain\/\" \/>\n<meta property=\"og:site_name\" content=\"ThermaCote Europe\" \/>\n<meta property=\"article:publisher\" content=\"https:\/\/www.facebook.com\/ThermaCote.Europe\/?ref=br_rs\" \/>\n<meta property=\"article:modified_time\" content=\"2019-12-12T09:09:54+00:00\" \/>\n<meta property=\"og:image\" content=\"http:\/\/thermacote.eu\/wp-content\/uploads\/2019\/12\/Nanosol_Logo3_1554020038279.jpg\" \/>\n<meta name=\"twitter:card\" content=\"summary_large_image\" \/>\n<meta name=\"twitter:site\" content=\"@thermacotefr\" \/>\n<meta name=\"twitter:label1\" content=\"Gesch\u00e4tzte Lesezeit\">\n\t<meta name=\"twitter:data1\" content=\"1\u00a0Minute\">\n<script type=\"application\/ld+json\" class=\"yoast-schema-graph\">{\"@context\":\"https:\/\/schema.org\",\"@graph\":[{\"@type\":\"Organization\",\"@id\":\"https:\/\/thermacote.eu\/#organization\",\"name\":\"ThermaCote Europe\",\"url\":\"https:\/\/thermacote.eu\/\",\"sameAs\":[\"https:\/\/www.facebook.com\/ThermaCote.Europe\/?ref=br_rs\",\"https:\/\/www.linkedin.com\/company\/thermacote-europe\/\",\"https:\/\/twitter.com\/thermacotefr\"],\"logo\":{\"@type\":\"ImageObject\",\"@id\":\"https:\/\/thermacote.eu\/#logo\",\"inLanguage\":\"de\",\"url\":\"https:\/\/thermacote.eu\/wp-content\/uploads\/2019\/11\/logo-full.png\",\"width\":1535,\"height\":242,\"caption\":\"ThermaCote Europe\"},\"image\":{\"@id\":\"https:\/\/thermacote.eu\/#logo\"}},{\"@type\":\"WebSite\",\"@id\":\"https:\/\/thermacote.eu\/#website\",\"url\":\"https:\/\/thermacote.eu\/\",\"name\":\"ThermaCote Europe\",\"description\":\"ThermaCote Europe\",\"publisher\":{\"@id\":\"https:\/\/thermacote.eu\/#organization\"},\"potentialAction\":[{\"@type\":\"SearchAction\",\"target\":\"https:\/\/thermacote.eu\/?s={search_term_string}\",\"query-input\":\"required name=search_term_string\"}],\"inLanguage\":\"de\"},{\"@type\":\"ImageObject\",\"@id\":\"https:\/\/thermacote.eu\/de\/applikatoren-karte\/bahrain\/#primaryimage\",\"inLanguage\":\"de\",\"url\":\"http:\/\/thermacote.eu\/wp-content\/uploads\/2019\/12\/Nanosol_Logo3_1554020038279.jpg\"},{\"@type\":\"WebPage\",\"@id\":\"https:\/\/thermacote.eu\/de\/applikatoren-karte\/bahrain\/#webpage\",\"url\":\"https:\/\/thermacote.eu\/de\/applikatoren-karte\/bahrain\/\",\"name\":\"Bahrain | ThermaCote Europe\",\"isPartOf\":{\"@id\":\"https:\/\/thermacote.eu\/#website\"},\"primaryImageOfPage\":{\"@id\":\"https:\/\/thermacote.eu\/de\/applikatoren-karte\/bahrain\/#primaryimage\"},\"datePublished\":\"2019-12-12T09:09:52+00:00\",\"dateModified\":\"2019-12-12T09:09:54+00:00\",\"breadcrumb\":{\"@id\":\"https:\/\/thermacote.eu\/de\/applikatoren-karte\/bahrain\/#breadcrumb\"},\"inLanguage\":\"de\",\"potentialAction\":[{\"@type\":\"ReadAction\",\"target\":[\"https:\/\/thermacote.eu\/de\/applikatoren-karte\/bahrain\/\"]}]},{\"@type\":\"BreadcrumbList\",\"@id\":\"https:\/\/thermacote.eu\/de\/applikatoren-karte\/bahrain\/#breadcrumb\",\"itemListElement\":[{\"@type\":\"ListItem\",\"position\":1,\"item\":{\"@type\":\"WebPage\",\"@id\":\"https:\/\/thermacote.eu\/de\/\",\"url\":\"https:\/\/thermacote.eu\/de\/\",\"name\":\"Home\"}},{\"@type\":\"ListItem\",\"position\":2,\"item\":{\"@type\":\"WebPage\",\"@id\":\"https:\/\/thermacote.eu\/de\/applikatoren-karte\/\",\"url\":\"https:\/\/thermacote.eu\/de\/applikatoren-karte\/\",\"name\":\"Applikatoren Karte\"}},{\"@type\":\"ListItem\",\"position\":3,\"item\":{\"@type\":\"WebPage\",\"@id\":\"https:\/\/thermacote.eu\/de\/applikatoren-karte\/bahrain\/\",\"url\":\"https:\/\/thermacote.eu\/de\/applikatoren-karte\/bahrain\/\",\"name\":\"Bahrain\"}}]}]}<\/script>\n<!-- \/ Yoast SEO plugin. -->","meta_box":[],"_links":{"self":[{"href":"https:\/\/thermacote.eu\/de\/wp-json\/wp\/v2\/pages\/8806"}],"collection":[{"href":"https:\/\/thermacote.eu\/de\/wp-json\/wp\/v2\/pages"}],"about":[{"href":"https:\/\/thermacote.eu\/de\/wp-json\/wp\/v2\/types\/page"}],"author":[{"embeddable":true,"href":"https:\/\/thermacote.eu\/de\/wp-json\/wp\/v2\/users\/1"}],"replies":[{"embeddable":true,"href":"https:\/\/thermacote.eu\/de\/wp-json\/wp\/v2\/comments?post=8806"}],"version-history":[{"count":0,"href":"https:\/\/thermacote.eu\/de\/wp-json\/wp\/v2\/pages\/8806\/revisions"}],"up":[{"embeddable":true,"href":"https:\/\/thermacote.eu\/de\/wp-json\/wp\/v2\/pages\/9961"}],"wp:attachment":[{"href":"https:\/\/thermacote.eu\/de\/wp-json\/wp\/v2\/media?parent=8806"}],"curies":[{"name":"wp","href":"https:\/\/api.w.org\/{rel}","templated":true}]}}