{"id":8947,"date":"2019-12-12T09:10:58","date_gmt":"2019-12-12T09:10:58","guid":{"rendered":"http:\/\/thermacote.eu\/juridiske-naevner\/"},"modified":"2023-10-17T09:05:56","modified_gmt":"2023-10-17T09:05:56","slug":"juridiske-naevner","status":"publish","type":"page","link":"https:\/\/thermacote.eu\/da\/juridiske-naevner\/","title":{"rendered":"Juridiske n\u00e6vner"},"content":{"rendered":"\t\t<div data-elementor-type=\"wp-page\" data-elementor-id=\"8947\" class=\"elementor elementor-8947 elementor-100\" data-elementor-settings=\"[]\">\n\t\t\t\t\t\t<div class=\"elementor-inner\">\n\t\t\t\t\t\t\t<div class=\"elementor-section-wrap\">\n\t\t\t\t\t\t\t<section class=\"elementor-section elementor-top-section elementor-element elementor-element-594264c2 elementor-section-height-min-height elementor-section-boxed elementor-section-height-default elementor-section-items-middle\" data-id=\"594264c2\" data-element_type=\"section\" data-settings=\"{&quot;background_background&quot;:&quot;classic&quot;,&quot;shape_divider_bottom&quot;:&quot;tilt&quot;}\">\n\t\t\t\t\t\t\t<div class=\"elementor-background-overlay\"><\/div>\n\t\t\t\t\t\t<div class=\"elementor-shape elementor-shape-bottom\" data-negative=\"false\">\n\t\t\t<svg xmlns=\"http:\/\/www.w3.org\/2000\/svg\" viewBox=\"0 0 1000 100\" preserveAspectRatio=\"none\">\n\t<path class=\"elementor-shape-fill\" d=\"M0,6V0h1000v100L0,6z\"\/>\n<\/svg>\t\t<\/div>\n\t\t\t\t\t<div class=\"elementor-container elementor-column-gap-default\">\n\t\t\t\t\t\t\t<div class=\"elementor-row\">\n\t\t\t\t\t<div class=\"elementor-column elementor-col-100 elementor-top-column elementor-element elementor-element-5f700e0d\" data-id=\"5f700e0d\" data-element_type=\"column\">\n\t\t\t<div class=\"elementor-column-wrap elementor-element-populated\">\n\t\t\t\t\t\t\t<div class=\"elementor-widget-wrap\">\n\t\t\t\t\t\t<div class=\"elementor-element elementor-element-56b32b13 animated-fast elementor-invisible elementor-widget elementor-widget-heading\" data-id=\"56b32b13\" data-element_type=\"widget\" data-settings=\"{&quot;_animation&quot;:&quot;fadeInUp&quot;}\" data-widget_type=\"heading.default\">\n\t\t\t\t<div class=\"elementor-widget-container\">\n\t\t\t<h1 class=\"elementor-heading-title elementor-size-default\">Juridiske n\u00e6vner<\/h1>\t\t<\/div>\n\t\t\t\t<\/div>\n\t\t\t\t\t\t<\/div>\n\t\t\t\t\t<\/div>\n\t\t<\/div>\n\t\t\t\t\t\t\t\t<\/div>\n\t\t\t\t\t<\/div>\n\t\t<\/section>\n\t\t\t\t<section class=\"elementor-section elementor-top-section elementor-element elementor-element-50f0e1ce elementor-section-boxed elementor-section-height-default elementor-section-height-default\" data-id=\"50f0e1ce\" data-element_type=\"section\" data-settings=\"{&quot;background_background&quot;:&quot;classic&quot;,&quot;shape_divider_bottom&quot;:&quot;tilt&quot;}\">\n\t\t\t\t\t<div class=\"elementor-shape elementor-shape-bottom\" data-negative=\"false\">\n\t\t\t<svg xmlns=\"http:\/\/www.w3.org\/2000\/svg\" viewBox=\"0 0 1000 100\" preserveAspectRatio=\"none\">\n\t<path class=\"elementor-shape-fill\" d=\"M0,6V0h1000v100L0,6z\"\/>\n<\/svg>\t\t<\/div>\n\t\t\t\t\t<div class=\"elementor-container elementor-column-gap-default\">\n\t\t\t\t\t\t\t<div class=\"elementor-row\">\n\t\t\t\t\t<div class=\"elementor-column elementor-col-100 elementor-top-column elementor-element elementor-element-1ac8faa4\" data-id=\"1ac8faa4\" data-element_type=\"column\">\n\t\t\t<div class=\"elementor-column-wrap elementor-element-populated\">\n\t\t\t\t\t\t\t<div class=\"elementor-widget-wrap\">\n\t\t\t\t\t\t<section class=\"elementor-section elementor-inner-section elementor-element elementor-element-6de57516 animated-fast elementor-section-boxed elementor-section-height-default elementor-section-height-default elementor-invisible\" data-id=\"6de57516\" data-element_type=\"section\" data-settings=\"{&quot;background_background&quot;:&quot;classic&quot;,&quot;animation&quot;:&quot;fadeInUp&quot;}\">\n\t\t\t\t\t\t<div class=\"elementor-container elementor-column-gap-default\">\n\t\t\t\t\t\t\t<div class=\"elementor-row\">\n\t\t\t\t\t<div class=\"elementor-column elementor-col-100 elementor-inner-column elementor-element elementor-element-4410e7f9\" data-id=\"4410e7f9\" data-element_type=\"column\">\n\t\t\t<div class=\"elementor-column-wrap elementor-element-populated\">\n\t\t\t\t\t\t\t<div class=\"elementor-widget-wrap\">\n\t\t\t\t\t\t<div class=\"elementor-element elementor-element-222db01b elementor-widget elementor-widget-text-editor\" data-id=\"222db01b\" data-element_type=\"widget\" data-widget_type=\"text-editor.default\">\n\t\t\t\t<div class=\"elementor-widget-container\">\n\t\t\t\t\t<div class=\"elementor-text-editor elementor-clearfix\"><article><h2>ThermaCote Frankrig<\/h2><p>La Soci\u00e9t\u00e9 ThermaCote France Est Une SAS AU Capital de 10 000 \u20ac<\/p><p>RCS Vannes: 78919817300021\/N \u00b0 TVA: FR04789198173<\/p><p>Si\u00e8ge social: 6Bis All\u00e9e du Dolmen \u2013 56000 VANNES \u2013 Frankrig<\/p><p>Kontakt: T\u00e9l: 01 60 86 48 70\/contact@thermacote.eu<\/p><p>Responsabilit\u00e9 \u00e9ditoriale du site: Pierre ELIN<\/p><\/article><article><h2>H\u00e9bergement OVH<\/h2><p>Le site peinture-isolante.eu Est h\u00e9berg\u00e9 par La Soci\u00e9t\u00e9 OVH:<\/p><p>La Soci\u00e9t\u00e9 OVH Est Une SAS AU Capital de 10 000 000 \u20ac<\/p><p>RCS Roubaix \u2013 Tourcoing 424 761 419 00045<\/p><p>Kode APE 6202A<\/p><p>N \u00b0 TVA: FR 22 424 761 419<\/p><p>Si\u00e8ge social: 2 Rue Kellermann \u2013 59100 Roubaix \u2013 Frankrig.<\/p><\/article><article><h2>Propri\u00e9t\u00e9 intellectuelle<\/h2><p>La Structure G\u00e9n\u00e9rale du site www.thermacote.EU, majczyna que Les textes, graphiques, billeder, Sons et vid\u00e9os La composant, sont La Propri\u00e9t\u00e9 de l&#8217;\u00e9diteur ou de ses partenaires.<\/p><p>Toute repr\u00e9sentation et\/ou reproduktion et\/ou udnyttelse Mer ou totale des contenus et Services forslag par Le site www.thermacote.EU, par quelque part proc\u00e9d\u00e9 que CE soit, sans l&#8217;autorisation pr\u00e9alable et par \u00e9crit de thermacote France et\/ou de ses partenaires Est strictement interdite et serait modtagelig de constituer Une contrefa\u00e7on AU Sens des artikler l 335-2 et suivants du code de la Propri\u00e9t\u00e9 intellectuelle.<\/p><p>La marque \u00abThermaCote\u00ae\u00bb, Est Une Marques d\u00e9pos\u00e9e par THERMACOTE Inc. et Son partenaire THERMACOTE Frankrig.<\/p><p>Toute repr\u00e9sentation et\/ou reproduktion et\/ou udnyttelse Mer ou totale de CES Marques, de quelque part Nature que CE soit, Est totalement prohib\u00e9e.<\/p><\/article><article><h2>Les cookies<\/h2><p>CE site Internet udnytter des cookies.<\/p><p>Les cookies du site ne contiennent Pas de donn\u00e9es permettant de vous id personnellement.<\/p><p>Nous vous informons que vous pouvez vous opposer \u00e0 l&#8217;Enregistrement de CES \u00abcookies\u00bb en utilisant Une option de Configuration de votre navigateur.<\/p><\/article><article><h2>Liens vers d&#8217;autre sites<\/h2><p>Le site www.thermacote.EU Est modtagelig de contenir des panterettigheder vers d&#8217;autres sites web, notamment Les sites des partenaires de thermacote Frankrig. La mise en Place de CES panterettigheder a fait l&#8217;Objet d&#8217;une autorisation pr\u00e9alable et expresse. L&#8217;eksistens de CES panterettigheder n&#8217;implique Aucun contr\u00f4le ni Aucune godkendelse par thermacote France de Leur contenu.<\/p><p>En cons\u00e9quence, thermacote France ne pourra en Aucun CAS \u00eatre Tenue ansvarlig du angir des sites, auxquels Les utilisateurs de www.thermacote.EU auraient acc\u00e8s, par Le biais de CES Liens. Toute Cr\u00e9ation de Lien vers Le site www.thermacote.eu Est soumise \u00e0 l&#8217;autorisation pr\u00e9alable et expresse de THERMACOTE Frankrig.<\/p><p>Cette autorisation pourra \u00e0 tout moment \u00eatre retir\u00e9e par thermacote Frankrig, sans que Cette Derni\u00e8re AIT \u00e0 retf\u00e6rdig SA Decision de Retrait.<\/p><\/article><article><h2>Fonctionnement du site<\/h2><p>Le site Internet de la Soci\u00e9t\u00e9 THERMACOTE France Est normement tilg\u00e6ngelig 24h\/24h et 7 jours\/7. En CAS de force majeure, de vanskelit\u00e9s informatiques, de vanskelit\u00e9s li\u00e9es \u00e0 la structure des r\u00e9seaux de t\u00e9l\u00e9communications ou vanskelit\u00e9s teknikker, pour des Raisons de Maintenance, sans que Cette liste ne soit udt\u00f8mmende, l&#8217;acc\u00e8s \u00e0 tout ou Partie du site pourra \u00eatre suspendu ou supprim\u00e9 sur simple Decision de la Soci\u00e9t\u00e9 thermacote Frankrig.<\/p><p>Pour des Raisons de Maintenance, et\/ou pour Toute autre Decision de la Soci\u00e9t\u00e9 thermacote France, l&#8217;acc\u00e8s au site Internet pourra \u00eatre interrompu. Le site Internet Est modtagelige de modifikation et d&#8217;\u00e9volutions sans anmeldelse d&#8217;aucune sorte.<\/p><p>L&#8217;utilisateur reconna\u00eet disponser de la comp\u00e9tence et des moyens Scientifiques pour acc\u00e9der et utiliser Le site de thermacote Frankrig. Il reconna\u00eet skatte v\u00e9rifi\u00e9 que la Configuration Informatique qu&#8217;il udnytte ne contient Aucun virus et qu&#8217;elle Est en parfait \u00c9tat de fonctionnement.<\/p><p>En Aucun CAS, La Soci\u00e9t\u00e9 thermacote France ne sera Tenue ansvarlig des dommages instruerer, indirigerer ou sp\u00e9ciaux, r\u00e9sultant de l&#8217;udnyttelses du site www.thermacote.EU ou d&#8217;autres sites Qui Lui sont li\u00e9s et, notamment, de tout forbehold financier, Commercial, perte de programmer ou de donn\u00e9es dans Le Syst\u00e8me d&#8217;Information de l&#8217;utilisateur.<\/p><p>THERMACOTE France vous remercie de Lui faire del d&#8217;\u00e9ventuelles requ\u00eates, udeladelser, erreurs, ou rettelser en adressant un mail AU webmaster du site Internet \u00e0 L&#8217;Adresse suivante contact@thermacote.eu<\/p><\/article><\/div>\n\t\t\t\t<\/div>\n\t\t\t\t<\/div>\n\t\t\t\t\t\t<\/div>\n\t\t\t\t\t<\/div>\n\t\t<\/div>\n\t\t\t\t\t\t\t\t<\/div>\n\t\t\t\t\t<\/div>\n\t\t<\/section>\n\t\t\t\t\t\t<\/div>\n\t\t\t\t\t<\/div>\n\t\t<\/div>\n\t\t\t\t\t\t\t\t<\/div>\n\t\t\t\t\t<\/div>\n\t\t<\/section>\n\t\t\t\t\t\t<\/div>\n\t\t\t\t\t\t<\/div>\n\t\t\t\t\t<\/div>\n\t\t","protected":false},"excerpt":{"rendered":"<p>Juridiske n\u00e6vner ThermaCote Frankrig La Soci\u00e9t\u00e9 ThermaCote France Est Une SAS AU Capital de 10 000 \u20ac RCS Vannes: 78919817300021\/N \u00b0 TVA: FR04789198173 Si\u00e8ge social: 6Bis All\u00e9e du Dolmen \u2013 56000 VANNES \u2013 Frankrig Kontakt: T\u00e9l: 01 60 86 48 70\/contact@thermacote.eu Responsabilit\u00e9 \u00e9ditoriale du site: Pierre ELIN H\u00e9bergement OVH Le site peinture-isolante.eu Est h\u00e9berg\u00e9 par [&hellip;]<\/p>\n","protected":false},"author":1,"featured_media":0,"parent":0,"menu_order":0,"comment_status":"closed","ping_status":"closed","template":"","meta":[],"yoast_head":"<!-- This site is optimized with the Yoast SEO plugin v15.9.1 - https:\/\/yoast.com\/wordpress\/plugins\/seo\/ -->\n<title>Juridiske n\u00e6vner | ThermaCote Europe<\/title>\n<link rel=\"canonical\" href=\"https:\/\/thermacote.eu\/da\/juridiske-naevner\/\" \/>\n<meta property=\"og:locale\" content=\"da_DK\" \/>\n<meta property=\"og:type\" content=\"article\" \/>\n<meta property=\"og:title\" content=\"Juridiske n\u00e6vner | ThermaCote Europe\" \/>\n<meta property=\"og:description\" content=\"Juridiske n\u00e6vner ThermaCote Frankrig La Soci\u00e9t\u00e9 ThermaCote France Est Une SAS AU Capital de 10 000 \u20ac RCS Vannes: 78919817300021\/N \u00b0 TVA: FR04789198173 Si\u00e8ge social: 6Bis All\u00e9e du Dolmen \u2013 56000 VANNES \u2013 Frankrig Kontakt: T\u00e9l: 01 60 86 48 70\/contact@thermacote.eu Responsabilit\u00e9 \u00e9ditoriale du site: Pierre ELIN H\u00e9bergement OVH Le site peinture-isolante.eu Est h\u00e9berg\u00e9 par [&hellip;]\" \/>\n<meta property=\"og:url\" content=\"https:\/\/thermacote.eu\/da\/juridiske-naevner\/\" \/>\n<meta property=\"og:site_name\" content=\"ThermaCote Europe\" \/>\n<meta property=\"article:publisher\" content=\"https:\/\/www.facebook.com\/ThermaCote.Europe\/?ref=br_rs\" \/>\n<meta property=\"article:modified_time\" content=\"2023-10-17T09:05:56+00:00\" \/>\n<meta name=\"twitter:card\" content=\"summary_large_image\" \/>\n<meta name=\"twitter:site\" content=\"@thermacotefr\" \/>\n<meta name=\"twitter:label1\" content=\"Estimeret l\u00e6setid\">\n\t<meta name=\"twitter:data1\" content=\"3 minutter\">\n<script type=\"application\/ld+json\" class=\"yoast-schema-graph\">{\"@context\":\"https:\/\/schema.org\",\"@graph\":[{\"@type\":\"Organization\",\"@id\":\"https:\/\/thermacote.eu\/#organization\",\"name\":\"ThermaCote Europe\",\"url\":\"https:\/\/thermacote.eu\/\",\"sameAs\":[\"https:\/\/www.facebook.com\/ThermaCote.Europe\/?ref=br_rs\",\"https:\/\/www.linkedin.com\/company\/thermacote-europe\/\",\"https:\/\/twitter.com\/thermacotefr\"],\"logo\":{\"@type\":\"ImageObject\",\"@id\":\"https:\/\/thermacote.eu\/#logo\",\"inLanguage\":\"da-DK\",\"url\":\"https:\/\/thermacote.eu\/wp-content\/uploads\/2019\/11\/logo-full.png\",\"width\":1535,\"height\":242,\"caption\":\"ThermaCote Europe\"},\"image\":{\"@id\":\"https:\/\/thermacote.eu\/#logo\"}},{\"@type\":\"WebSite\",\"@id\":\"https:\/\/thermacote.eu\/#website\",\"url\":\"https:\/\/thermacote.eu\/\",\"name\":\"ThermaCote Europe\",\"description\":\"ThermaCote Europe\",\"publisher\":{\"@id\":\"https:\/\/thermacote.eu\/#organization\"},\"potentialAction\":[{\"@type\":\"SearchAction\",\"target\":\"https:\/\/thermacote.eu\/?s={search_term_string}\",\"query-input\":\"required name=search_term_string\"}],\"inLanguage\":\"da-DK\"},{\"@type\":\"WebPage\",\"@id\":\"https:\/\/thermacote.eu\/da\/juridiske-naevner\/#webpage\",\"url\":\"https:\/\/thermacote.eu\/da\/juridiske-naevner\/\",\"name\":\"Juridiske n\\u00e6vner | ThermaCote Europe\",\"isPartOf\":{\"@id\":\"https:\/\/thermacote.eu\/#website\"},\"datePublished\":\"2019-12-12T09:10:58+00:00\",\"dateModified\":\"2023-10-17T09:05:56+00:00\",\"breadcrumb\":{\"@id\":\"https:\/\/thermacote.eu\/da\/juridiske-naevner\/#breadcrumb\"},\"inLanguage\":\"da-DK\",\"potentialAction\":[{\"@type\":\"ReadAction\",\"target\":[\"https:\/\/thermacote.eu\/da\/juridiske-naevner\/\"]}]},{\"@type\":\"BreadcrumbList\",\"@id\":\"https:\/\/thermacote.eu\/da\/juridiske-naevner\/#breadcrumb\",\"itemListElement\":[{\"@type\":\"ListItem\",\"position\":1,\"item\":{\"@type\":\"WebPage\",\"@id\":\"https:\/\/thermacote.eu\/da\/\",\"url\":\"https:\/\/thermacote.eu\/da\/\",\"name\":\"Home\"}},{\"@type\":\"ListItem\",\"position\":2,\"item\":{\"@type\":\"WebPage\",\"@id\":\"https:\/\/thermacote.eu\/da\/juridiske-naevner\/\",\"url\":\"https:\/\/thermacote.eu\/da\/juridiske-naevner\/\",\"name\":\"Juridiske n\\u00e6vner\"}}]}]}<\/script>\n<!-- \/ Yoast SEO plugin. -->","meta_box":[],"_links":{"self":[{"href":"https:\/\/thermacote.eu\/da\/wp-json\/wp\/v2\/pages\/8947"}],"collection":[{"href":"https:\/\/thermacote.eu\/da\/wp-json\/wp\/v2\/pages"}],"about":[{"href":"https:\/\/thermacote.eu\/da\/wp-json\/wp\/v2\/types\/page"}],"author":[{"embeddable":true,"href":"https:\/\/thermacote.eu\/da\/wp-json\/wp\/v2\/users\/1"}],"replies":[{"embeddable":true,"href":"https:\/\/thermacote.eu\/da\/wp-json\/wp\/v2\/comments?post=8947"}],"version-history":[{"count":0,"href":"https:\/\/thermacote.eu\/da\/wp-json\/wp\/v2\/pages\/8947\/revisions"}],"wp:attachment":[{"href":"https:\/\/thermacote.eu\/da\/wp-json\/wp\/v2\/media?parent=8947"}],"curies":[{"name":"wp","href":"https:\/\/api.w.org\/{rel}","templated":true}]}}